  {"id":7510,"date":"2022-08-17T14:04:41","date_gmt":"2022-08-17T19:04:37","guid":{"rendered":"https:\/\/uwm.edu\/world-languages-cultures\/?page_id=7510"},"modified":"2025-10-15T08:25:09","modified_gmt":"2025-10-15T13:25:09","slug":"christiane-taubira","status":"publish","type":"page","link":"https:\/\/uwm.edu\/world-languages-cultures\/christiane-taubira\/","title":{"rendered":"Christiane Taubira"},"content":{"rendered":"\n<div class=\"uwm-l-row\">\n<div class=\"uwm-l-col uwm-l-col--4\">\n<figure class=\"alignleft uwm-c-img--left\"><img loading=\"lazy\" decoding=\"async\" width=\"300\" height=\"350\" src=\"https:\/\/uwm.edu\/world-languages-cultures\/wp-content\/uploads\/sites\/468\/2022\/10\/Christiane-Taubiri_300x350.jpg\" alt=\"Christiane Taubiri headshot\" class=\"wp-image-7513\" srcset=\"https:\/\/uwm.edu\/world-languages-cultures\/wp-content\/uploads\/sites\/468\/2022\/10\/Christiane-Taubiri_300x350.jpg 300w, https:\/\/uwm.edu\/world-languages-cultures\/wp-content\/uploads\/sites\/468\/2022\/10\/Christiane-Taubiri_300x350-257x300.jpg 257w\" sizes=\"auto, (max-width: 300px) 100vw, 300px\" \/><figcaption>French Minister of Justice, 2012-2016&nbsp;&nbsp;<br>President, Jos\u00e9 Bonif\u00e1cio Chair, Universidade de S\u00e3o Paulo, Brazil, 2024-25<\/figcaption><\/figure>\n<\/div>\n\n\n\n<div class=\"uwm-l-col uwm-l-col--8\">\n<h2 class=\"wp-block-heading size-h3\" id=\"h-2016-2025-uwm-honorary-professor\">2016\u20132025 51ÁÔÆæ Honorary Professor<\/h2>\n\n\n\n<ul class=\"wp-block-list\">\n<li>Global Studies<\/li>\n\n\n\n<li>Research Fellow, CLACS &amp; the Master of Sustainable Peacebuilding Program<\/li>\n<\/ul>\n\n\n\n<p><a href=\"https:\/\/uwm.edu\/news\/former-french-justice-minister-receives-honorary-degree\/\">51ÁÔÆæ Honorary Doctorate<\/a> in Laws and Human Rights, January 30, 2016<\/p>\n\n\n\n<h2 class=\"wp-block-heading wp-embed-aspect-16-9 wp-has-aspect-ratio size-h3\"><strong>Talks:<\/strong><\/h2>\n\n\n\n<ul class=\"wp-block-list wp-embed-aspect-16-9 wp-has-aspect-ratio\">\n<li>&#8220;<a href=\"https:\/\/constitutioncenter.org\/news-debate\/americas-town-hall-programs\/democracy-in-france-and-america-with-justice-stephen-breyer-and-minister-christiane-taubira\">Democracy in France and America: French and American Perspectives<\/a>&#8221; with Justice Stephen Breyer and Minister Christiane Taubira, National Constitution Center, Philadelphia, May 15, 2025<\/li>\n\n\n\n<li>&#8220;<a href=\"https:\/\/www.youtube.com\/watch?v=SXPIqQC1jiI\">D\u00e9mocraties et populisme<\/a>,&#8221; Universit\u00e9 de Gen\u00e8ve, Switzerland, Oct 1, 2019<\/li>\n\n\n\n<li>&#8220;<a href=\"https:\/\/youtu.be\/-pqAL5AxRA4\">When Words and Images Matter: Challenges to our time<\/a>,&#8221; \u2013\u00a0A Conversation with Christiane Taubira and Raoul Peck, 51ÁÔÆæ, Oct 27, 2017<\/li>\n\n\n\n<li>\u201c<a href=\"https:\/\/nam02.safelinks.protection.outlook.com\/?url=https%3A%2F%2Fwww.youtube.com%2Fwatch%3Fv%3D0O3INCcmpZ8&amp;data=05%7C02%7Ctotty%40uwm.edu%7Cd20193e5c4ac4a0d58ca08dd9d54cbb7%7C0bca7ac3fcb64efd89eb6de97603cf21%7C0%7C0%7C638839709696621721%7CUnknown%7CTWFpbGZsb3d8eyJFbXB0eU1hcGkiOnRydWUsIlYiOiIwLjAuMDAwMCIsIlAiOiJXaW4zMiIsIkFOIjoiTWFpbCIsIldUIjoyfQ%3D%3D%7C0%7C%7C%7C&amp;sdata=Jf%2BP7Z5E1BGVyiStblM0swHhk9SrvFQDGhAFvMcEUCk%3D&amp;reserved=0\">Justice in service of Equality<\/a>,\u201d Mariane Midwest Series,\u00a0International House, University of Chicago, Oct 10, 2016<\/li>\n\n\n\n<li>Closing Plenary: &#8220;<a href=\"https:\/\/nam02.safelinks.protection.outlook.com\/?url=https%3A%2F%2Fwww.youtube.com%2Fwatch%3Fv%3D-9CH5_aYEg8%26list%3DPLDOJzW5pd8xyTxiEMWeUrcGwGzc18Ylux%26index%3D4&amp;data=05%7C02%7Ctotty%40uwm.edu%7Cd20193e5c4ac4a0d58ca08dd9d54cbb7%7C0bca7ac3fcb64efd89eb6de97603cf21%7C0%7C0%7C638839709696635091%7CUnknown%7CTWFpbGZsb3d8eyJFbXB0eU1hcGkiOnRydWUsIlYiOiIwLjAuMDAwMCIsIlAiOiJXaW4zMiIsIkFOIjoiTWFpbCIsIldUIjoyfQ%3D%3D%7C0%7C%7C%7C&amp;sdata=xHCZUQD5ENxpKxupmUNB06uBkNUJwujGUVst4V7j%2F8Y%3D&amp;reserved=0\">Black Scholars for Black Lives\u2013A Conversation about Scholar-Activism<\/a>,&#8221;\u00a0At the Crossroads: Imagining America Conference, 51ÁÔÆæ, Oct 5-8, 2016<\/li>\n\n\n\n<li>2016 Kennan Distinguished Lecture: &#8220;Citizenship and Identity in the 21st Century,&#8221; Institute of World Affairs, 51ÁÔÆæ, Oct. 6, 2016<\/li>\n<\/ul>\n\n\n\n<h2 class=\"wp-block-heading wp-embed-aspect-16-9 wp-has-aspect-ratio size-h3\"><strong>Publications:<\/strong><\/h2>\n\n\n\n<ul class=\"wp-block-list wp-embed-aspect-16-9 wp-has-aspect-ratio\">\n<li><em>Frivolit\u00e9s<\/em>. Paris: \u00c9ds. Robert Laffont, 2023.<\/li>\n\n\n\n<li><em>Ces morceaux de vie\u2026 comme carreaux cass\u00e9s<\/em>, Paris, Robert Laffont, 2021.<\/li>\n\n\n\n<li><em>Gran Balan<\/em>. Paris, Plon, 2020.<\/li>\n\n\n\n<li><em>Nuit d\u2019\u00e9pine<\/em>, Paris, Plon, 2019 [<a href=\"https:\/\/www.youtube.com\/watch?v=Kaeo59_rNV8\">see Ch. Taubira talking about it on France Inter Sept 26, 2019 here<\/a>&nbsp;and on&nbsp;<a href=\"https:\/\/www.youtube.com\/watch?v=ae9vrnCFHV8\">Clique (4 Oct 2019) here<\/a>]<\/li>\n\n\n\n<li><em>Baroque sarabande<\/em>,&nbsp;\u00c9ditions&nbsp;Philippe Rey, 2018.&nbsp; [<a href=\"https:\/\/www.france.tv\/france-5\/la-grande-librairie\/saison-10\/469763-la-grande-librairie.html\">see Ch. Taubira talking about it<\/a>]<\/li>\n\n\n\n<li><em>Nous habitons la Terre, &nbsp;Paris:&nbsp;<\/em>Editions Philippe Rey, fev. 2017 [Read about it&nbsp;<a href=\"http:\/\/www.huffingtonpost.fr\/christiane-taubira\/extremes-humanisme-politique\/?utm_hp_ref=fr-homepage\">here<\/a>.]<\/li>\n\n\n\n<li><em>Murmures \u00e0 la jeunesse,\u00a0<\/em>Pr\u00e9face in\u00e9dite\u201cParoles d\u2019une femme libre,\u201d Librairies Arth\u00e8me\/Pluriel, 2017.<\/li>\n\n\n\n<li><em>Murmures \u00e0 la jeunesse<\/em>, \u00c9ditions Philippe Rey, 2016<\/li>\n\n\n\n<li><em>Paroles de libert\u00e9<\/em>&nbsp;(\u201cWords of Freedom\u201d), Paris, Flammarion, coll. \u201cCaf\u00e9 Voltaire\u201d, 2014<\/li>\n\n\n\n<li><em>Mes m\u00e9t\u00e9ores&nbsp;: combats politiques au long cours,&nbsp;<\/em>Paris, Flammarion, 2012<\/li>\n\n\n\n<li><em>\u00c9galit\u00e9 pour les exclus&nbsp;: le politique face \u00e0 l\u2019histoire et \u00e0 la m\u00e9moire coloniales<\/em>, Paris, Temps Pr\u00e9sent, 2009<\/li>\n\n\n\n<li><em>Rendez-vous avec la R\u00e9publique<\/em>&nbsp;(\u201cMeeting with the Republic\u201d), Paris, La D\u00e9couverte, coll. \u00ab&nbsp;Cahiers libres&nbsp;\u00bb, 2006<\/li>\n\n\n\n<li><em>Codes noirs&nbsp;: de l\u2019esclavage aux abolitions<\/em>, Paris, Dalloz, coll. \u00ab&nbsp;A savoir&nbsp;\u00bb, 2006&nbsp;(introduction).<\/li>\n\n\n\n<li><em>L\u2019Esclavage racont\u00e9 \u00e0 ma fille<\/em>\u00a0(\u201cSlavery explained to my daughter\u201d), Paris, Bibliophane, coll. \u00ab\u00a0Les mots \u00e0 coeur\u00a0\u00bb, 2002 .<\/li>\n<\/ul>\n\n\n\n<h3 class=\"wp-block-heading wp-embed-aspect-16-9 wp-has-aspect-ratio\">Congratulations to Mme. Christiane Taubira on being awarded: <\/h3>\n\n\n\n<figure class=\"alignright uwm-c-img--right wp-embed-aspect-16-9 wp-has-aspect-ratio\"><img loading=\"lazy\" decoding=\"async\" width=\"400\" height=\"400\" src=\"https:\/\/uwm.edu\/world-languages-cultures\/wp-content\/uploads\/sites\/468\/2022\/08\/Christiane-Taubira-and-person_400x400.jpg\" alt=\"Christian Taubira\" class=\"wp-image-7603\" srcset=\"https:\/\/uwm.edu\/world-languages-cultures\/wp-content\/uploads\/sites\/468\/2022\/08\/Christiane-Taubira-and-person_400x400.jpg 400w, https:\/\/uwm.edu\/world-languages-cultures\/wp-content\/uploads\/sites\/468\/2022\/08\/Christiane-Taubira-and-person_400x400-300x300.jpg 300w, https:\/\/uwm.edu\/world-languages-cultures\/wp-content\/uploads\/sites\/468\/2022\/08\/Christiane-Taubira-and-person_400x400-150x150.jpg 150w\" sizes=\"auto, (max-width: 400px) 100vw, 400px\" \/><\/figure>\n\n\n\n<ul class=\"wp-block-list wp-embed-aspect-16-9 wp-has-aspect-ratio\">\n<li><strong>the following Doctorates:<\/strong>\n<ul class=\"wp-block-list\">\n<li>Doctorate Honoris Causa, Universit\u00e9 libre de Bruxelles, Belgium (April 26, 2018)<\/li>\n\n\n\n<li>Doctorate Honoris Causa,&nbsp; Universit\u00e9 de Gen\u00e8ve, Switzerland (October 9, 2020)<\/li>\n<\/ul>\n<\/li>\n<\/ul>\n\n\n\n<ul class=\"wp-block-list wp-embed-aspect-16-9 wp-has-aspect-ratio\">\n<li><strong>the following awards:<\/strong>\n<ul class=\"wp-block-list\">\n<li>Prix Laurent-Mc Cutcheon 2019, Fondation \u00c9mergence, Montreal, Canada (May 23, 2019)<\/li>\n\n\n\n<li>Tolerantia Awards 2018, European Alliance against Homophobia, Paris, France (October 5, 2018)<\/li>\n<\/ul>\n<\/li>\n<\/ul>\n\n\n\n<ul class=\"wp-block-list wp-embed-aspect-16-9 wp-has-aspect-ratio\">\n<li><strong>the following prizes:<\/strong>\n<ul class=\"wp-block-list\">\n<li>Prix litt\u00e9raire Anthony-Atkinson pour l\u2019\u00e9galit\u00e9 for&nbsp;<em>L\u2019esclavage racont\u00e9 \u00e0 ma fille&nbsp;<\/em>(November 17 2020)<\/li>\n\n\n\n<li>Prix Litt\u00e9raire Fetkann ! Maryse Cond\u00e9 2019 \u2013 cat\u00e9gorie M\u00e9moire \u2013 for&nbsp;<em>Nuit d\u2019\u00e9pine&nbsp;<\/em>(November 21, 2019)<\/li>\n\n\n\n<li>Prix International des Droits de l\u2019Homme,&nbsp;<em>Revue trimestrielle des Droits de l\u2019Homme<\/em>&nbsp;for her essay&nbsp;<em>Nous habitons la terre<\/em>, Brussels, Belgium (December 10, 2017)<\/li>\n<\/ul>\n<\/li>\n<\/ul>\n\n\n\n<p class=\"wp-embed-aspect-16-9 wp-has-aspect-ratio\">since UW Milwaukee awarded her a Doctorate Honoris Causa (January 30, 2016)<\/p>\n\n\n\n<hr class=\"has-alpha-channel-opacity wp-embed-aspect-16-9 wp-has-aspect-ratio\" \/>\n\n\n\n<h2 class=\"wp-block-heading wp-embed-aspect-16-9 wp-has-aspect-ratio size-h3\" id=\"awards\">Awards Ceremony Honoring Christiane Taubira<\/h2>\n\n\n\n<p class=\"wp-embed-aspect-16-9 wp-has-aspect-ratio\">The French program is proud to have organized this event, along with the dedicated and professional staff at the American Geographical Society Library. The ceremony&nbsp;featured welcoming comments by Chancellor Mark Mone (who also presented the diploma), an eloquent introduction by Provost Johannes Britz, the hooding by Dean of the College of Letters and Science Rodney Swain, Music by the Chevalier de St. Georges, performed by Professor Bernard Zinck (Peck School of the Arts) and 3 outstanding students, and, finally, a moving oratory from Madame Taubira.<\/p>\n\n\n\n<figure class=\"wp-block-embed is-type-video is-provider-youtube wp-block-embed-youtube wp-embed-aspect-16-9 wp-has-aspect-ratio\"><div class=\"wp-block-embed__wrapper\">\n<iframe loading=\"lazy\" title=\"Christiane Taubira receives 51ÁÔÆæ honorary doctorate in laws and human rights\" width=\"1400\" height=\"788\" src=\"https:\/\/www.youtube.com\/embed\/YpHXdvxyTnw?feature=oembed\" frameborder=\"0\" allow=\"accelerometer; autoplay; clipboard-write; encrypted-media; gyroscope; picture-in-picture; web-share\" referrerpolicy=\"strict-origin-when-cross-origin\" allowfullscreen><\/iframe>\n<\/div><figcaption class=\"wp-element-caption\">Awards ceremony honoring Christiane Taubira with a Doctorate in Laws and Human Rights.<\/figcaption><\/figure>\n\n\n\n<p class=\"wp-embed-aspect-16-9 wp-has-aspect-ratio\"><a href=\"https:\/\/uwm.edu\/news\/former-french-justice-minister-receives-honorary-degree\/\">Read more on the 51ÁÔÆæ Report website.<\/a><\/p>\n\n\n\n<h3 class=\"wp-block-heading wp-embed-aspect-16-9 wp-has-aspect-ratio\">When Words and Images Matter: Challenges to our Time<\/h3>\n\n\n\n<figure class=\"wp-block-embed is-type-video is-provider-youtube wp-block-embed-youtube wp-embed-aspect-16-9 wp-has-aspect-ratio\"><div class=\"wp-block-embed__wrapper\">\n<iframe loading=\"lazy\" title=\"When Words and Images Matter: Christiane Taubira &amp; Raoul Peck\" width=\"1400\" height=\"788\" src=\"https:\/\/www.youtube.com\/embed\/-pqAL5AxRA4?feature=oembed\" frameborder=\"0\" allow=\"accelerometer; autoplay; clipboard-write; encrypted-media; gyroscope; picture-in-picture; web-share\" referrerpolicy=\"strict-origin-when-cross-origin\" allowfullscreen><\/iframe>\n<\/div><figcaption class=\"wp-element-caption\"><em>A Conversation with Christiane Taubira &amp; Raoul Peck<\/em>. 51ÁÔÆæ,&nbsp;Oct.&nbsp;27,&nbsp;2017<\/figcaption><\/figure>\n\n\n\n<p class=\"wp-embed-aspect-16-9 wp-has-aspect-ratio\">For Former French Minister of Justice Christiane Taubira and award-winning film director and writer Raoul Peck, words and images matter for how they frame and cast the storied that determined and promulgated the systematic inequalities and injustices that divide and challenge our societies today. Their conversation continues the discussion about present day legacies of slavery, racial discrimination, and hegemonic power relations raised by Peck\u2019s documentary, \u201cI Am Not Your Negro.\u201d<\/p>\n\n\n\n<p class=\"wp-embed-aspect-16-9 wp-has-aspect-ratio\"><em>Transcription and Translation by Paula Loubier<\/em><br><em>Captions by Marvin Guire<\/em><\/p>\n<\/div>\n<\/div>\n\n\n\n<p><a href=\"https:\/\/uwm.edu\/french\/wp-content\/uploads\/sites\/207\/2013\/10\/IMG_3482-e1454273620934.jpg\"><em><\/em><\/a><\/p>\n","protected":false},"excerpt":{"rendered":"","protected":false},"author":1272,"featured_media":0,"parent":0,"menu_order":9,"comment_status":"closed","ping_status":"closed","template":"templates\/centered.php","meta":{"_acf_changed":false,"footnotes":"","uwm_wg_additional_authors":[]},"class_list":["post-7510","page","type-page","status-publish","hentry"],"yoast_head":"<!-- This site is optimized with the Yoast SEO Premium plugin v27.3 (Yoast SEO v27.3) - https:\/\/yoast.com\/product\/yoast-seo-premium-wordpress\/ -->\n<title>World Languages &amp; Cultures<\/title>\n<meta name=\"robots\" content=\"index, follow, max-snippet:-1, max-image-preview:large, max-video-preview:-1\" \/>\n<link rel=\"canonical\" href=\"https:\/\/uwm.edu\/world-languages-cultures\/christiane-taubira\/\" \/>\n<meta property=\"og:locale\" content=\"en_US\" \/>\n<meta property=\"og:type\" content=\"article\" \/>\n<meta property=\"og:title\" content=\"Christiane Taubira\" \/>\n<meta property=\"og:url\" content=\"https:\/\/uwm.edu\/world-languages-cultures\/christiane-taubira\/\" \/>\n<meta property=\"og:site_name\" content=\"World Languages &amp; Cultures\" \/>\n<meta property=\"article:modified_time\" content=\"2025-10-15T13:25:09+00:00\" \/>\n<meta property=\"og:image\" content=\"https:\/\/uwm.edu\/world-languages-cultures\/wp-content\/uploads\/sites\/468\/2022\/10\/Christiane-Taubiri_300x350.jpg\" \/>\n\t<meta property=\"og:image:width\" content=\"300\" \/>\n\t<meta property=\"og:image:height\" content=\"350\" \/>\n\t<meta property=\"og:image:type\" content=\"image\/jpeg\" \/>\n<meta name=\"twitter:card\" content=\"summary_large_image\" \/>\n<meta name=\"twitter:label1\" content=\"Est. reading time\" \/>\n\t<meta name=\"twitter:data1\" content=\"4 minutes\" \/>\n<script type=\"application\/ld+json\" class=\"yoast-schema-graph\">{\"@context\":\"https:\\\/\\\/schema.org\",\"@graph\":[{\"@type\":\"WebPage\",\"@id\":\"https:\\\/\\\/uwm.edu\\\/world-languages-cultures\\\/christiane-taubira\\\/\",\"url\":\"https:\\\/\\\/uwm.edu\\\/world-languages-cultures\\\/christiane-taubira\\\/\",\"name\":\"Christiane Taubira - World Languages &amp; Cultures\",\"isPartOf\":{\"@id\":\"https:\\\/\\\/uwm.edu\\\/world-languages-cultures\\\/#website\"},\"primaryImageOfPage\":{\"@id\":\"https:\\\/\\\/uwm.edu\\\/world-languages-cultures\\\/christiane-taubira\\\/#primaryimage\"},\"image\":{\"@id\":\"https:\\\/\\\/uwm.edu\\\/world-languages-cultures\\\/christiane-taubira\\\/#primaryimage\"},\"thumbnailUrl\":\"https:\\\/\\\/uwm.edu\\\/world-languages-cultures\\\/wp-content\\\/uploads\\\/sites\\\/468\\\/2022\\\/10\\\/Christiane-Taubiri_300x350.jpg\",\"datePublished\":\"2022-08-17T19:04:37+00:00\",\"dateModified\":\"2025-10-15T13:25:09+00:00\",\"breadcrumb\":{\"@id\":\"https:\\\/\\\/uwm.edu\\\/world-languages-cultures\\\/christiane-taubira\\\/#breadcrumb\"},\"inLanguage\":\"en-US\",\"potentialAction\":[{\"@type\":\"ReadAction\",\"target\":[\"https:\\\/\\\/uwm.edu\\\/world-languages-cultures\\\/christiane-taubira\\\/\"]}]},{\"@type\":\"ImageObject\",\"inLanguage\":\"en-US\",\"@id\":\"https:\\\/\\\/uwm.edu\\\/world-languages-cultures\\\/christiane-taubira\\\/#primaryimage\",\"url\":\"https:\\\/\\\/uwm.edu\\\/world-languages-cultures\\\/wp-content\\\/uploads\\\/sites\\\/468\\\/2022\\\/10\\\/Christiane-Taubiri_300x350.jpg\",\"contentUrl\":\"https:\\\/\\\/uwm.edu\\\/world-languages-cultures\\\/wp-content\\\/uploads\\\/sites\\\/468\\\/2022\\\/10\\\/Christiane-Taubiri_300x350.jpg\",\"width\":300,\"height\":350,\"caption\":\"Christiane Taubiri headshot\"},{\"@type\":\"BreadcrumbList\",\"@id\":\"https:\\\/\\\/uwm.edu\\\/world-languages-cultures\\\/christiane-taubira\\\/#breadcrumb\",\"itemListElement\":[{\"@type\":\"ListItem\",\"position\":1,\"name\":\"Home\",\"item\":\"https:\\\/\\\/uwm.edu\\\/world-languages-cultures\\\/\"},{\"@type\":\"ListItem\",\"position\":2,\"name\":\"Christiane Taubira\"}]},{\"@type\":\"WebSite\",\"@id\":\"https:\\\/\\\/uwm.edu\\\/world-languages-cultures\\\/#website\",\"url\":\"https:\\\/\\\/uwm.edu\\\/world-languages-cultures\\\/\",\"name\":\"World Languages &amp; Cultures\",\"description\":\"College of Letters and Science\",\"potentialAction\":[{\"@type\":\"SearchAction\",\"target\":{\"@type\":\"EntryPoint\",\"urlTemplate\":\"https:\\\/\\\/uwm.edu\\\/world-languages-cultures\\\/?s={search_term_string}\"},\"query-input\":{\"@type\":\"PropertyValueSpecification\",\"valueRequired\":true,\"valueName\":\"search_term_string\"}}],\"inLanguage\":\"en-US\"}]}<\/script>\n<!-- \/ Yoast SEO Premium plugin. -->","yoast_head_json":{"title":"World Languages &amp; Cultures","robots":{"index":"index","follow":"follow","max-snippet":"max-snippet:-1","max-image-preview":"max-image-preview:large","max-video-preview":"max-video-preview:-1"},"canonical":"https:\/\/uwm.edu\/world-languages-cultures\/christiane-taubira\/","og_locale":"en_US","og_type":"article","og_title":"Christiane Taubira","og_url":"https:\/\/uwm.edu\/world-languages-cultures\/christiane-taubira\/","og_site_name":"World Languages &amp; Cultures","article_modified_time":"2025-10-15T13:25:09+00:00","og_image":[{"width":300,"height":350,"url":"https:\/\/uwm.edu\/world-languages-cultures\/wp-content\/uploads\/sites\/468\/2022\/10\/Christiane-Taubiri_300x350.jpg","type":"image\/jpeg"}],"twitter_card":"summary_large_image","twitter_misc":{"Est. reading time":"4 minutes"},"schema":{"@context":"https:\/\/schema.org","@graph":[{"@type":"WebPage","@id":"https:\/\/uwm.edu\/world-languages-cultures\/christiane-taubira\/","url":"https:\/\/uwm.edu\/world-languages-cultures\/christiane-taubira\/","name":"Christiane Taubira - World Languages &amp; Cultures","isPartOf":{"@id":"https:\/\/uwm.edu\/world-languages-cultures\/#website"},"primaryImageOfPage":{"@id":"https:\/\/uwm.edu\/world-languages-cultures\/christiane-taubira\/#primaryimage"},"image":{"@id":"https:\/\/uwm.edu\/world-languages-cultures\/christiane-taubira\/#primaryimage"},"thumbnailUrl":"https:\/\/uwm.edu\/world-languages-cultures\/wp-content\/uploads\/sites\/468\/2022\/10\/Christiane-Taubiri_300x350.jpg","datePublished":"2022-08-17T19:04:37+00:00","dateModified":"2025-10-15T13:25:09+00:00","breadcrumb":{"@id":"https:\/\/uwm.edu\/world-languages-cultures\/christiane-taubira\/#breadcrumb"},"inLanguage":"en-US","potentialAction":[{"@type":"ReadAction","target":["https:\/\/uwm.edu\/world-languages-cultures\/christiane-taubira\/"]}]},{"@type":"ImageObject","inLanguage":"en-US","@id":"https:\/\/uwm.edu\/world-languages-cultures\/christiane-taubira\/#primaryimage","url":"https:\/\/uwm.edu\/world-languages-cultures\/wp-content\/uploads\/sites\/468\/2022\/10\/Christiane-Taubiri_300x350.jpg","contentUrl":"https:\/\/uwm.edu\/world-languages-cultures\/wp-content\/uploads\/sites\/468\/2022\/10\/Christiane-Taubiri_300x350.jpg","width":300,"height":350,"caption":"Christiane Taubiri headshot"},{"@type":"BreadcrumbList","@id":"https:\/\/uwm.edu\/world-languages-cultures\/christiane-taubira\/#breadcrumb","itemListElement":[{"@type":"ListItem","position":1,"name":"Home","item":"https:\/\/uwm.edu\/world-languages-cultures\/"},{"@type":"ListItem","position":2,"name":"Christiane Taubira"}]},{"@type":"WebSite","@id":"https:\/\/uwm.edu\/world-languages-cultures\/#website","url":"https:\/\/uwm.edu\/world-languages-cultures\/","name":"World Languages &amp; Cultures","description":"College of Letters and Science","potentialAction":[{"@type":"SearchAction","target":{"@type":"EntryPoint","urlTemplate":"https:\/\/uwm.edu\/world-languages-cultures\/?s={search_term_string}"},"query-input":{"@type":"PropertyValueSpecification","valueRequired":true,"valueName":"search_term_string"}}],"inLanguage":"en-US"}]}},"acf":[],"_links":{"self":[{"href":"https:\/\/uwm.edu\/world-languages-cultures\/wp-json\/wp\/v2\/pages\/7510","targetHints":{"allow":["GET"]}}],"collection":[{"href":"https:\/\/uwm.edu\/world-languages-cultures\/wp-json\/wp\/v2\/pages"}],"about":[{"href":"https:\/\/uwm.edu\/world-languages-cultures\/wp-json\/wp\/v2\/types\/page"}],"author":[{"embeddable":true,"href":"https:\/\/uwm.edu\/world-languages-cultures\/wp-json\/wp\/v2\/users\/1272"}],"replies":[{"embeddable":true,"href":"https:\/\/uwm.edu\/world-languages-cultures\/wp-json\/wp\/v2\/comments?post=7510"}],"version-history":[{"count":27,"href":"https:\/\/uwm.edu\/world-languages-cultures\/wp-json\/wp\/v2\/pages\/7510\/revisions"}],"predecessor-version":[{"id":23949,"href":"https:\/\/uwm.edu\/world-languages-cultures\/wp-json\/wp\/v2\/pages\/7510\/revisions\/23949"}],"wp:attachment":[{"href":"https:\/\/uwm.edu\/world-languages-cultures\/wp-json\/wp\/v2\/media?parent=7510"}],"curies":[{"name":"wp","href":"https:\/\/api.w.org\/{rel}","templated":true}]}}