  {"id":7271,"date":"2022-08-12T13:40:06","date_gmt":"2022-08-12T18:40:09","guid":{"rendered":"https:\/\/uwm.edu\/world-languages-cultures\/?page_id=7271"},"modified":"2026-03-20T15:33:06","modified_gmt":"2026-03-20T20:33:06","slug":"research","status":"publish","type":"page","link":"https:\/\/uwm.edu\/world-languages-cultures\/research\/","title":{"rendered":"Research"},"content":{"rendered":"\n<h2 class=\"wp-block-heading\" id=\"h-recent-scholarly-work\">Recent Scholarly Work<\/h2>\n\n\n\n<p>Across our academic disciplines and often in collaboration, our faculty, academic staff, and students conduct research that adds to the world&#8217;s knowledge base.  A few examples of some of our recent scholarly work include:<\/p>\n\n\n<section>\n                                                <div class=\"uwm-u-mb-10\">\"The Double and Its Theater: Technologies of Performance in&nbsp;<em>Hanakurabe senbonzakura<\/em>.\" In <!--StartFragment--><em>Handbook of Performance in Japan<\/em>, edited by Katherine Saltzman-Li, <!--StartFragment--><span data-olk-copy-source=\"MessageBody\">Diego Pellecchia, and Rina Tanaka. <!--StartFragment-->MHM Publishers, Tokyo, (Forthcoming 2025).&nbsp;<\/span><\/div>\n                                            <div class=\"uwm-u-mb-10\">Milli Konewko, Simonetta. \"Food, Power, and Identity: Exploring Culinary Policy in Grazia Deledda's Sardinian Narrative,\" <em>Journal of Literature and Art Studies, <\/em>15 (6), 439-452, 2025.&nbsp;<\/div>\n                                            <div class=\"uwm-u-mb-10\">Bili\u0107, Viktorija.&nbsp;<a title=\"Original URL: https:\/\/boydellandbrewer.com\/book\/cultural-journalism-in-germany-1815-1848-9781640141735\/. Click or tap if you trust this link.\" href=\"https:\/\/boydellandbrewer.com\/book\/cultural-journalism-in-germany-1815-1848-9781640141735\/\" target=\"_blank\" rel=\"noopener\" data-linkindex=\"2\" data-auth=\"NotApplicable\">&ldquo;Louise Aston asserts her free personality against the Berlin press (1846). Louise Aston, My Emancipation, Expulsion, and Defense (translated excerpts).&rdquo;<\/a>&nbsp;Franzel, Sean and Michael Swellander (eds.).&nbsp;<em>Cultural Journalism in Germany, 1815-1848: Literature, Politics, and History - A Critical Anthology<\/em>.&nbsp;<em>Studies in German Literature, Linguistics, and Culture<\/em>, Vol. 255. Rochester, NY: Camden House, 2025, 331-341.<\/div>\n                                            <div class=\"uwm-u-mb-10\">May-Chu, K. (2024) <a href=\"https:\/\/boydellandbrewer.com\/9781640141698\/border-poetics-in-german-and-polish-literature\/\" target=\"_blank\" rel=\"noopener\"><em>Border Poetics in German and Polish Literature: Cosmopolitan Imaginations since 1989<\/em><\/a>. Camden House.<\/div>\n                                            <div class=\"uwm-u-mb-10\">Book Review, review of The Great Upheaval: Higher Education's Past, Present and Uncertain Future, <a href=\"https:\/\/www.nafsa.org\/professional-resources\/research-and-trends\/global-studies-literature-review\/gslr-2024-community\">NAFSA Global Studies Literature Review, 2024<\/a><\/div>\n                                            <div class=\"uwm-u-mb-10\">&ldquo;Censoring the Emperor: The Debut Performance of The Mikado in Japan.&rdquo; In <em>The Palgrave Handbook of Theater Censorship<\/em>, edited by Graham Saunders and Anne Etienne. Palgrave, (2024).<\/div>\n                                            <div class=\"uwm-u-mb-10\">May-Chu, K. (2024) \"<a href=\"http:\/\/dx.doi.org\/10.5070\/T714162194\" target=\"_blank\" rel=\"noopener\">Reimagining the German-Polish Borderlands in Nowa Amerika and S\u0142ubfurt<\/a>.\" <em>TRANSIT: A Journal of Travel, Migration, and Multiculturalism in the German-speaking World <\/em>(Special Cluster: German-Polish Borderlands in Contemporary Literature and Culture, eds. Karolina May-Chu and Paula Wojcik) 14 no.1 (2024): 54-73.&nbsp;<\/div>\n                                            <div class=\"uwm-u-mb-10\">Hicke, K. and K. May-Chu. Translated from Polish into English. \"<a href=\"https:\/\/dx.doi.org\/10.5070\/T714162203\" target=\"_blank\" rel=\"noopener\">Excerpts from Inga Iwasi&oacute;w&rsquo;s novel <em>Bambino (2008)<\/em><\/a>.\" TRANSIT (Special Cluster: German-Polish Borderlands in Contemporary Literature and Culture, eds. May-Chu and Wojcik), 14 no.1 (2024): 140-48.&nbsp;<\/div>\n                                            <div class=\"uwm-u-mb-10\">Court, J., K. May-Chu, J. Williamson, and J. Wipplinger (2023). <a href=\"https:\/\/link.springer.com\/chapter\/10.1007\/978-3-031-43654-3_18\" target=\"_blank\" rel=\"noopener\">&ldquo;Expanding Access through Online Asynchronous Language Courses,&rdquo;<\/a> Language Program Vitality in the United States: From Surviving to Thriving in Higher Education. eds. Emily Heidrich Uebel, Felix A. Kronenberg, and Scott Sterling. Educational Linguistics (63), Springer.<\/div>\n                                            <div class=\"uwm-u-mb-10\">Milli Konewko, Simonetta. \"Gender Emergency: Fear of the Forsaken,\" <em>Journal of Literature and Art Studies<\/em>, 13 (4), 215-224. DOI, 1017256\/2159-5836\/2023.04.001, 2023. &nbsp; &nbsp;<\/div>\n                                            <div class=\"uwm-u-mb-10\">&ldquo;Mediated Laugher and The Limits of Realism: Laughing Letter and the Kinodrama Experiment in 1930s Japanese Performance.&rdquo; In <em>Realisms in East Asian Performance<\/em>, edited by Katherine Saltzman-Li and Jessica Nakamura. University of Michigan Press, (2023).<\/div>\n                                            <div class=\"uwm-u-mb-10\">Bili\u0107, Viktorija und Alison Efford.&nbsp;<em>Radikale Beziehungen: Die Briefkorrespondenz der Mathilde Franziska Anneke zur Zeit des amerikanischen B&uuml;rgerkriegs<\/em>. Stuttgart: Franz Steiner Verlag, 2023.<\/div>\n                                            <div class=\"uwm-u-mb-10\">Milli Konewko, Simonetta. \"A Mediterranean participation in the Work of Pietro Bartolo and Lidia Tilotta,\" <em>Athens journal of Mediterranean Studies<\/em>, (10) 8, 1-11, 2022.<\/div>\n                                            <div class=\"uwm-u-mb-10\">Milli Konewko, Simonetta.&nbsp; \"Raccontare il neorealismo e la compassione,\" <em>Rivista di Studi Italiani<\/em>, 40 (2), 82-95, 2022<\/div>\n                                            <div class=\"uwm-u-mb-10\">Bilic, Viktorija. <a href=\"https:\/\/doi.org\/10.1515\/les-2022-1007\">&ldquo;Deutschamerikanische Zeitungskorpora (1845\u20131860): Eine Kollokationsstudie&rdquo; <em>Lebende Sprachen<\/em><\/a> 67.2 (2022): 311-341. <\/div>\n                                            <div class=\"uwm-u-mb-10\">Porter, Andrew. 2022<em>&nbsp;Homer and the Epic Cycle: Recovering the Oral Traditional Relationship<\/em>&nbsp;(Brill)<\/div>\n                                            <div class=\"uwm-u-mb-10\">Bilic, Viktorija,  and Efford, Alison C. <a href=\"https:\/\/ugapress.org\/book\/9780820360225\/radical-relationships\/\"><em>Radical Relationships: The Civil War-Era Correspondence of Mathilde Franziska Anneke<\/em><\/a> Athens, Georgia: University of Georgia Press. 2021. <\/div>\n                                            <div class=\"uwm-u-mb-10\">Milli Konewko, Simonetta. \"Pinocchio, the Emotion of Shame and the Influence of Greek Thought,\" <em>Athens Journal of Humanities &amp; Art<\/em>, 7 (2), 121-136, 2020.<\/div>\n                                            <div class=\"uwm-u-mb-10\">Narrar lo invisible: Aproximaciones al mundo literario de Sara Mesa. Valencia: Albatros, 2020. 233 pp. [co-edited].<\/div>\n                                            <div class=\"uwm-u-mb-10\">May-Chu, K. (2020) \"<a href=\"https:\/\/www.jstor.org\/stable\/10.2307\/26976003\" target=\"_blank\" rel=\"noopener\">Reading Germany, Europe, and the World in Abbas Khider&rsquo;s Novel Ohrfeige<\/a>.\"&nbsp;<em style=\"font-family: -apple-system, BlinkMacSystemFont, 'Segoe UI', Roboto, Oxygen, Ubuntu, Cantarell, 'Open Sans', 'Helvetica Neue', sans-serif;\">Colloquia Germanica<\/em><span style=\"font-family: -apple-system, BlinkMacSystemFont, 'Segoe UI', Roboto, Oxygen, Ubuntu, Cantarell, 'Open Sans', 'Helvetica Neue', sans-serif;\">,<\/span><span style=\"font-family: -apple-system, BlinkMacSystemFont, 'Segoe UI', Roboto, Oxygen, Ubuntu, Cantarell, 'Open Sans', 'Helvetica Neue', sans-serif;\">&nbsp;(Special Issue: Europe in Contemporary German-Language Literature, eds. Anke Biendarra and Friederike Eigler) 51 no 3-4 (2020): 363-81.<\/span><\/div>\n                                            <div class=\"uwm-u-mb-10\">Abel, B. , Berroth, E. , Djavadghazaryans, A. , Gallagher, M. , King, A. , May-Chu, K. , Pfleger, S. , Stewart, F. , &amp; Young, A. (2020) \"<a href=\"https:\/\/dx.doi.org\/10.5250\/femigermstud.36.1.0001\" target=\"_blank\" rel=\"noopener\">Grenzenlos Deutsch: Co-creating Open Educational Resources through Feminist Collaboration.\"<\/a><em>&nbsp;Feminist German Studies<\/em>, <em>36<\/em>(1), 1-23.<\/div>\n                                            <div class=\"uwm-u-mb-10\">Bilic, Viktorija. <a href=\"https:\/\/mulpress.mcmaster.ca\/sophiejournal\/issue\/view\/413\">&ldquo;'Warum noch l\u00e4nger die dem\u00fctige Magd, die ihrem Herrn die F\u00fc\u00dfe w\u00e4scht?': Mathilde Franziska\tAnneke\u2019s Feminist Manifest Das Weib im Conflict mit den socialen Verh\u00e4ltnissen (1847)&rdquo; <em>The Sophie Journal<\/em><\/a> Vol. 5.No. 1 (2020): 1-16. <\/div>\n                                            <div class=\"uwm-u-mb-10\">Bilic, Viktorija. <a href=\"http:\/\/www.trans-int.org\/index.php\/transint\/article\/view\/1028\/360\">&ldquo;The Online Computer-Assisted Translation Classroom&rdquo; <em>Translation & Interpreting - The International Journal for Translation and Interpreting Research<\/em><\/a> Vol. 12.No. 1 (2020): 127-141. <\/div>\n                                            <div class=\"uwm-u-mb-10\">Bird-Soto, Nancy I.<a href=\"https:\/\/www.apsu.edu\/polifonia\/volume_10\/2020_8_Bird-Soto.pdf\">&ldquo;\"Non-Compliance and the Outsider Within: Carla Cavina's Extra Terrestres.\"&rdquo; <em>Polifon\u00eda<\/em><\/a>X.2020 (2020): 118-134. <\/div>\n                                            <div class=\"uwm-u-mb-10\">Bird-Soto, Nancy I.<a href=\"http:\/\/revistas.umce.cl\/index.php\/contextos\/article\/view\/1452\/1506\"><em>\"At the Mall: Women, Specters and Spectators\u00a0in Jos\u00e9 Luis Figueroa\u2019s\u00a0Te besar\u00e9 toda la vida.\u201d<\/em><\/a>45. Contextos: Estudios de Humanidades y Ciencias Sociales. 2020: 13pp.<\/div>\n                            <\/section>\n\n\n\n\n\n\n\n\n\n\n\n\n\n\n\n\n\n\n\n\n\n\n\n\n\n\n\n\n\n\n<h2 class=\"wp-block-heading\" id=\"h-undergraduate-research\">Undergraduate Research<\/h2>\n\n\n\n<p>We strongly encourage our undergraduate students to explore research opportunities through the <a href=\"https:\/\/uwm.edu\/our\/\">Office of Undergraduate Research<\/a> or by talking with faculty in the department. Engaging in research deepens your education and helps to make you a stronger job candidate upon graduation or to enhance your application to a graduate program.<\/p>\n\n\n\n<h2 class=\"wp-block-heading\" id=\"h-resources-for-teachers\">Resources for Teachers<\/h2>\n\n\n\n<p>We disseminate our research in many ways, directed toward multiple audiences, but we are always pleased to be able to share our research through <a href=\"https:\/\/uwm.edu\/world-languages-cultures\/research\/teaching-resources\/\">pedagogical tools, presentations, and organizations<\/a> that help other educators to develop and expand their curriculum on global topics and world languages.&nbsp;&nbsp;<\/p>\n","protected":false},"excerpt":{"rendered":"<p>Recent Scholarly Work Across our academic disciplines and often in collaboration, our faculty, academic staff, and students conduct research that adds to the world&#8217;s knowledge base. A few examples of some of our recent scholarly work include: Undergraduate Research We &hellip;<\/p>\n","protected":false},"author":1272,"featured_media":7424,"parent":0,"menu_order":4,"comment_status":"closed","ping_status":"closed","template":"","meta":{"_acf_changed":false,"footnotes":"","uwm_wg_additional_authors":[]},"class_list":["post-7271","page","type-page","status-publish","has-post-thumbnail","hentry"],"yoast_head":"<!-- This site is optimized with the Yoast SEO Premium plugin v27.3 (Yoast SEO v27.3) - https:\/\/yoast.com\/product\/yoast-seo-premium-wordpress\/ -->\n<title>World Languages &amp; Cultures<\/title>\n<meta name=\"robots\" content=\"index, follow, max-snippet:-1, max-image-preview:large, max-video-preview:-1\" \/>\n<link rel=\"canonical\" href=\"https:\/\/uwm.edu\/world-languages-cultures\/research\/\" \/>\n<meta property=\"og:locale\" content=\"en_US\" \/>\n<meta property=\"og:type\" content=\"article\" \/>\n<meta property=\"og:title\" content=\"Research\" \/>\n<meta property=\"og:description\" content=\"Recent Scholarly Work Across our academic disciplines and often in collaboration, our faculty, academic staff, and students conduct research that adds to the world&#8217;s knowledge base. A few examples of some of our recent scholarly work include: Undergraduate Research We &hellip;\" \/>\n<meta property=\"og:url\" content=\"https:\/\/uwm.edu\/world-languages-cultures\/research\/\" \/>\n<meta property=\"og:site_name\" content=\"World Languages &amp; Cultures\" \/>\n<meta property=\"article:modified_time\" content=\"2026-03-20T20:33:06+00:00\" \/>\n<meta property=\"og:image\" content=\"https:\/\/uwm.edu\/world-languages-cultures\/wp-content\/uploads\/sites\/468\/2022\/08\/GS-Research-Hero_495142630.jpg\" \/>\n\t<meta property=\"og:image:width\" content=\"1500\" \/>\n\t<meta property=\"og:image:height\" content=\"400\" \/>\n\t<meta property=\"og:image:type\" content=\"image\/jpeg\" \/>\n<meta name=\"twitter:card\" content=\"summary_large_image\" \/>\n<meta name=\"twitter:label1\" content=\"Est. reading time\" \/>\n\t<meta name=\"twitter:data1\" content=\"3 minutes\" \/>\n<script type=\"application\/ld+json\" class=\"yoast-schema-graph\">{\"@context\":\"https:\\\/\\\/schema.org\",\"@graph\":[{\"@type\":\"WebPage\",\"@id\":\"https:\\\/\\\/uwm.edu\\\/world-languages-cultures\\\/research\\\/\",\"url\":\"https:\\\/\\\/uwm.edu\\\/world-languages-cultures\\\/research\\\/\",\"name\":\"Research - World Languages &amp; Cultures\",\"isPartOf\":{\"@id\":\"https:\\\/\\\/uwm.edu\\\/world-languages-cultures\\\/#website\"},\"primaryImageOfPage\":{\"@id\":\"https:\\\/\\\/uwm.edu\\\/world-languages-cultures\\\/research\\\/#primaryimage\"},\"image\":{\"@id\":\"https:\\\/\\\/uwm.edu\\\/world-languages-cultures\\\/research\\\/#primaryimage\"},\"thumbnailUrl\":\"https:\\\/\\\/uwm.edu\\\/world-languages-cultures\\\/wp-content\\\/uploads\\\/sites\\\/468\\\/2022\\\/08\\\/GS-Research-Hero_495142630.jpg\",\"datePublished\":\"2022-08-12T18:40:09+00:00\",\"dateModified\":\"2026-03-20T20:33:06+00:00\",\"breadcrumb\":{\"@id\":\"https:\\\/\\\/uwm.edu\\\/world-languages-cultures\\\/research\\\/#breadcrumb\"},\"inLanguage\":\"en-US\",\"potentialAction\":[{\"@type\":\"ReadAction\",\"target\":[\"https:\\\/\\\/uwm.edu\\\/world-languages-cultures\\\/research\\\/\"]}]},{\"@type\":\"ImageObject\",\"inLanguage\":\"en-US\",\"@id\":\"https:\\\/\\\/uwm.edu\\\/world-languages-cultures\\\/research\\\/#primaryimage\",\"url\":\"https:\\\/\\\/uwm.edu\\\/world-languages-cultures\\\/wp-content\\\/uploads\\\/sites\\\/468\\\/2022\\\/08\\\/GS-Research-Hero_495142630.jpg\",\"contentUrl\":\"https:\\\/\\\/uwm.edu\\\/world-languages-cultures\\\/wp-content\\\/uploads\\\/sites\\\/468\\\/2022\\\/08\\\/GS-Research-Hero_495142630.jpg\",\"width\":1500,\"height\":400,\"caption\":\"view of earth from space with light on horizon\"},{\"@type\":\"BreadcrumbList\",\"@id\":\"https:\\\/\\\/uwm.edu\\\/world-languages-cultures\\\/research\\\/#breadcrumb\",\"itemListElement\":[{\"@type\":\"ListItem\",\"position\":1,\"name\":\"Home\",\"item\":\"https:\\\/\\\/uwm.edu\\\/world-languages-cultures\\\/\"},{\"@type\":\"ListItem\",\"position\":2,\"name\":\"Research\"}]},{\"@type\":\"WebSite\",\"@id\":\"https:\\\/\\\/uwm.edu\\\/world-languages-cultures\\\/#website\",\"url\":\"https:\\\/\\\/uwm.edu\\\/world-languages-cultures\\\/\",\"name\":\"World Languages &amp; Cultures\",\"description\":\"College of Letters and Science\",\"potentialAction\":[{\"@type\":\"SearchAction\",\"target\":{\"@type\":\"EntryPoint\",\"urlTemplate\":\"https:\\\/\\\/uwm.edu\\\/world-languages-cultures\\\/?s={search_term_string}\"},\"query-input\":{\"@type\":\"PropertyValueSpecification\",\"valueRequired\":true,\"valueName\":\"search_term_string\"}}],\"inLanguage\":\"en-US\"}]}<\/script>\n<!-- \/ Yoast SEO Premium plugin. -->","yoast_head_json":{"title":"World Languages &amp; Cultures","robots":{"index":"index","follow":"follow","max-snippet":"max-snippet:-1","max-image-preview":"max-image-preview:large","max-video-preview":"max-video-preview:-1"},"canonical":"https:\/\/uwm.edu\/world-languages-cultures\/research\/","og_locale":"en_US","og_type":"article","og_title":"Research","og_description":"Recent Scholarly Work Across our academic disciplines and often in collaboration, our faculty, academic staff, and students conduct research that adds to the world&#8217;s knowledge base. A few examples of some of our recent scholarly work include: Undergraduate Research We &hellip;","og_url":"https:\/\/uwm.edu\/world-languages-cultures\/research\/","og_site_name":"World Languages &amp; Cultures","article_modified_time":"2026-03-20T20:33:06+00:00","og_image":[{"width":1500,"height":400,"url":"https:\/\/uwm.edu\/world-languages-cultures\/wp-content\/uploads\/sites\/468\/2022\/08\/GS-Research-Hero_495142630.jpg","type":"image\/jpeg"}],"twitter_card":"summary_large_image","twitter_misc":{"Est. reading time":"3 minutes"},"schema":{"@context":"https:\/\/schema.org","@graph":[{"@type":"WebPage","@id":"https:\/\/uwm.edu\/world-languages-cultures\/research\/","url":"https:\/\/uwm.edu\/world-languages-cultures\/research\/","name":"Research - World Languages &amp; Cultures","isPartOf":{"@id":"https:\/\/uwm.edu\/world-languages-cultures\/#website"},"primaryImageOfPage":{"@id":"https:\/\/uwm.edu\/world-languages-cultures\/research\/#primaryimage"},"image":{"@id":"https:\/\/uwm.edu\/world-languages-cultures\/research\/#primaryimage"},"thumbnailUrl":"https:\/\/uwm.edu\/world-languages-cultures\/wp-content\/uploads\/sites\/468\/2022\/08\/GS-Research-Hero_495142630.jpg","datePublished":"2022-08-12T18:40:09+00:00","dateModified":"2026-03-20T20:33:06+00:00","breadcrumb":{"@id":"https:\/\/uwm.edu\/world-languages-cultures\/research\/#breadcrumb"},"inLanguage":"en-US","potentialAction":[{"@type":"ReadAction","target":["https:\/\/uwm.edu\/world-languages-cultures\/research\/"]}]},{"@type":"ImageObject","inLanguage":"en-US","@id":"https:\/\/uwm.edu\/world-languages-cultures\/research\/#primaryimage","url":"https:\/\/uwm.edu\/world-languages-cultures\/wp-content\/uploads\/sites\/468\/2022\/08\/GS-Research-Hero_495142630.jpg","contentUrl":"https:\/\/uwm.edu\/world-languages-cultures\/wp-content\/uploads\/sites\/468\/2022\/08\/GS-Research-Hero_495142630.jpg","width":1500,"height":400,"caption":"view of earth from space with light on horizon"},{"@type":"BreadcrumbList","@id":"https:\/\/uwm.edu\/world-languages-cultures\/research\/#breadcrumb","itemListElement":[{"@type":"ListItem","position":1,"name":"Home","item":"https:\/\/uwm.edu\/world-languages-cultures\/"},{"@type":"ListItem","position":2,"name":"Research"}]},{"@type":"WebSite","@id":"https:\/\/uwm.edu\/world-languages-cultures\/#website","url":"https:\/\/uwm.edu\/world-languages-cultures\/","name":"World Languages &amp; Cultures","description":"College of Letters and Science","potentialAction":[{"@type":"SearchAction","target":{"@type":"EntryPoint","urlTemplate":"https:\/\/uwm.edu\/world-languages-cultures\/?s={search_term_string}"},"query-input":{"@type":"PropertyValueSpecification","valueRequired":true,"valueName":"search_term_string"}}],"inLanguage":"en-US"}]}},"acf":[],"_links":{"self":[{"href":"https:\/\/uwm.edu\/world-languages-cultures\/wp-json\/wp\/v2\/pages\/7271","targetHints":{"allow":["GET"]}}],"collection":[{"href":"https:\/\/uwm.edu\/world-languages-cultures\/wp-json\/wp\/v2\/pages"}],"about":[{"href":"https:\/\/uwm.edu\/world-languages-cultures\/wp-json\/wp\/v2\/types\/page"}],"author":[{"embeddable":true,"href":"https:\/\/uwm.edu\/world-languages-cultures\/wp-json\/wp\/v2\/users\/1272"}],"replies":[{"embeddable":true,"href":"https:\/\/uwm.edu\/world-languages-cultures\/wp-json\/wp\/v2\/comments?post=7271"}],"version-history":[{"count":24,"href":"https:\/\/uwm.edu\/world-languages-cultures\/wp-json\/wp\/v2\/pages\/7271\/revisions"}],"predecessor-version":[{"id":24872,"href":"https:\/\/uwm.edu\/world-languages-cultures\/wp-json\/wp\/v2\/pages\/7271\/revisions\/24872"}],"wp:featuredmedia":[{"embeddable":true,"href":"https:\/\/uwm.edu\/world-languages-cultures\/wp-json\/wp\/v2\/media\/7424"}],"wp:attachment":[{"href":"https:\/\/uwm.edu\/world-languages-cultures\/wp-json\/wp\/v2\/media?parent=7271"}],"curies":[{"name":"wp","href":"https:\/\/api.w.org\/{rel}","templated":true}]}}