  {"id":24270,"date":"2026-03-11T12:43:03","date_gmt":"2026-03-11T17:43:12","guid":{"rendered":"https:\/\/uwm.edu\/world-languages-cultures\/?page_id=24270"},"modified":"2026-03-19T16:18:06","modified_gmt":"2026-03-19T21:18:06","slug":"festival-of-films-in-french","status":"publish","type":"page","link":"https:\/\/uwm.edu\/world-languages-cultures\/students\/undergraduates\/french\/festival-of-films-in-french\/","title":{"rendered":"Festival of Films in French"},"content":{"rendered":"\n<div class=\"uwm-p-banner\"><div class=\"uwm-p-banner--single\"><img decoding=\"async\" src=\"https:\/\/uwm.edu\/world-languages-cultures\/wp-content\/uploads\/sites\/468\/2026\/03\/Colors-of-Time-screenshot.webp\" alt=\"Color of Time period movie screenshot of woman in red dress\" loading=\"lazy\" width=\"1500\" height=\"400\" \/><\/div><\/div>\n\n\n<header class=\"page-header\"><h1 class=\"entry-title heading-separator\">Festival of Films in French<\/h1><\/header>\n\n\n<section class=\"uwm-u-pb-80 uwm-u-pt-0\"><div class=\"uwm-l-container--base uwm-l-container--overflow-hidden\">\n<div class=\"uwm-l-row\">\n<div class=\"uwm-l-col\">\n<h2 class=\"wp-block-heading\" id=\"h-29th-festival-of-films-in-french\">29th Festival of Films in French<\/h2>\n\n\n\n<h3 class=\"wp-block-heading\" id=\"h-february-13-15-amp-20-22-2026\">February 13-15 &amp; 20-22, 2026<\/h3>\n\n\n\n<p class=\"default\">This year\u2019s festival will take us from Paris to the Jura, Strasbourg, Ukraine, Quebec, Cambodia, and the Democratic Republic of Congo. <\/p>\n\n\n\n<p class=\"default\">In&nbsp;<em>\u201cTerrorists\u201d in Retirement<\/em>, surviving members of the French Resistance recount and reenact their operations undertaken during the Nazi occupation of Paris, challenging persistent myths and the erasure of their legacy. <\/p>\n\n\n\n<p class=\"default\">In&nbsp;<em>Kyiv Theater, an Island of Hope<\/em>, Ariane Mouchkine uses theater as a bold act of cultural defiance, bringing together hundreds of Ukrainian actors.&nbsp;<\/p>\n\n\n\n<p class=\"default\"><em>Of Mud and Blood<\/em>&nbsp;follows miners and local communities in rural DRC as they fight for environmental and social justice.&nbsp;<\/p>\n\n\n\n<p class=\"default\"><em>Ghost Trail<\/em>&nbsp;traces the path of a Syrian refugee navigating the fine line between justice and revenge. <\/p>\n\n\n\n<p class=\"default\">For Jean-Luc Godard (<em>Godard Cinema<\/em>), resistance takes the form of pushing artistic and political boundaries through film. <\/p>\n\n\n\n<p class=\"default\">And in&nbsp;<em>Meeting with Pol Pot<\/em>, journalists pursue truth in the face of the Khmer Rouge\u2019s propaganda and intimidation. <\/p>\n\n\n\n<p class=\"default\">Other films highlight the evolution of French artistic innovation, from Impressionism and the avant-garde in the 19th century (<em>Colors of Time<\/em>), to the intertwining of the arts in the 1920s silent film era (<em>Princess Mandane<\/em>), to the Nouvelle Vague (<em>Godard Cinema<\/em>), and French theater (<em>Kyiv Theater<\/em>). <\/p>\n\n\n\n<p class=\"default\">Together, these works illuminate the cultural figures and movements that have shaped France\u2019s artistic landscape. This year\u2019s selection also features stories of young characters discovering the importance of tradition, culture, and family. Dounia reconnects with her Syrian heritage while embracing her friends\u2019 French-Canadian and Indigenous cultures in&nbsp;<em>Dounia, The Great White North<\/em>, and Totone seeks to preserve his family\u2019s way of life by learning the craft of cheesemaking in&nbsp;<em>Holy Cow<\/em>.<\/p>\n\n\n\n<p class=\"default\">Come in from the cold for six days of thought-provoking films, and travel across space and time to witness stories of resilience, freedom, creativity and friendship.<\/p>\n\n\n\n<div class=\"uwm-u-flex uwm-u-flex--wrap uwm-u-flex--left\">\n<a class=\"uwm-c-button uwm-u-mr-20 uwm-u-mb-20\" href=\"https:\/\/uwm.edu\/world-languages-cultures\/students\/undergraduates\/french\/festive-of-films-in-french\/2026-films\/\" rel=\"\">Review the 2026 Films<\/a>\n<\/div>\n\n\n\n<div style=\"height:50px\" aria-hidden=\"true\" class=\"wp-block-spacer\"><\/div>\n\n\n\n<div class=\"uwm-p-card uwm-p-card--color-head uwm-u-mb-40\"><div class=\"uwm-p-card--title\">Contact Us<\/div><div class=\"uwm-p-card--body\"><div class=\"uwm-p-card--content\">\n<p><strong>Larry Kuiper<br><\/strong><em>Department of World Languages &amp; Cultures, French<\/em><br><a href=\"mailto:kuiper@uwm.edu\">kuiper@uwm.edu<\/a><\/p>\n\n\n\n<p><em><strong>For information about showtimes, theater logistics, et cetera, please contact:<\/strong><\/em><\/p>\n\n\n\n<div class=\"uwm-l-row\">\n<div class=\"uwm-l-col\">\n<p>Office Phone<br>414-229-4070<\/p>\n<\/div>\n\n\n\n<div class=\"uwm-l-col\">\n<p>Cinema Phone<br>414-229-5249<br><\/p>\n<\/div>\n\n\n\n<div class=\"uwm-l-col\">\n<p>51ÁÔÆæ Union Cinema<br><a href=\"mailto:cinema@uwm.edu\">cinema@uwm.edu<\/a><\/p>\n<\/div>\n<\/div>\n<\/div><\/div><\/div>\n<\/div>\n\n\n\n<div class=\"uwm-l-col uwm-l-col--4 uwm-l-offset--1\"><div class=\"uwm-block-otp-nav \"><\/div>\n\n<nav aria-label=\"Sidebar\" class=\"uwm-p-navigation-list uwm-p-navigation-list--gold-border \"><div class=\"uwm-p-navigation-list--title\"><a href=\"https:\/\/uwm.edu\/world-languages-cultures\/students\/undergraduates\/\">Undergraduate<\/a><\/div><ul><li><a href=\"https:\/\/uwm.edu\/world-languages-cultures\/students\/undergraduates\/arabic\/\">Arabic<\/a><\/li><li><a href=\"https:\/\/uwm.edu\/world-languages-cultures\/students\/undergraduates\/chinese\/\">Chinese<\/a><\/li><li><a href=\"https:\/\/uwm.edu\/world-languages-cultures\/students\/undergraduates\/comparative-literature\/\">Comparative Literature<\/a><\/li><li><a href=\"https:\/\/uwm.edu\/world-languages-cultures\/students\/undergraduates\/french\/\">French<\/a><ul><li><a href=\"https:\/\/uwm.edu\/world-languages-cultures\/students\/undergraduates\/french\/declare-a-french-major\/\">Declare a French Major<\/a><\/li><li><a href=\"https:\/\/uwm.edu\/world-languages-cultures\/students\/undergraduates\/french\/declare-a-french-minor\/\">Declare a French Minor<\/a><\/li><li><a href=\"https:\/\/uwm.edu\/world-languages-cultures\/students\/undergraduates\/french\/french-scholarships\/\">French Scholarships<\/a><\/li><li><a href=\"https:\/\/uwm.edu\/world-languages-cultures\/students\/undergraduates\/french\/french-all-courses\/\">French Courses<\/a><\/li><li><a class=\"current\" href=\"https:\/\/uwm.edu\/world-languages-cultures\/students\/undergraduates\/french\/festival-of-films-in-french\/\"><span aria-current=\"page\">Festival of Films in French<\/span><\/a><ul><li><a href=\"https:\/\/uwm.edu\/world-languages-cultures\/students\/undergraduates\/french\/festival-of-films-in-french\/festival-of-films-in-french-history\/\">Festival of Films in French History<\/a><\/li><li><a href=\"https:\/\/uwm.edu\/world-languages-cultures\/students\/undergraduates\/french\/festival-of-films-in-french\/2026-films\/\">2026 Films<\/a><\/li><\/ul><\/li><\/ul><\/li><li><a href=\"https:\/\/uwm.edu\/world-languages-cultures\/students\/undergraduates\/german\/\">German<\/a><\/li><li><a href=\"https:\/\/uwm.edu\/world-languages-cultures\/students\/undergraduates\/global-studies\/\">Global Studies<\/a><\/li><li><a href=\"https:\/\/uwm.edu\/world-languages-cultures\/students\/undergraduates\/hebrew\/\">Hebrew<\/a><\/li><li><a href=\"https:\/\/uwm.edu\/world-languages-cultures\/students\/undergraduates\/italian\/\">Italian<\/a><\/li><li><a href=\"https:\/\/uwm.edu\/world-languages-cultures\/students\/undergraduates\/japanese\/\">Japanese<\/a><\/li><li><a href=\"https:\/\/uwm.edu\/world-languages-cultures\/students\/undergraduates\/korean\/\">Korean<\/a><\/li><li><a href=\"https:\/\/uwm.edu\/world-languages-cultures\/students\/undergraduates\/portuguese\/\">Portuguese<\/a><\/li><li><a href=\"https:\/\/uwm.edu\/world-languages-cultures\/students\/undergraduates\/russian\/\">Russian<\/a><\/li><li><a href=\"https:\/\/uwm.edu\/world-languages-cultures\/students\/undergraduates\/spanish\/\">Spanish<\/a><\/li><li><a href=\"https:\/\/uwm.edu\/world-languages-cultures\/students\/undergraduates\/retroactive-credits\/\">Retroactive Credits<\/a><\/li><li><a href=\"https:\/\/uwm.edu\/world-languages-cultures\/study-abroad-internships\/\">Study Abroad &amp; Internships<\/a><\/li><\/ul><\/nav>\n\n\n<h2 class=\"wp-block-heading size-h5\">Follow Us on Social Media<\/h2>\n\n\n<nav aria-label=\"Sidebar\" class=\"uwm-p-navigation-list uwm-p-navigation-list--gold-border \"><ul><li><a href=\"https:\/\/www.facebook.com\/uwmfilmsinfrench\">Facebook<\/a><\/li><li><a href=\"https:\/\/www.instagram.com\/festival_of_films_in_french_\/\">Instagram<\/a><\/li><\/ul><\/nav><\/div>\n<\/div>\n<\/div><\/section>\n\n\n\n<section class=\"uwm-bg-gray-dark uwm-u-py-80\"><div class=\"uwm-l-container--base uwm-l-container--overflow-hidden\">\n<h2 class=\"wp-block-heading\" id=\"h-plan-your-visit\">Plan Your Visit<\/h2>\n\n\n\n<div class=\"uwm-l-row\">\n<div class=\"uwm-l-col\">\n<h3 class=\"wp-block-heading\" id=\"h-location\">Location<\/h3>\n\n\n\n<p>All films will be showing at:<\/p>\n\n\n\n<blockquote class=\"wp-block-quote is-layout-flow wp-block-quote-is-layout-flow\">\n<p><strong>UW-Milwaukee Union Cinema<\/strong><br>2200 East Kenwood Boulevard<br>Milwaukee, WI 53211<\/p>\n<\/blockquote>\n\n\n\n<p>The theatre is located on the second floor of the Union.<\/p>\n<\/div>\n\n\n\n<div class=\"uwm-l-col\">\n<h3 class=\"wp-block-heading\" id=\"h-parking\">Parking<\/h3>\n\n\n\n<p>Paid parking is available in the Union Garage, in the basement of the 51ÁÔÆæ Union. The entrance to the garage is on Kenwood Boulevard.<\/p>\n\n\n\n<p><strong>51ÁÔÆæ Transportation Services<\/strong><br>2200 East Kenwood Boulevard<br>Milwaukee, WI 53211<\/p>\n\n\n\n<p>Ground Level Room #WG25 (Student Union)<\/p>\n\n\n\n<p>(414)&nbsp;229\u20134000<\/p>\n<\/div>\n\n\n\n<div class=\"uwm-l-col\">\n<h3 class=\"wp-block-heading\" id=\"a2\">Admission<\/h3>\n\n\n\n<p>All films are free!<\/p>\n\n\n\n<figure><img loading=\"lazy\" decoding=\"async\" width=\"300\" height=\"168\" src=\"https:\/\/uwm.edu\/world-languages-cultures\/wp-content\/uploads\/sites\/468\/2026\/03\/Photo-Union-Theatre-300x168-1.jpg\" alt=\"inside of the Union theater\" class=\"wp-image-24565\" \/><figcaption>Union Cinema<\/figcaption><\/figure>\n<\/div>\n<\/div>\n<\/div><\/section>\n\n\n\n<section class=\"uwm-bg-white uwm-u-py-80\"><div class=\"uwm-l-container--base uwm-l-container--overflow-hidden\">\n<div class=\"uwm-l-row\">\n<div class=\"uwm-l-col\">\n<h2 class=\"wp-block-heading\" id=\"h-gratitude-for-our-sponsors\">Gratitude for Our Sponsors<\/h2>\n\n\n\n<p class=\"uwm-c-link--external\">The 51ÁÔÆæ French Program is most grateful to the Albertine Cin\u00e9math\u00e8que, a program of&nbsp;<a href=\"https:\/\/albertinefoundation.org\/albertine-grants\/albertine-cinematheque\/\">Albertine Foundation<\/a>&nbsp;&amp;&nbsp;<a href=\"https:\/\/villa-albertine.org\/\">Villa Albertine<\/a>, with support from the CNC (Centre National du Cin\u00e9ma), and SACEM \/ Fonds Culturel Franco-Am\u00e9ricain.<\/p>\n\n\n\n<p class=\"uwm-c-link--external\">We value the community sponsorship of the&nbsp;<a href=\"https:\/\/www.afmilwaukee.org\/\">Alliance Fran\u00e7aise of Milwaukee<\/a>, the Milwaukee French Immersion School, and SWAAF (Southeast Wisconsin Academic Alliance in French).<\/p>\n\n\n\n<p>Our thanks go to HOME &amp; the Lynden Sculpture Garden for their renewed support.<\/p>\n\n\n\n<p>We extend our profound appreciation to the Qu\u00e9bec Government Office in Chicago for its continued support.<\/p>\n\n\n\n<p>The film&nbsp;<em>Dounia, the Great White North<\/em>&nbsp;is shown in memory of Nicole Darmon Chandler, a former president of the Alliance fran\u00e7aise de Milwaukee. We also thank her daughter, Kitty Morse, for her continued and generous support.<\/p>\n\n\n\n<p>We also thank our many 51ÁÔÆæ co-sponsoring offices, schools, colleges, departments and programs, past and present: Student Involvement, Union Cinema, World Languages &amp; Cultures and its Masters program, Film Studies, Women\u2019s &amp; Gender Studies, African and African Diaspora Studies, Political Science, History, Music, Film, Video, Animation and New Genres, the Peck School of the Arts, the College of Letters and Science, the 51ÁÔÆæ OSHER French Class in honor of Professors Gabrielle Verdier and Jim Mileham, as well as the Sam &amp; Helen Stahl Center for Jewish Studies, and the Center for Latin American and Caribbean Studies (CLACS).<\/p>\n\n\n\n<p>We extend a special note of gratitude to Professor Martine Meyer (1929-2013) and Professor Emerita Gabrielle Verdier for their vision in establishing the 51ÁÔÆæ Festival of Films in French.<\/p>\n\n\n\n<h3 class=\"wp-block-heading\">Interested in sponsorship opportunities?<\/h3>\n\n\n\n<p>Contact Leslie Horn<br><em>Office of Advancement<\/em><br>414-229-3294<br><a href=\"mailto:lahorn@uwm.edu\">lahorn@uwm.edu<\/a><\/p>\n<\/div>\n\n\n\n<div class=\"uwm-l-col uwm-l-col--4 uwm-l-offset--1\">\n<h2 class=\"wp-block-heading\" id=\"h-our-2026-supporters\">Our 2026 Supporters<\/h2>\n\n\n\n<figure><img loading=\"lazy\" decoding=\"async\" width=\"768\" height=\"1024\" src=\"https:\/\/uwm.edu\/world-languages-cultures\/wp-content\/uploads\/sites\/468\/2026\/03\/FFF2026-Website-Logos-Home-Page-768x1024-1.jpg\" alt=\"logos for 51ÁÔÆæ Cinema\n\nConsulat G\u00e9n\u00e9ral de France \u00c0 Chicago\n\nVilla Albertine\n\nAlbertine Foundation\n\nAlbertine Cin\u00e9math\u00e8que\n\nLynden Sculpture Garden\n\nSam &amp; Helen Stahl Center for Jewish Studies\n\nAlliance Fran\u00e7aise de Milwaukee\n\nQu\u00e9bec D\u00e9l\u00e9gation Chicago\" class=\"wp-image-24562\" srcset=\"https:\/\/uwm.edu\/world-languages-cultures\/wp-content\/uploads\/sites\/468\/2026\/03\/FFF2026-Website-Logos-Home-Page-768x1024-1.jpg 768w, https:\/\/uwm.edu\/world-languages-cultures\/wp-content\/uploads\/sites\/468\/2026\/03\/FFF2026-Website-Logos-Home-Page-768x1024-1-225x300.jpg 225w\" sizes=\"auto, (max-width: 768px) 100vw, 768px\" \/><\/figure>\n\n\n\n<p>The 51ÁÔÆæ French Program is grateful for the generous support of our community and institutional sponsors:<\/p>\n\n\n\n<ul class=\"wp-block-list uwm-c-list--border\">\n<li>Albertine Cin\u00e9math\u00e8que, a program of Albertine Foundation and Villa Albertine, with support from the CNC (Centre National du Cin\u00e9ma), and SACEM\/Fonds Culturel Franco-Am\u00e9ricain<\/li>\n\n\n\n<li>HOME &amp; the Lynden Sculpture Garden<\/li>\n\n\n\n<li>The Alliance Fran\u00e7aise of Milwaukee<\/li>\n\n\n\n<li>SWAAF (Southeast Wisconsin Academic Alliance in French)<\/li>\n\n\n\n<li>The Milwaukee French Immersion School<\/li>\n\n\n\n<li>The Qu\u00e9bec Government Office in Chicago<\/li>\n<\/ul>\n<\/div>\n<\/div>\n<\/div><\/section>\n\n\n\n<section class=\"uwm-bg-gray uwm-u-py-80 uwm-u-border--bottom uwm-u-border--white\"><div class=\"uwm-l-container--base uwm-l-container--overflow-hidden\"><h2 class=\"wp-block-heading heading-separator uwm-u-mt-0 size-h1\" id=\"campus-resources\">Campus Resources<\/h2>\r\n<p class=\"size-p-lg\">Enhance your college experience and unlock even more opportunities on campus. Start career planning, participate in wellness activities, \r\nconduct cutting-edge research and more.\u00a0<\/p>\r\n<div style=\"height:20px\" aria-hidden=\"true\" class=\"wp-block-spacer\"><\/div>\r\n<div class=\"uwm-u-flex uwm-u-flex--wrap uwm-u-flex--left\">\r\n<a class=\"uwm-c-button uwm-u-mr-20 uwm-u-mb-20\" href=\"https:\/\/uwm.edu\/future-students\/\" rel=\"\">Future Students<\/a>\r\n<a class=\"uwm-c-button uwm-u-mr-20 uwm-u-mb-20\" href=\"https:\/\/uwm.edu\/current-students\/\" rel=\"\">Current Students<\/a>\r\n<a class=\"uwm-c-button uwm-u-mr-20 uwm-u-mb-20\" href=\"https:\/\/uwm.edu\/international-students\/\" rel=\"\">International Students<\/a>\r\n<\/div>\n<\/div><\/section>\n","protected":false},"excerpt":{"rendered":"","protected":false},"author":1272,"featured_media":0,"parent":5201,"menu_order":4,"comment_status":"closed","ping_status":"closed","template":"templates\/full-width.php","meta":{"_acf_changed":false,"footnotes":"","uwm_wg_additional_authors":[]},"class_list":["post-24270","page","type-page","status-publish","hentry"],"yoast_head":"<!-- This site is optimized with the Yoast SEO Premium plugin v27.3 (Yoast SEO v27.3) - https:\/\/yoast.com\/product\/yoast-seo-premium-wordpress\/ -->\n<title>World Languages &amp; Cultures<\/title>\n<meta name=\"robots\" content=\"index, follow, max-snippet:-1, max-image-preview:large, max-video-preview:-1\" \/>\n<link rel=\"canonical\" href=\"https:\/\/uwm.edu\/world-languages-cultures\/students\/undergraduates\/french\/festival-of-films-in-french\/\" \/>\n<meta property=\"og:locale\" content=\"en_US\" \/>\n<meta property=\"og:type\" content=\"article\" \/>\n<meta property=\"og:title\" content=\"Festival of Films in French\" \/>\n<meta property=\"og:url\" content=\"https:\/\/uwm.edu\/world-languages-cultures\/students\/undergraduates\/french\/festival-of-films-in-french\/\" \/>\n<meta property=\"og:site_name\" content=\"World Languages &amp; Cultures\" \/>\n<meta property=\"article:modified_time\" content=\"2026-03-19T21:18:06+00:00\" \/>\n<meta property=\"og:image\" content=\"https:\/\/uwm.edu\/world-languages-cultures\/wp-content\/uploads\/sites\/468\/2026\/03\/Colors-of-Time-screenshot.webp\" \/>\n<meta name=\"twitter:card\" content=\"summary_large_image\" \/>\n<meta name=\"twitter:label1\" content=\"Est. reading time\" \/>\n\t<meta name=\"twitter:data1\" content=\"12 minutes\" \/>\n<script type=\"application\/ld+json\" class=\"yoast-schema-graph\">{\"@context\":\"https:\\\/\\\/schema.org\",\"@graph\":[{\"@type\":\"WebPage\",\"@id\":\"https:\\\/\\\/uwm.edu\\\/world-languages-cultures\\\/students\\\/undergraduates\\\/french\\\/festival-of-films-in-french\\\/\",\"url\":\"https:\\\/\\\/uwm.edu\\\/world-languages-cultures\\\/students\\\/undergraduates\\\/french\\\/festival-of-films-in-french\\\/\",\"name\":\"Festival of Films in French - World Languages &amp; Cultures\",\"isPartOf\":{\"@id\":\"https:\\\/\\\/uwm.edu\\\/world-languages-cultures\\\/#website\"},\"primaryImageOfPage\":{\"@id\":\"https:\\\/\\\/uwm.edu\\\/world-languages-cultures\\\/students\\\/undergraduates\\\/french\\\/festival-of-films-in-french\\\/#primaryimage\"},\"image\":{\"@id\":\"https:\\\/\\\/uwm.edu\\\/world-languages-cultures\\\/students\\\/undergraduates\\\/french\\\/festival-of-films-in-french\\\/#primaryimage\"},\"thumbnailUrl\":\"https:\\\/\\\/uwm.edu\\\/world-languages-cultures\\\/wp-content\\\/uploads\\\/sites\\\/468\\\/2026\\\/03\\\/Colors-of-Time-screenshot.webp\",\"datePublished\":\"2026-03-11T17:43:12+00:00\",\"dateModified\":\"2026-03-19T21:18:06+00:00\",\"breadcrumb\":{\"@id\":\"https:\\\/\\\/uwm.edu\\\/world-languages-cultures\\\/students\\\/undergraduates\\\/french\\\/festival-of-films-in-french\\\/#breadcrumb\"},\"inLanguage\":\"en-US\",\"potentialAction\":[{\"@type\":\"ReadAction\",\"target\":[\"https:\\\/\\\/uwm.edu\\\/world-languages-cultures\\\/students\\\/undergraduates\\\/french\\\/festival-of-films-in-french\\\/\"]}]},{\"@type\":\"ImageObject\",\"inLanguage\":\"en-US\",\"@id\":\"https:\\\/\\\/uwm.edu\\\/world-languages-cultures\\\/students\\\/undergraduates\\\/french\\\/festival-of-films-in-french\\\/#primaryimage\",\"url\":\"https:\\\/\\\/uwm.edu\\\/world-languages-cultures\\\/wp-content\\\/uploads\\\/sites\\\/468\\\/2026\\\/03\\\/Colors-of-Time-screenshot.webp\",\"contentUrl\":\"https:\\\/\\\/uwm.edu\\\/world-languages-cultures\\\/wp-content\\\/uploads\\\/sites\\\/468\\\/2026\\\/03\\\/Colors-of-Time-screenshot.webp\",\"width\":1500,\"height\":400,\"caption\":\"Color of Time period movie screenshot of woman in red dress\"},{\"@type\":\"BreadcrumbList\",\"@id\":\"https:\\\/\\\/uwm.edu\\\/world-languages-cultures\\\/students\\\/undergraduates\\\/french\\\/festival-of-films-in-french\\\/#breadcrumb\",\"itemListElement\":[{\"@type\":\"ListItem\",\"position\":1,\"name\":\"Home\",\"item\":\"https:\\\/\\\/uwm.edu\\\/world-languages-cultures\\\/\"},{\"@type\":\"ListItem\",\"position\":2,\"name\":\"Student Resources\",\"item\":\"https:\\\/\\\/uwm.edu\\\/world-languages-cultures\\\/students\\\/\"},{\"@type\":\"ListItem\",\"position\":3,\"name\":\"Undergraduate\",\"item\":\"https:\\\/\\\/uwm.edu\\\/world-languages-cultures\\\/students\\\/undergraduates\\\/\"},{\"@type\":\"ListItem\",\"position\":4,\"name\":\"French\",\"item\":\"https:\\\/\\\/uwm.edu\\\/world-languages-cultures\\\/students\\\/undergraduates\\\/french\\\/\"},{\"@type\":\"ListItem\",\"position\":5,\"name\":\"Festival of Films in French\"}]},{\"@type\":\"WebSite\",\"@id\":\"https:\\\/\\\/uwm.edu\\\/world-languages-cultures\\\/#website\",\"url\":\"https:\\\/\\\/uwm.edu\\\/world-languages-cultures\\\/\",\"name\":\"World Languages &amp; Cultures\",\"description\":\"College of Letters and Science\",\"potentialAction\":[{\"@type\":\"SearchAction\",\"target\":{\"@type\":\"EntryPoint\",\"urlTemplate\":\"https:\\\/\\\/uwm.edu\\\/world-languages-cultures\\\/?s={search_term_string}\"},\"query-input\":{\"@type\":\"PropertyValueSpecification\",\"valueRequired\":true,\"valueName\":\"search_term_string\"}}],\"inLanguage\":\"en-US\"}]}<\/script>\n<!-- \/ Yoast SEO Premium plugin. -->","yoast_head_json":{"title":"World Languages &amp; Cultures","robots":{"index":"index","follow":"follow","max-snippet":"max-snippet:-1","max-image-preview":"max-image-preview:large","max-video-preview":"max-video-preview:-1"},"canonical":"https:\/\/uwm.edu\/world-languages-cultures\/students\/undergraduates\/french\/festival-of-films-in-french\/","og_locale":"en_US","og_type":"article","og_title":"Festival of Films in French","og_url":"https:\/\/uwm.edu\/world-languages-cultures\/students\/undergraduates\/french\/festival-of-films-in-french\/","og_site_name":"World Languages &amp; Cultures","article_modified_time":"2026-03-19T21:18:06+00:00","og_image":[{"url":"https:\/\/uwm.edu\/world-languages-cultures\/wp-content\/uploads\/sites\/468\/2026\/03\/Colors-of-Time-screenshot.webp","type":"","width":"","height":""}],"twitter_card":"summary_large_image","twitter_misc":{"Est. reading time":"12 minutes"},"schema":{"@context":"https:\/\/schema.org","@graph":[{"@type":"WebPage","@id":"https:\/\/uwm.edu\/world-languages-cultures\/students\/undergraduates\/french\/festival-of-films-in-french\/","url":"https:\/\/uwm.edu\/world-languages-cultures\/students\/undergraduates\/french\/festival-of-films-in-french\/","name":"Festival of Films in French - World Languages &amp; Cultures","isPartOf":{"@id":"https:\/\/uwm.edu\/world-languages-cultures\/#website"},"primaryImageOfPage":{"@id":"https:\/\/uwm.edu\/world-languages-cultures\/students\/undergraduates\/french\/festival-of-films-in-french\/#primaryimage"},"image":{"@id":"https:\/\/uwm.edu\/world-languages-cultures\/students\/undergraduates\/french\/festival-of-films-in-french\/#primaryimage"},"thumbnailUrl":"https:\/\/uwm.edu\/world-languages-cultures\/wp-content\/uploads\/sites\/468\/2026\/03\/Colors-of-Time-screenshot.webp","datePublished":"2026-03-11T17:43:12+00:00","dateModified":"2026-03-19T21:18:06+00:00","breadcrumb":{"@id":"https:\/\/uwm.edu\/world-languages-cultures\/students\/undergraduates\/french\/festival-of-films-in-french\/#breadcrumb"},"inLanguage":"en-US","potentialAction":[{"@type":"ReadAction","target":["https:\/\/uwm.edu\/world-languages-cultures\/students\/undergraduates\/french\/festival-of-films-in-french\/"]}]},{"@type":"ImageObject","inLanguage":"en-US","@id":"https:\/\/uwm.edu\/world-languages-cultures\/students\/undergraduates\/french\/festival-of-films-in-french\/#primaryimage","url":"https:\/\/uwm.edu\/world-languages-cultures\/wp-content\/uploads\/sites\/468\/2026\/03\/Colors-of-Time-screenshot.webp","contentUrl":"https:\/\/uwm.edu\/world-languages-cultures\/wp-content\/uploads\/sites\/468\/2026\/03\/Colors-of-Time-screenshot.webp","width":1500,"height":400,"caption":"Color of Time period movie screenshot of woman in red dress"},{"@type":"BreadcrumbList","@id":"https:\/\/uwm.edu\/world-languages-cultures\/students\/undergraduates\/french\/festival-of-films-in-french\/#breadcrumb","itemListElement":[{"@type":"ListItem","position":1,"name":"Home","item":"https:\/\/uwm.edu\/world-languages-cultures\/"},{"@type":"ListItem","position":2,"name":"Student Resources","item":"https:\/\/uwm.edu\/world-languages-cultures\/students\/"},{"@type":"ListItem","position":3,"name":"Undergraduate","item":"https:\/\/uwm.edu\/world-languages-cultures\/students\/undergraduates\/"},{"@type":"ListItem","position":4,"name":"French","item":"https:\/\/uwm.edu\/world-languages-cultures\/students\/undergraduates\/french\/"},{"@type":"ListItem","position":5,"name":"Festival of Films in French"}]},{"@type":"WebSite","@id":"https:\/\/uwm.edu\/world-languages-cultures\/#website","url":"https:\/\/uwm.edu\/world-languages-cultures\/","name":"World Languages &amp; Cultures","description":"College of Letters and Science","potentialAction":[{"@type":"SearchAction","target":{"@type":"EntryPoint","urlTemplate":"https:\/\/uwm.edu\/world-languages-cultures\/?s={search_term_string}"},"query-input":{"@type":"PropertyValueSpecification","valueRequired":true,"valueName":"search_term_string"}}],"inLanguage":"en-US"}]}},"acf":[],"_links":{"self":[{"href":"https:\/\/uwm.edu\/world-languages-cultures\/wp-json\/wp\/v2\/pages\/24270","targetHints":{"allow":["GET"]}}],"collection":[{"href":"https:\/\/uwm.edu\/world-languages-cultures\/wp-json\/wp\/v2\/pages"}],"about":[{"href":"https:\/\/uwm.edu\/world-languages-cultures\/wp-json\/wp\/v2\/types\/page"}],"author":[{"embeddable":true,"href":"https:\/\/uwm.edu\/world-languages-cultures\/wp-json\/wp\/v2\/users\/1272"}],"replies":[{"embeddable":true,"href":"https:\/\/uwm.edu\/world-languages-cultures\/wp-json\/wp\/v2\/comments?post=24270"}],"version-history":[{"count":14,"href":"https:\/\/uwm.edu\/world-languages-cultures\/wp-json\/wp\/v2\/pages\/24270\/revisions"}],"predecessor-version":[{"id":24808,"href":"https:\/\/uwm.edu\/world-languages-cultures\/wp-json\/wp\/v2\/pages\/24270\/revisions\/24808"}],"up":[{"embeddable":true,"href":"https:\/\/uwm.edu\/world-languages-cultures\/wp-json\/wp\/v2\/pages\/5201"}],"wp:attachment":[{"href":"https:\/\/uwm.edu\/world-languages-cultures\/wp-json\/wp\/v2\/media?parent=24270"}],"curies":[{"name":"wp","href":"https:\/\/api.w.org\/{rel}","templated":true}]}}