  {"id":23793,"date":"2025-09-04T14:47:48","date_gmt":"2025-09-04T19:47:48","guid":{"rendered":"https:\/\/uwm.edu\/world-languages-cultures\/?page_id=23793"},"modified":"2025-09-04T14:47:50","modified_gmt":"2025-09-04T19:47:50","slug":"inclusive-language-in-spanish","status":"publish","type":"page","link":"https:\/\/uwm.edu\/world-languages-cultures\/students\/undergraduates\/spanish\/inclusive-language-in-spanish\/","title":{"rendered":"Inclusive Language in Spanish\u00a0"},"content":{"rendered":"\n<p>This website offers suggestions on how to use the Spanish language in a more inclusive way and provides suggestions for how to use gender-neutral forms. Our purpose in providing these options is not to dictate rules or determine how people should identify themselves, but rather to enable students and instructors of Spanish to express their identities through more inclusive language, even though such a system does not yet exist in the standard language.&nbsp;<\/p>\n\n\n\n<p>The non-binary language system adopted here only applies to people, not to inanimate objects or animals. The masculine\/feminine forms for objects and animals remain the same. For example, the sentence \u201c<em>Esta es nuestra casa.<\/em>\u201d does not change. In addition, words used to refer to people that do not mark gender also remain the same, such as \u201c<strong><em>Yo<\/em><\/strong><em> estoy <\/em><strong><em>triste<\/em><\/strong><em>.<\/em>\u201d \u201c<strong><em>Mis<\/em><\/strong><em> <\/em><strong><em>estudiantes<\/em><\/strong><em> son <\/em><strong><em>inteligentes<\/em><\/strong><em>.<\/em>\u201d, \u201c<strong><em>T\u00fa<\/em><\/strong><em> <\/em><strong><em>le<\/em><\/strong><em> diste el regalo\u201d<\/em>.&nbsp;<\/p>\n\n\n\n<p class=\"uwm-c-link--external\">Since there is no accepted standard yet, different speakers may choose to use different gender-neutral forms (See <a href=\"https:\/\/nonbinary.wiki\/wiki\/Gender_neutral_language_in_Spanish\" target=\"_blank\" rel=\"noreferrer noopener\">https:\/\/nonbinary.wiki\/wiki\/Gender_neutral_language_in_Spanish<\/a>) and these forms may continue to evolve over time, but the suggested endings in the following table are based on the neutral -e ending. For further details on neutral forms, see Roc\u00edo G\u00f3mez\u00b4s \u00a8Peque\u00f1o manifiesto sobre el g\u00e9nero neutro en castellano\u00a8 (2016) <a href=\"https:\/\/linguaultrafinitio.files.wordpress.com\/2016\/04\/pequec3b1o-manifiesto-sobre-el-gc3a9nero-neutro-en-castellano.pdf\" target=\"_blank\" rel=\"noreferrer noopener\">https:\/\/linguaultrafinitio.files.wordpress.com\/2016\/04\/pequec3b1o-manifiesto-sobre-el-gc3a9nero-neutro-en-castellano.pdf<\/a>.&nbsp;<\/p>\n\n\n\n<p>The use of non-binary forms takes time and practice, especially for people who are accustomed to using the binary system, such as native-speakers, teachers and advanced language learners of Spanish. Mistakes will certainly be made, so it is important that students and teachers be understanding and help each other in what is a process of learning for all of us.&nbsp;<\/p>\n\n\n\n<p><strong>Resumen de formas gramaticales masculinas, femininas y neutras<\/strong>&nbsp;<\/p>\n\n\n\n<figure class=\"uwm-c-table\"><table class=\"has-fixed-layout\"><thead><tr><th><\/th><th>Masculino<\/th><th>Feminino<\/th><th>Neutro<\/th><\/tr><\/thead><tbody><tr><td colspan=\"4\"><strong>I. PRONOMBRES PERSONALES (PERSONAL PRONOUNS)<\/strong>&nbsp;<\/td><\/tr><tr><td><strong>Pronombres de sujeto <\/strong>&nbsp;<br><strong>(Subject pronouns)<\/strong>&nbsp;<\/td><td>\u00e9l&nbsp;ellos&nbsp;nosotros&nbsp;vosotros&nbsp;<\/td><td>ella&nbsp;ellas&nbsp;nosotras&nbsp;vosotras&nbsp;<\/td><td>elle&nbsp;elles&nbsp;nosotres&nbsp;vosotres&nbsp;<\/td><\/tr><tr><td><strong>Pronombres de objeto directo en 3\u00aa persona (3rd person directo object pronouns)<\/strong>&nbsp;<\/td><td>lo&nbsp;&nbsp;<\/td><td>la&nbsp;&nbsp;<\/td><td>le&nbsp;<br>&nbsp;&nbsp;<\/td><\/tr><tr><td colspan=\"4\"><strong>II. DETERMINANTES (DETERMINERS)<\/strong>&nbsp;<\/td><\/tr><tr><td><strong>Art\u00edculos definidos (Definite articles)<\/strong>&nbsp;<\/td><td>el, los&nbsp;<\/td><td>la, las&nbsp;<\/td><td>le, les&nbsp;<\/td><\/tr><tr><td><strong>Art\u00edculos indefinidos (Indefinite articles)<\/strong>&nbsp;<\/td><td>un, unos&nbsp;<\/td><td>una, unas&nbsp;<\/td><td>une, unes&nbsp;<\/td><\/tr><tr><td><strong>Posesivos \u00e1tonos (Unstressed possessives)<\/strong>&nbsp;<\/td><td>nuestro, nuestros&nbsp;<br>vuestro, vuestros&nbsp;<\/td><td>nuestra, nuestras&nbsp;<br>vuestra, vuestras&nbsp;<\/td><td>nuestre, nuestres&nbsp;<br>vuestre, vuestres&nbsp;<\/td><\/tr><tr><td><strong>Posesivos t\u00f3nicos (Stressed possessives)<\/strong>&nbsp;<\/td><td>m\u00edo, m\u00edos&nbsp;tuyo, tuyos&nbsp;suyo, suyos&nbsp;<br>nuestro, nuestros&nbsp;<br>vuestro, vuestros&nbsp;<\/td><td>m\u00eda, m\u00edas&nbsp;tuya, tuyas&nbsp;<br>suya, suyas&nbsp;<br>nuestra, nuestras&nbsp;<br>vuestra, vuestras&nbsp;<\/td><td>m\u00ede, m\u00edes &nbsp;<br>tuye, tuyes&nbsp;suye, suyes&nbsp;nuestre, nuestres&nbsp;<br>vuestre, vuestres&nbsp;<\/td><\/tr><tr><td><strong>Demostrativos<\/strong>&nbsp;<strong>(Demonstratives)<\/strong>&nbsp;<\/td><td>este, estos&nbsp;ese, esos&nbsp;<br>aquel, aquellos&nbsp;<\/td><td>esta, estas&nbsp;esa, esas&nbsp;<br>aquella, aquellas&nbsp;<\/td><td>este, estes&nbsp;<br>ese, eses&nbsp;<br>aquelle, aquelles&nbsp;<\/td><\/tr><tr><td colspan=\"4\"><strong>III. FLEXIONES DE G\u00caNERO (GENDER ENDINGS)<\/strong>&nbsp;<\/td><\/tr><tr><td><strong>Sustantivos y adjetivos<\/strong><strong> terminados en -o y -a<\/strong>&nbsp;<br><strong>(Nouns &amp; adjectives ending in -o and -a)<\/strong>&nbsp;<br><strong>*Note spelling change<\/strong>&nbsp;<\/td><td>ni\u00f1o, ni\u00f1os&nbsp;alto, altos&nbsp;<br>chico, chicos&nbsp;<br>amigo, amigos&nbsp;<br>m\u00e9dico, m\u00e9dicos&nbsp;<\/td><td>ni\u00f1a, ni\u00f1as&nbsp;<br>alta, altas&nbsp;chica, chicas&nbsp;<br>amiga, amigas&nbsp;<br>m\u00e9dica, m\u00e9dicas&nbsp;<\/td><td>ni\u00f1e, ni\u00f1es&nbsp;<br>alte, altes&nbsp;chique, chiques&nbsp;<br>amigue, amigues*&nbsp;m\u00e9dique, m\u00e9diques*&nbsp;<\/td><\/tr><tr><td><strong>Sustantivos y adjetivos terminados en consonante<\/strong>&nbsp;<br><strong>(Nouns &amp; adjectives ending in consonante)<\/strong>&nbsp;<\/td><td>profesor, profesores&nbsp;<br>espa\u00f1ol, espa\u00f1oles&nbsp;<\/td><td>profesora, profesoras&nbsp;<br>espa\u00f1ola, espa\u00f1olas&nbsp;<\/td><td>profesore, profesores&nbsp;<br>espa\u00f1ole, espa\u00f1oles&nbsp;<\/td><\/tr><\/tbody><\/table><\/figure>\n","protected":false},"excerpt":{"rendered":"<p>This website offers suggestions on how to use the Spanish language in a more inclusive way and provides suggestions for how to use gender-neutral forms. Our purpose in providing these options is not to dictate rules or determine how people &hellip;<\/p>\n","protected":false},"author":19040,"featured_media":0,"parent":34,"menu_order":5,"comment_status":"closed","ping_status":"closed","template":"","meta":{"_acf_changed":false,"footnotes":"","uwm_wg_additional_authors":[]},"class_list":["post-23793","page","type-page","status-publish","hentry"],"yoast_head":"<!-- This site is optimized with the Yoast SEO Premium plugin v27.3 (Yoast SEO v27.3) - https:\/\/yoast.com\/product\/yoast-seo-premium-wordpress\/ -->\n<title>World Languages &amp; Cultures<\/title>\n<meta name=\"robots\" content=\"index, follow, max-snippet:-1, max-image-preview:large, max-video-preview:-1\" \/>\n<link rel=\"canonical\" href=\"https:\/\/uwm.edu\/world-languages-cultures\/inclusive-language-in-spanish\/\" \/>\n<meta property=\"og:locale\" content=\"en_US\" \/>\n<meta property=\"og:type\" content=\"article\" \/>\n<meta property=\"og:title\" content=\"Inclusive Language in Spanish\u00a0\" \/>\n<meta property=\"og:description\" content=\"This website offers suggestions on how to use the Spanish language in a more inclusive way and provides suggestions for how to use gender-neutral forms. Our purpose in providing these options is not to dictate rules or determine how people &hellip;\" \/>\n<meta property=\"og:url\" content=\"https:\/\/uwm.edu\/world-languages-cultures\/inclusive-language-in-spanish\/\" \/>\n<meta property=\"og:site_name\" content=\"World Languages &amp; Cultures\" \/>\n<meta property=\"article:modified_time\" content=\"2025-09-04T19:47:50+00:00\" \/>\n<meta name=\"twitter:card\" content=\"summary_large_image\" \/>\n<meta name=\"twitter:label1\" content=\"Est. reading time\" \/>\n\t<meta name=\"twitter:data1\" content=\"3 minutes\" \/>\n<script type=\"application\/ld+json\" class=\"yoast-schema-graph\">{\"@context\":\"https:\\\/\\\/schema.org\",\"@graph\":[{\"@type\":\"WebPage\",\"@id\":\"https:\\\/\\\/uwm.edu\\\/world-languages-cultures\\\/inclusive-language-in-spanish\\\/\",\"url\":\"https:\\\/\\\/uwm.edu\\\/world-languages-cultures\\\/inclusive-language-in-spanish\\\/\",\"name\":\"Inclusive Language in Spanish\u00a0 - World Languages &amp; Cultures\",\"isPartOf\":{\"@id\":\"https:\\\/\\\/uwm.edu\\\/world-languages-cultures\\\/#website\"},\"datePublished\":\"2025-09-04T19:47:48+00:00\",\"dateModified\":\"2025-09-04T19:47:50+00:00\",\"breadcrumb\":{\"@id\":\"https:\\\/\\\/uwm.edu\\\/world-languages-cultures\\\/inclusive-language-in-spanish\\\/#breadcrumb\"},\"inLanguage\":\"en-US\",\"potentialAction\":[{\"@type\":\"ReadAction\",\"target\":[\"https:\\\/\\\/uwm.edu\\\/world-languages-cultures\\\/inclusive-language-in-spanish\\\/\"]}]},{\"@type\":\"BreadcrumbList\",\"@id\":\"https:\\\/\\\/uwm.edu\\\/world-languages-cultures\\\/inclusive-language-in-spanish\\\/#breadcrumb\",\"itemListElement\":[{\"@type\":\"ListItem\",\"position\":1,\"name\":\"Home\",\"item\":\"https:\\\/\\\/uwm.edu\\\/world-languages-cultures\\\/\"},{\"@type\":\"ListItem\",\"position\":2,\"name\":\"Student Resources\",\"item\":\"https:\\\/\\\/uwm.edu\\\/world-languages-cultures\\\/students\\\/\"},{\"@type\":\"ListItem\",\"position\":3,\"name\":\"Undergraduate\",\"item\":\"https:\\\/\\\/uwm.edu\\\/world-languages-cultures\\\/students\\\/undergraduates\\\/\"},{\"@type\":\"ListItem\",\"position\":4,\"name\":\"Spanish\",\"item\":\"https:\\\/\\\/uwm.edu\\\/world-languages-cultures\\\/students\\\/undergraduates\\\/spanish\\\/\"},{\"@type\":\"ListItem\",\"position\":5,\"name\":\"Inclusive Language in Spanish\u00a0\"}]},{\"@type\":\"WebSite\",\"@id\":\"https:\\\/\\\/uwm.edu\\\/world-languages-cultures\\\/#website\",\"url\":\"https:\\\/\\\/uwm.edu\\\/world-languages-cultures\\\/\",\"name\":\"World Languages &amp; Cultures\",\"description\":\"College of Letters and Science\",\"potentialAction\":[{\"@type\":\"SearchAction\",\"target\":{\"@type\":\"EntryPoint\",\"urlTemplate\":\"https:\\\/\\\/uwm.edu\\\/world-languages-cultures\\\/?s={search_term_string}\"},\"query-input\":{\"@type\":\"PropertyValueSpecification\",\"valueRequired\":true,\"valueName\":\"search_term_string\"}}],\"inLanguage\":\"en-US\"}]}<\/script>\n<!-- \/ Yoast SEO Premium plugin. -->","yoast_head_json":{"title":"World Languages &amp; Cultures","robots":{"index":"index","follow":"follow","max-snippet":"max-snippet:-1","max-image-preview":"max-image-preview:large","max-video-preview":"max-video-preview:-1"},"canonical":"https:\/\/uwm.edu\/world-languages-cultures\/inclusive-language-in-spanish\/","og_locale":"en_US","og_type":"article","og_title":"Inclusive Language in Spanish\u00a0","og_description":"This website offers suggestions on how to use the Spanish language in a more inclusive way and provides suggestions for how to use gender-neutral forms. Our purpose in providing these options is not to dictate rules or determine how people &hellip;","og_url":"https:\/\/uwm.edu\/world-languages-cultures\/inclusive-language-in-spanish\/","og_site_name":"World Languages &amp; Cultures","article_modified_time":"2025-09-04T19:47:50+00:00","twitter_card":"summary_large_image","twitter_misc":{"Est. reading time":"3 minutes"},"schema":{"@context":"https:\/\/schema.org","@graph":[{"@type":"WebPage","@id":"https:\/\/uwm.edu\/world-languages-cultures\/inclusive-language-in-spanish\/","url":"https:\/\/uwm.edu\/world-languages-cultures\/inclusive-language-in-spanish\/","name":"Inclusive Language in Spanish\u00a0 - World Languages &amp; Cultures","isPartOf":{"@id":"https:\/\/uwm.edu\/world-languages-cultures\/#website"},"datePublished":"2025-09-04T19:47:48+00:00","dateModified":"2025-09-04T19:47:50+00:00","breadcrumb":{"@id":"https:\/\/uwm.edu\/world-languages-cultures\/inclusive-language-in-spanish\/#breadcrumb"},"inLanguage":"en-US","potentialAction":[{"@type":"ReadAction","target":["https:\/\/uwm.edu\/world-languages-cultures\/inclusive-language-in-spanish\/"]}]},{"@type":"BreadcrumbList","@id":"https:\/\/uwm.edu\/world-languages-cultures\/inclusive-language-in-spanish\/#breadcrumb","itemListElement":[{"@type":"ListItem","position":1,"name":"Home","item":"https:\/\/uwm.edu\/world-languages-cultures\/"},{"@type":"ListItem","position":2,"name":"Student Resources","item":"https:\/\/uwm.edu\/world-languages-cultures\/students\/"},{"@type":"ListItem","position":3,"name":"Undergraduate","item":"https:\/\/uwm.edu\/world-languages-cultures\/students\/undergraduates\/"},{"@type":"ListItem","position":4,"name":"Spanish","item":"https:\/\/uwm.edu\/world-languages-cultures\/students\/undergraduates\/spanish\/"},{"@type":"ListItem","position":5,"name":"Inclusive Language in Spanish\u00a0"}]},{"@type":"WebSite","@id":"https:\/\/uwm.edu\/world-languages-cultures\/#website","url":"https:\/\/uwm.edu\/world-languages-cultures\/","name":"World Languages &amp; Cultures","description":"College of Letters and Science","potentialAction":[{"@type":"SearchAction","target":{"@type":"EntryPoint","urlTemplate":"https:\/\/uwm.edu\/world-languages-cultures\/?s={search_term_string}"},"query-input":{"@type":"PropertyValueSpecification","valueRequired":true,"valueName":"search_term_string"}}],"inLanguage":"en-US"}]}},"acf":[],"_links":{"self":[{"href":"https:\/\/uwm.edu\/world-languages-cultures\/wp-json\/wp\/v2\/pages\/23793","targetHints":{"allow":["GET"]}}],"collection":[{"href":"https:\/\/uwm.edu\/world-languages-cultures\/wp-json\/wp\/v2\/pages"}],"about":[{"href":"https:\/\/uwm.edu\/world-languages-cultures\/wp-json\/wp\/v2\/types\/page"}],"author":[{"embeddable":true,"href":"https:\/\/uwm.edu\/world-languages-cultures\/wp-json\/wp\/v2\/users\/19040"}],"replies":[{"embeddable":true,"href":"https:\/\/uwm.edu\/world-languages-cultures\/wp-json\/wp\/v2\/comments?post=23793"}],"version-history":[{"count":1,"href":"https:\/\/uwm.edu\/world-languages-cultures\/wp-json\/wp\/v2\/pages\/23793\/revisions"}],"predecessor-version":[{"id":23794,"href":"https:\/\/uwm.edu\/world-languages-cultures\/wp-json\/wp\/v2\/pages\/23793\/revisions\/23794"}],"up":[{"embeddable":true,"href":"https:\/\/uwm.edu\/world-languages-cultures\/wp-json\/wp\/v2\/pages\/34"}],"wp:attachment":[{"href":"https:\/\/uwm.edu\/world-languages-cultures\/wp-json\/wp\/v2\/media?parent=23793"}],"curies":[{"name":"wp","href":"https:\/\/api.w.org\/{rel}","templated":true}]}}