  {"id":22633,"date":"2015-10-23T10:05:09","date_gmt":"2015-10-23T15:05:09","guid":{"rendered":"https:\/\/uwm.edu\/spanish-portuguese\/?page_id=1217"},"modified":"2025-07-10T15:38:52","modified_gmt":"2025-07-10T20:38:52","slug":"interviews-on-galician-studies","status":"publish","type":"page","link":"https:\/\/uwm.edu\/world-languages-cultures\/students\/undergraduates\/portuguese\/media\/interviews-on-galician-studies\/","title":{"rendered":"Interviews on Galician Studies"},"content":{"rendered":"<div class=\"row\">\n<div class=\"col-xs-12\">\n<h2 class=\"ls-no-marg-t\">Interview with Distinguished Professor Rosario \u00c1lvarez<\/h2>\n<p>Rosario \u00c1lvarez, Ph.D., is a Distinguished Professor of Galician and Portuguese Philology at the University of Santiago de Compostela. Her areas of specialization include\u00a0language variation (primarily geographical) and change in Galician. Professor \u00c1lvarez\u00a0has been an ab initio member of the team developing the <em>Atlas Ling\u00fc\u00edstico Galego<\/em>, is a co-author of two Galician grammars, and the chief researcher of the team writing the grammar of the Real Academia Galega. She leads the <em>Tesouro do l\u00e9xico patrimonial galego e portugu\u00e9s<\/em> project, which involves teams in Galicia, Portugal and Brazil. She is also general editor of the journal Estudos de Ling\u00fc\u00edstica Galega. Professor\u00a0Alvarez has been Vice-Chancellor of Teaching Staff at USC\u00a0(1990-94), Chair of its Department of Galician Philology (1995-99) and the Instituto da Lingua Galega (2005-13). She is a permanent member of the Real Academia Galega, directs its Grammar Seminar, and is also the Vice-President of the Consello da Cultura Galega.<\/p>\n<p>This interview, held on November 20 2015, and conducted by Julia Montemu\u00ed\u00f1o and Ruth Otero Carballa, covers topics such as Dr. \u00c1lvarez\u2019s views on the current situation of Galician Studies in North America and in the Iberian context, the creation of a permanent section on Galician Studies at MLA in 2014, and the future prospects for Galician Studies.<\/p>\n<div style=\"padding:56.25% 0 0 0;position:relative\"><iframe src=\"https:\/\/player.vimeo.com\/video\/148537229?badge=0&amp;autopause=0&amp;player_id=0&amp;app_id=58479\" frameborder=\"0\" allow=\"autoplay; fullscreen; picture-in-picture; clipboard-write\" style=\"position:absolute;top:0;left:0;width:100%;height:100%\" title=\"Rosario \u00c1lvarez Interview\"><\/iframe><\/div>\n<p><script src=\"https:\/\/player.vimeo.com\/api\/player.js\"><\/script><\/p>\n<hr \/>\n<\/div>\n<div class=\"col-xs-12\">\u00a0<\/p>\n<h2>Professor George Greenia, College of William and Mary<\/h2>\n<p>George Greenia, Ph.D., is a professor at the College of William and Mary in Williamsburg, Virginia. His areas of specialization include the languages, literatures, and cultural history of Medieval Iberia from the 13th through the 15th century. Professor Greenia also researches medieval book culture and the archeology of the manuscript book, manuscript illuminations, pilgrimage studies, and linguistics. He has contributed to Galician studies not only through his research, but also as the founder of the Institute for Pilgrimage Studies at the College of William and Mary. Greenia promotes and educates others about the Camino de Santiago through his scholarship, classes and travels to the pilgrimage site led by the professor himself.<\/p>\n<p>In this interview, Professor Greenia explains how he became interested in Galician Studies and the Camino de Santiago as well as the connections that he has found between the Camino de Santiago and Iberian Literature and Culture. Greenia also discusses the Institute for Pilgrimage Studies for those who may not be familiar with the organization. Finally, Professor Greenia comments on the travels that he makes with students to the pilgrimage site and what resonates most with students.<\/p>\n<div style=\"padding:56.25% 0 0 0;position:relative\"><iframe src=\"https:\/\/player.vimeo.com\/video\/98433879?badge=0&amp;autopause=0&amp;player_id=0&amp;app_id=58479\" frameborder=\"0\" allow=\"autoplay; fullscreen; picture-in-picture; clipboard-write\" style=\"position:absolute;top:0;left:0;width:100%;height:100%\" title=\"Professor George Greenia, College of William and Mary, interviewed by  Katie Ginsbach\"><\/iframe><\/div>\n<p><script src=\"https:\/\/player.vimeo.com\/api\/player.js\"><\/script><\/p>\n<hr \/>\n<\/div>\n<div class=\"col-xs-12\">\n<h2>Kathleen March, University of Maine &#8211; Orono<\/h2>\n<p>Kathleen March, Ph.D., is a professor at the University of Maine in Orono, Maine. Her areas of specialization and research include Translation and Translation Studies, Galician Studies, Contemporary Latin American Literature, and Women\u2019s Studies. Service-learning is another area of interest for March and she leads by example through her endeavors serving both the University of Maine and the community for which she was awarded the College of Liberal Arts and Sciences\u2019 Faculty Award for Outstanding Service. Professor March has played a key role in the promotion of Galician Studies by founding the Galician Studies Association in 1985. This association has grown tremendously and is now the International Association of Galician Studies\/Asociaci\u00f3n Internacional de Estudos Galegos.<\/p>\n<p>In this interview, Professor March explains how she became interested in Galician Studies and also provides insight on how Galician Studies have evolved from the first association that she founded in 1985 to the present. March also discusses Galician Literature and Culture as well as her opinions on the future of Galician Studies based on her longevity and expertise in the field.<\/p>\n<div style=\"padding:56.25% 0 0 0;position:relative\"><iframe src=\"https:\/\/player.vimeo.com\/video\/97956069?badge=0&amp;autopause=0&amp;player_id=0&amp;app_id=58479\" frameborder=\"0\" allow=\"autoplay; fullscreen; picture-in-picture; clipboard-write\" style=\"position:absolute;top:0;left:0;width:100%;height:100%\" title=\"Kathleen March, University of Maine - Orono, interviewed by  Katie Ginsbach\"><\/iframe><\/div>\n<p><script src=\"https:\/\/player.vimeo.com\/api\/player.js\"><\/script><\/p>\n<hr \/>\n<\/div>\n<div class=\"col-xs-12\">\n<h2>Sharon Roseman, Memorial University, Canada<\/h2>\n<p>Sharon Roseman, Ph.D., is a professor at Memorial University of Newfoundland, Canada, where she works in the Department of Anthropology. Her research interests include Galicia, Finnmark, Newfoundland and Labrador, Historical Anthropology, Memory, Anthropology of Labor, Critical Mobility and Migration Studies, Feminist Anthropology, Food Studies, Translation Studies, Alternative Media, and Audiovisual Anthropology. Professor Roseman\u2019s expertise in Anthropology provides a unique and valuable perspective to Galician Studies. Among her contributions to the field, Roseman has edited conference proceedings and academic journals, published ethnographic photography, and written multiple articles and books, all regarding Galician culture, heritage, and society.<\/p>\n<p>In this interview Professor Roseman discusses how she became interested in Galician culture, heritage and society, as well as what an anthropological perspective contributes to Galician Studies. She also outlines some of the ways in which she has utilized her area of specialization to collaborate with other scholars to further knowledge and scholarship in the field. Finally, Professor Roseman comments on the first ever, break-through symposium on Galician Studies held at UW-Milwaukee and relays her thoughts on the future of studies concerning Galicia.<\/p>\n<div style=\"padding:56.25% 0 0 0;position:relative\"><iframe src=\"https:\/\/player.vimeo.com\/video\/97956443?badge=0&amp;autopause=0&amp;player_id=0&amp;app_id=58479\" frameborder=\"0\" allow=\"autoplay; fullscreen; picture-in-picture; clipboard-write\" style=\"position:absolute;top:0;left:0;width:100%;height:100%\" title=\"Sharon Roseman, Memorial University, Canada, interviewed by Katie Ginsbach\"><\/iframe><\/div>\n<p><script src=\"https:\/\/player.vimeo.com\/api\/player.js\"><\/script><\/p>\n<hr \/>\n<\/div>\n<div class=\"col-xs-12\">\n<h2>Henrique Monteagudo, Real Academica Galega\/ Universidade de Santiago de Compostela<\/h2>\n<p>Henrique Monteagudo, Ph.D., is a Galician sociolinguist, Professor at the University of Santiago de Compostela in Spain, and the Secretary of the Royal Galician Academy (RAG). He is also the author of numerous publications on medieval Galician literature, language planning, and Galician grammar and lexicography. Due to his extensive research and participation in the field, Dr. Monteagudo\u2019s importance to Galician Studies is undeniable. The following interview, held on Monday, May 5th 2014, covers topics such as Dr. Monteagudo\u2019s view on (Re)Mapping Galician Studies in North America: A Breakthrough Symposium, the creation of a permanent section on Galician Studies at MLA, and the future prospects for Galician Studies in North America.<\/p>\n<div style=\"padding:56.25% 0 0 0;position:relative\"><iframe src=\"https:\/\/player.vimeo.com\/video\/97956442?badge=0&amp;autopause=0&amp;player_id=0&amp;app_id=58479\" frameborder=\"0\" allow=\"autoplay; fullscreen; picture-in-picture; clipboard-write\" style=\"position:absolute;top:0;left:0;width:100%;height:100%\" title=\"Henrique Monteagudo, Real Academica Galega\/ Universidade de Santiago de Compostela, Interviewed by Sabela Juan Taborda\"><\/iframe><\/div>\n<p><script src=\"https:\/\/player.vimeo.com\/api\/player.js\"><\/script>\n<\/div>\n<\/div>\n","protected":false},"excerpt":{"rendered":"<p>Interview with Distinguished Professor Rosario \u00c1lvarez Rosario \u00c1lvarez, Ph.D., is a Distinguished Professor of Galician and Portuguese Philology at the University of Santiago de Compostela. Her areas of specialization include\u00a0language variation (primarily geographical) and change in Galician. Professor \u00c1lvarez\u00a0has been &hellip;<\/p>\n","protected":false},"author":1272,"featured_media":0,"parent":22632,"menu_order":8,"comment_status":"closed","ping_status":"closed","template":"","meta":{"_acf_changed":false,"footnotes":"","uwm_wg_additional_authors":[]},"class_list":["post-22633","page","type-page","status-publish","hentry"],"yoast_head":"<!-- This site is optimized with the Yoast SEO Premium plugin v27.3 (Yoast SEO v27.3) - https:\/\/yoast.com\/product\/yoast-seo-premium-wordpress\/ -->\n<title>World Languages &amp; Cultures<\/title>\n<meta name=\"robots\" content=\"index, follow, max-snippet:-1, max-image-preview:large, max-video-preview:-1\" \/>\n<link rel=\"canonical\" href=\"https:\/\/uwm.edu\/world-languages-cultures\/students\/undergraduates\/portuguese\/media\/interviews-on-galician-studies\/\" \/>\n<meta property=\"og:locale\" content=\"en_US\" \/>\n<meta property=\"og:type\" content=\"article\" \/>\n<meta property=\"og:title\" content=\"Interviews on Galician Studies\" \/>\n<meta property=\"og:description\" content=\"Interview with Distinguished Professor Rosario \u00c1lvarez Rosario \u00c1lvarez, Ph.D., is a Distinguished Professor of Galician and Portuguese Philology at the University of Santiago de Compostela. Her areas of specialization include\u00a0language variation (primarily geographical) and change in Galician. Professor \u00c1lvarez\u00a0has been &hellip;\" \/>\n<meta property=\"og:url\" content=\"https:\/\/uwm.edu\/world-languages-cultures\/students\/undergraduates\/portuguese\/media\/interviews-on-galician-studies\/\" \/>\n<meta property=\"og:site_name\" content=\"World Languages &amp; Cultures\" \/>\n<meta property=\"article:modified_time\" content=\"2025-07-10T20:38:52+00:00\" \/>\n<meta name=\"twitter:card\" content=\"summary_large_image\" \/>\n<meta name=\"twitter:label1\" content=\"Est. reading time\" \/>\n\t<meta name=\"twitter:data1\" content=\"4 minutes\" \/>\n<script type=\"application\/ld+json\" class=\"yoast-schema-graph\">{\"@context\":\"https:\\\/\\\/schema.org\",\"@graph\":[{\"@type\":\"WebPage\",\"@id\":\"https:\\\/\\\/uwm.edu\\\/world-languages-cultures\\\/students\\\/undergraduates\\\/portuguese\\\/media\\\/interviews-on-galician-studies\\\/\",\"url\":\"https:\\\/\\\/uwm.edu\\\/world-languages-cultures\\\/students\\\/undergraduates\\\/portuguese\\\/media\\\/interviews-on-galician-studies\\\/\",\"name\":\"Interviews on Galician Studies - World Languages &amp; Cultures\",\"isPartOf\":{\"@id\":\"https:\\\/\\\/uwm.edu\\\/world-languages-cultures\\\/#website\"},\"datePublished\":\"2015-10-23T15:05:09+00:00\",\"dateModified\":\"2025-07-10T20:38:52+00:00\",\"breadcrumb\":{\"@id\":\"https:\\\/\\\/uwm.edu\\\/world-languages-cultures\\\/students\\\/undergraduates\\\/portuguese\\\/media\\\/interviews-on-galician-studies\\\/#breadcrumb\"},\"inLanguage\":\"en-US\",\"potentialAction\":[{\"@type\":\"ReadAction\",\"target\":[\"https:\\\/\\\/uwm.edu\\\/world-languages-cultures\\\/students\\\/undergraduates\\\/portuguese\\\/media\\\/interviews-on-galician-studies\\\/\"]}]},{\"@type\":\"BreadcrumbList\",\"@id\":\"https:\\\/\\\/uwm.edu\\\/world-languages-cultures\\\/students\\\/undergraduates\\\/portuguese\\\/media\\\/interviews-on-galician-studies\\\/#breadcrumb\",\"itemListElement\":[{\"@type\":\"ListItem\",\"position\":1,\"name\":\"Home\",\"item\":\"https:\\\/\\\/uwm.edu\\\/world-languages-cultures\\\/\"},{\"@type\":\"ListItem\",\"position\":2,\"name\":\"Student Resources\",\"item\":\"https:\\\/\\\/uwm.edu\\\/world-languages-cultures\\\/students\\\/\"},{\"@type\":\"ListItem\",\"position\":3,\"name\":\"Undergraduate\",\"item\":\"https:\\\/\\\/uwm.edu\\\/world-languages-cultures\\\/students\\\/undergraduates\\\/\"},{\"@type\":\"ListItem\",\"position\":4,\"name\":\"Portuguese\",\"item\":\"https:\\\/\\\/uwm.edu\\\/world-languages-cultures\\\/students\\\/undergraduates\\\/portuguese\\\/\"},{\"@type\":\"ListItem\",\"position\":5,\"name\":\"Media\",\"item\":\"https:\\\/\\\/uwm.edu\\\/world-languages-cultures\\\/students\\\/undergraduates\\\/portuguese\\\/media\\\/\"},{\"@type\":\"ListItem\",\"position\":6,\"name\":\"Interviews on Galician Studies\"}]},{\"@type\":\"WebSite\",\"@id\":\"https:\\\/\\\/uwm.edu\\\/world-languages-cultures\\\/#website\",\"url\":\"https:\\\/\\\/uwm.edu\\\/world-languages-cultures\\\/\",\"name\":\"World Languages &amp; Cultures\",\"description\":\"College of Letters and Science\",\"potentialAction\":[{\"@type\":\"SearchAction\",\"target\":{\"@type\":\"EntryPoint\",\"urlTemplate\":\"https:\\\/\\\/uwm.edu\\\/world-languages-cultures\\\/?s={search_term_string}\"},\"query-input\":{\"@type\":\"PropertyValueSpecification\",\"valueRequired\":true,\"valueName\":\"search_term_string\"}}],\"inLanguage\":\"en-US\"}]}<\/script>\n<!-- \/ Yoast SEO Premium plugin. -->","yoast_head_json":{"title":"World Languages &amp; Cultures","robots":{"index":"index","follow":"follow","max-snippet":"max-snippet:-1","max-image-preview":"max-image-preview:large","max-video-preview":"max-video-preview:-1"},"canonical":"https:\/\/uwm.edu\/world-languages-cultures\/students\/undergraduates\/portuguese\/media\/interviews-on-galician-studies\/","og_locale":"en_US","og_type":"article","og_title":"Interviews on Galician Studies","og_description":"Interview with Distinguished Professor Rosario \u00c1lvarez Rosario \u00c1lvarez, Ph.D., is a Distinguished Professor of Galician and Portuguese Philology at the University of Santiago de Compostela. Her areas of specialization include\u00a0language variation (primarily geographical) and change in Galician. Professor \u00c1lvarez\u00a0has been &hellip;","og_url":"https:\/\/uwm.edu\/world-languages-cultures\/students\/undergraduates\/portuguese\/media\/interviews-on-galician-studies\/","og_site_name":"World Languages &amp; Cultures","article_modified_time":"2025-07-10T20:38:52+00:00","twitter_card":"summary_large_image","twitter_misc":{"Est. reading time":"4 minutes"},"schema":{"@context":"https:\/\/schema.org","@graph":[{"@type":"WebPage","@id":"https:\/\/uwm.edu\/world-languages-cultures\/students\/undergraduates\/portuguese\/media\/interviews-on-galician-studies\/","url":"https:\/\/uwm.edu\/world-languages-cultures\/students\/undergraduates\/portuguese\/media\/interviews-on-galician-studies\/","name":"Interviews on Galician Studies - World Languages &amp; Cultures","isPartOf":{"@id":"https:\/\/uwm.edu\/world-languages-cultures\/#website"},"datePublished":"2015-10-23T15:05:09+00:00","dateModified":"2025-07-10T20:38:52+00:00","breadcrumb":{"@id":"https:\/\/uwm.edu\/world-languages-cultures\/students\/undergraduates\/portuguese\/media\/interviews-on-galician-studies\/#breadcrumb"},"inLanguage":"en-US","potentialAction":[{"@type":"ReadAction","target":["https:\/\/uwm.edu\/world-languages-cultures\/students\/undergraduates\/portuguese\/media\/interviews-on-galician-studies\/"]}]},{"@type":"BreadcrumbList","@id":"https:\/\/uwm.edu\/world-languages-cultures\/students\/undergraduates\/portuguese\/media\/interviews-on-galician-studies\/#breadcrumb","itemListElement":[{"@type":"ListItem","position":1,"name":"Home","item":"https:\/\/uwm.edu\/world-languages-cultures\/"},{"@type":"ListItem","position":2,"name":"Student Resources","item":"https:\/\/uwm.edu\/world-languages-cultures\/students\/"},{"@type":"ListItem","position":3,"name":"Undergraduate","item":"https:\/\/uwm.edu\/world-languages-cultures\/students\/undergraduates\/"},{"@type":"ListItem","position":4,"name":"Portuguese","item":"https:\/\/uwm.edu\/world-languages-cultures\/students\/undergraduates\/portuguese\/"},{"@type":"ListItem","position":5,"name":"Media","item":"https:\/\/uwm.edu\/world-languages-cultures\/students\/undergraduates\/portuguese\/media\/"},{"@type":"ListItem","position":6,"name":"Interviews on Galician Studies"}]},{"@type":"WebSite","@id":"https:\/\/uwm.edu\/world-languages-cultures\/#website","url":"https:\/\/uwm.edu\/world-languages-cultures\/","name":"World Languages &amp; Cultures","description":"College of Letters and Science","potentialAction":[{"@type":"SearchAction","target":{"@type":"EntryPoint","urlTemplate":"https:\/\/uwm.edu\/world-languages-cultures\/?s={search_term_string}"},"query-input":{"@type":"PropertyValueSpecification","valueRequired":true,"valueName":"search_term_string"}}],"inLanguage":"en-US"}]}},"acf":[],"_links":{"self":[{"href":"https:\/\/uwm.edu\/world-languages-cultures\/wp-json\/wp\/v2\/pages\/22633","targetHints":{"allow":["GET"]}}],"collection":[{"href":"https:\/\/uwm.edu\/world-languages-cultures\/wp-json\/wp\/v2\/pages"}],"about":[{"href":"https:\/\/uwm.edu\/world-languages-cultures\/wp-json\/wp\/v2\/types\/page"}],"author":[{"embeddable":true,"href":"https:\/\/uwm.edu\/world-languages-cultures\/wp-json\/wp\/v2\/users\/1272"}],"replies":[{"embeddable":true,"href":"https:\/\/uwm.edu\/world-languages-cultures\/wp-json\/wp\/v2\/comments?post=22633"}],"version-history":[{"count":1,"href":"https:\/\/uwm.edu\/world-languages-cultures\/wp-json\/wp\/v2\/pages\/22633\/revisions"}],"predecessor-version":[{"id":22688,"href":"https:\/\/uwm.edu\/world-languages-cultures\/wp-json\/wp\/v2\/pages\/22633\/revisions\/22688"}],"up":[{"embeddable":true,"href":"https:\/\/uwm.edu\/world-languages-cultures\/wp-json\/wp\/v2\/pages\/22632"}],"wp:attachment":[{"href":"https:\/\/uwm.edu\/world-languages-cultures\/wp-json\/wp\/v2\/media?parent=22633"}],"curies":[{"name":"wp","href":"https:\/\/api.w.org\/{rel}","templated":true}]}}