  {"id":1257,"date":"2015-10-23T13:39:08","date_gmt":"2015-10-23T18:39:08","guid":{"rendered":"https:\/\/uwm.edu\/spanish-portuguese\/?page_id=1257"},"modified":"2025-07-10T15:38:50","modified_gmt":"2025-07-10T20:38:50","slug":"2nd-uwm-symposium-on-luso-hispanic-linguistics","status":"publish","type":"page","link":"https:\/\/uwm.edu\/world-languages-cultures\/students\/undergraduates\/portuguese\/media\/2nd-uwm-symposium-on-luso-hispanic-linguistics\/","title":{"rendered":"2nd 51ÁÔÆæ Symposium on Luso-Hispanic Linguistics"},"content":{"rendered":"<div class=\"row\">\n<div class=\"col-xs-12\">\n<h2 class=\"ls-no-marg-t\">Andr\u00e9s Enrique-Arias Interview<\/h2>\n<p>This interview with Dr. Enrique-Arias was carried out at UW-Milwaukee by Ms. Paula Rodr\u00edguez-Abru\u00f1eiras and Dr. Vera V\u00e1zquez-L\u00f3pez during the 2nd 51ÁÔÆæ Symposium on Luso-Hispanic Linguistics (November 23, 2013). You will hear Dr. Enrique Arias reflecting on a number of topics, such as the problems and benefits of corpus linguistics or the impact of language contact on linguistic change. The interview comes to an end with some encouraging words by Dr. Enrique Arias to graduate students.<\/p>\n<p>Dr. Andr\u00e9s Enrique-Arias obtained his Ph.D. in Hispanic Linguistics at the University of Southern California. Currently, he is an Associate Professor of History of the Spanish Language at the University of Illes Balears (Palma de Mallorca, Spain). His main research interests are corpus linguistics, historical linguistics, language contact and sociolinguistics, among others. Since 2004, he leads the project Biblia Medieval, a corpus of medieval biblical translations. Dr. Enrique Arias has authored more than fifty publications, some of which are published in journals such as Ling\u00fc\u00edstica, Studies in Language, Romance Philology or Bulletin of Hispanic Studies.<\/p>\n<div style=\"padding:75% 0 0 0;position:relative\"><iframe src=\"https:\/\/player.vimeo.com\/video\/87481288?badge=0&amp;autopause=0&amp;player_id=0&amp;app_id=58479\" frameborder=\"0\" allow=\"autoplay; fullscreen; picture-in-picture; clipboard-write\" style=\"position:absolute;top:0;left:0;width:100%;height:100%\" title=\"Andr\u00e9s Enrique-Arias, Universitat de les Illes Balears\"><\/iframe><\/div>\n<p><script src=\"https:\/\/player.vimeo.com\/api\/player.js\"><\/script><\/div>\n<\/div>\n","protected":false},"excerpt":{"rendered":"<p>Andr\u00e9s Enrique-Arias Interview This interview with Dr. Enrique-Arias was carried out at UW-Milwaukee by Ms. Paula Rodr\u00edguez-Abru\u00f1eiras and Dr. Vera V\u00e1zquez-L\u00f3pez during the 2nd 51ÁÔÆæ Symposium on Luso-Hispanic Linguistics (November 23, 2013). You will hear Dr. Enrique Arias reflecting on &hellip;<\/p>\n","protected":false},"author":1272,"featured_media":0,"parent":22632,"menu_order":5,"comment_status":"closed","ping_status":"closed","template":"","meta":{"_acf_changed":false,"footnotes":"","uwm_wg_additional_authors":[]},"class_list":["post-1257","page","type-page","status-publish","hentry"],"yoast_head":"<!-- This site is optimized with the Yoast SEO Premium plugin v27.3 (Yoast SEO v27.3) - https:\/\/yoast.com\/product\/yoast-seo-premium-wordpress\/ -->\n<title>World Languages &amp; Cultures<\/title>\n<meta name=\"robots\" content=\"index, follow, max-snippet:-1, max-image-preview:large, max-video-preview:-1\" \/>\n<link rel=\"canonical\" href=\"https:\/\/uwm.edu\/world-languages-cultures\/students\/undergraduates\/portuguese\/media\/2nd-uwm-symposium-on-luso-hispanic-linguistics\/\" \/>\n<meta property=\"og:locale\" content=\"en_US\" \/>\n<meta property=\"og:type\" content=\"article\" \/>\n<meta property=\"og:title\" content=\"2nd 51ÁÔÆæ Symposium on Luso-Hispanic Linguistics\" \/>\n<meta property=\"og:description\" content=\"Andr\u00e9s Enrique-Arias Interview This interview with Dr. Enrique-Arias was carried out at UW-Milwaukee by Ms. Paula Rodr\u00edguez-Abru\u00f1eiras and Dr. Vera V\u00e1zquez-L\u00f3pez during the 2nd 51ÁÔÆæ Symposium on Luso-Hispanic Linguistics (November 23, 2013). You will hear Dr. Enrique Arias reflecting on &hellip;\" \/>\n<meta property=\"og:url\" content=\"https:\/\/uwm.edu\/world-languages-cultures\/students\/undergraduates\/portuguese\/media\/2nd-uwm-symposium-on-luso-hispanic-linguistics\/\" \/>\n<meta property=\"og:site_name\" content=\"World Languages &amp; Cultures\" \/>\n<meta property=\"article:modified_time\" content=\"2025-07-10T20:38:50+00:00\" \/>\n<meta name=\"twitter:card\" content=\"summary_large_image\" \/>\n<meta name=\"twitter:label1\" content=\"Est. reading time\" \/>\n\t<meta name=\"twitter:data1\" content=\"1 minute\" \/>\n<script type=\"application\/ld+json\" class=\"yoast-schema-graph\">{\"@context\":\"https:\\\/\\\/schema.org\",\"@graph\":[{\"@type\":\"WebPage\",\"@id\":\"https:\\\/\\\/uwm.edu\\\/world-languages-cultures\\\/students\\\/undergraduates\\\/portuguese\\\/media\\\/2nd-uwm-symposium-on-luso-hispanic-linguistics\\\/\",\"url\":\"https:\\\/\\\/uwm.edu\\\/world-languages-cultures\\\/students\\\/undergraduates\\\/portuguese\\\/media\\\/2nd-uwm-symposium-on-luso-hispanic-linguistics\\\/\",\"name\":\"2nd 51ÁÔÆæ Symposium on Luso-Hispanic Linguistics - World Languages &amp; Cultures\",\"isPartOf\":{\"@id\":\"https:\\\/\\\/uwm.edu\\\/world-languages-cultures\\\/#website\"},\"datePublished\":\"2015-10-23T18:39:08+00:00\",\"dateModified\":\"2025-07-10T20:38:50+00:00\",\"breadcrumb\":{\"@id\":\"https:\\\/\\\/uwm.edu\\\/world-languages-cultures\\\/students\\\/undergraduates\\\/portuguese\\\/media\\\/2nd-uwm-symposium-on-luso-hispanic-linguistics\\\/#breadcrumb\"},\"inLanguage\":\"en-US\",\"potentialAction\":[{\"@type\":\"ReadAction\",\"target\":[\"https:\\\/\\\/uwm.edu\\\/world-languages-cultures\\\/students\\\/undergraduates\\\/portuguese\\\/media\\\/2nd-uwm-symposium-on-luso-hispanic-linguistics\\\/\"]}]},{\"@type\":\"BreadcrumbList\",\"@id\":\"https:\\\/\\\/uwm.edu\\\/world-languages-cultures\\\/students\\\/undergraduates\\\/portuguese\\\/media\\\/2nd-uwm-symposium-on-luso-hispanic-linguistics\\\/#breadcrumb\",\"itemListElement\":[{\"@type\":\"ListItem\",\"position\":1,\"name\":\"Home\",\"item\":\"https:\\\/\\\/uwm.edu\\\/world-languages-cultures\\\/\"},{\"@type\":\"ListItem\",\"position\":2,\"name\":\"Student Resources\",\"item\":\"https:\\\/\\\/uwm.edu\\\/world-languages-cultures\\\/students\\\/\"},{\"@type\":\"ListItem\",\"position\":3,\"name\":\"Undergraduate\",\"item\":\"https:\\\/\\\/uwm.edu\\\/world-languages-cultures\\\/students\\\/undergraduates\\\/\"},{\"@type\":\"ListItem\",\"position\":4,\"name\":\"Portuguese\",\"item\":\"https:\\\/\\\/uwm.edu\\\/world-languages-cultures\\\/students\\\/undergraduates\\\/portuguese\\\/\"},{\"@type\":\"ListItem\",\"position\":5,\"name\":\"Media\",\"item\":\"https:\\\/\\\/uwm.edu\\\/world-languages-cultures\\\/students\\\/undergraduates\\\/portuguese\\\/media\\\/\"},{\"@type\":\"ListItem\",\"position\":6,\"name\":\"2nd 51ÁÔÆæ Symposium on Luso-Hispanic Linguistics\"}]},{\"@type\":\"WebSite\",\"@id\":\"https:\\\/\\\/uwm.edu\\\/world-languages-cultures\\\/#website\",\"url\":\"https:\\\/\\\/uwm.edu\\\/world-languages-cultures\\\/\",\"name\":\"World Languages &amp; Cultures\",\"description\":\"College of Letters and Science\",\"potentialAction\":[{\"@type\":\"SearchAction\",\"target\":{\"@type\":\"EntryPoint\",\"urlTemplate\":\"https:\\\/\\\/uwm.edu\\\/world-languages-cultures\\\/?s={search_term_string}\"},\"query-input\":{\"@type\":\"PropertyValueSpecification\",\"valueRequired\":true,\"valueName\":\"search_term_string\"}}],\"inLanguage\":\"en-US\"}]}<\/script>\n<!-- \/ Yoast SEO Premium plugin. -->","yoast_head_json":{"title":"World Languages &amp; Cultures","robots":{"index":"index","follow":"follow","max-snippet":"max-snippet:-1","max-image-preview":"max-image-preview:large","max-video-preview":"max-video-preview:-1"},"canonical":"https:\/\/uwm.edu\/world-languages-cultures\/students\/undergraduates\/portuguese\/media\/2nd-uwm-symposium-on-luso-hispanic-linguistics\/","og_locale":"en_US","og_type":"article","og_title":"2nd 51ÁÔÆæ Symposium on Luso-Hispanic Linguistics","og_description":"Andr\u00e9s Enrique-Arias Interview This interview with Dr. Enrique-Arias was carried out at UW-Milwaukee by Ms. Paula Rodr\u00edguez-Abru\u00f1eiras and Dr. Vera V\u00e1zquez-L\u00f3pez during the 2nd 51ÁÔÆæ Symposium on Luso-Hispanic Linguistics (November 23, 2013). You will hear Dr. Enrique Arias reflecting on &hellip;","og_url":"https:\/\/uwm.edu\/world-languages-cultures\/students\/undergraduates\/portuguese\/media\/2nd-uwm-symposium-on-luso-hispanic-linguistics\/","og_site_name":"World Languages &amp; Cultures","article_modified_time":"2025-07-10T20:38:50+00:00","twitter_card":"summary_large_image","twitter_misc":{"Est. reading time":"1 minute"},"schema":{"@context":"https:\/\/schema.org","@graph":[{"@type":"WebPage","@id":"https:\/\/uwm.edu\/world-languages-cultures\/students\/undergraduates\/portuguese\/media\/2nd-uwm-symposium-on-luso-hispanic-linguistics\/","url":"https:\/\/uwm.edu\/world-languages-cultures\/students\/undergraduates\/portuguese\/media\/2nd-uwm-symposium-on-luso-hispanic-linguistics\/","name":"2nd 51ÁÔÆæ Symposium on Luso-Hispanic Linguistics - World Languages &amp; Cultures","isPartOf":{"@id":"https:\/\/uwm.edu\/world-languages-cultures\/#website"},"datePublished":"2015-10-23T18:39:08+00:00","dateModified":"2025-07-10T20:38:50+00:00","breadcrumb":{"@id":"https:\/\/uwm.edu\/world-languages-cultures\/students\/undergraduates\/portuguese\/media\/2nd-uwm-symposium-on-luso-hispanic-linguistics\/#breadcrumb"},"inLanguage":"en-US","potentialAction":[{"@type":"ReadAction","target":["https:\/\/uwm.edu\/world-languages-cultures\/students\/undergraduates\/portuguese\/media\/2nd-uwm-symposium-on-luso-hispanic-linguistics\/"]}]},{"@type":"BreadcrumbList","@id":"https:\/\/uwm.edu\/world-languages-cultures\/students\/undergraduates\/portuguese\/media\/2nd-uwm-symposium-on-luso-hispanic-linguistics\/#breadcrumb","itemListElement":[{"@type":"ListItem","position":1,"name":"Home","item":"https:\/\/uwm.edu\/world-languages-cultures\/"},{"@type":"ListItem","position":2,"name":"Student Resources","item":"https:\/\/uwm.edu\/world-languages-cultures\/students\/"},{"@type":"ListItem","position":3,"name":"Undergraduate","item":"https:\/\/uwm.edu\/world-languages-cultures\/students\/undergraduates\/"},{"@type":"ListItem","position":4,"name":"Portuguese","item":"https:\/\/uwm.edu\/world-languages-cultures\/students\/undergraduates\/portuguese\/"},{"@type":"ListItem","position":5,"name":"Media","item":"https:\/\/uwm.edu\/world-languages-cultures\/students\/undergraduates\/portuguese\/media\/"},{"@type":"ListItem","position":6,"name":"2nd 51ÁÔÆæ Symposium on Luso-Hispanic Linguistics"}]},{"@type":"WebSite","@id":"https:\/\/uwm.edu\/world-languages-cultures\/#website","url":"https:\/\/uwm.edu\/world-languages-cultures\/","name":"World Languages &amp; Cultures","description":"College of Letters and Science","potentialAction":[{"@type":"SearchAction","target":{"@type":"EntryPoint","urlTemplate":"https:\/\/uwm.edu\/world-languages-cultures\/?s={search_term_string}"},"query-input":{"@type":"PropertyValueSpecification","valueRequired":true,"valueName":"search_term_string"}}],"inLanguage":"en-US"}]}},"acf":[],"_links":{"self":[{"href":"https:\/\/uwm.edu\/world-languages-cultures\/wp-json\/wp\/v2\/pages\/1257","targetHints":{"allow":["GET"]}}],"collection":[{"href":"https:\/\/uwm.edu\/world-languages-cultures\/wp-json\/wp\/v2\/pages"}],"about":[{"href":"https:\/\/uwm.edu\/world-languages-cultures\/wp-json\/wp\/v2\/types\/page"}],"author":[{"embeddable":true,"href":"https:\/\/uwm.edu\/world-languages-cultures\/wp-json\/wp\/v2\/users\/1272"}],"replies":[{"embeddable":true,"href":"https:\/\/uwm.edu\/world-languages-cultures\/wp-json\/wp\/v2\/comments?post=1257"}],"version-history":[{"count":1,"href":"https:\/\/uwm.edu\/world-languages-cultures\/wp-json\/wp\/v2\/pages\/1257\/revisions"}],"predecessor-version":[{"id":22685,"href":"https:\/\/uwm.edu\/world-languages-cultures\/wp-json\/wp\/v2\/pages\/1257\/revisions\/22685"}],"up":[{"embeddable":true,"href":"https:\/\/uwm.edu\/world-languages-cultures\/wp-json\/wp\/v2\/pages\/22632"}],"wp:attachment":[{"href":"https:\/\/uwm.edu\/world-languages-cultures\/wp-json\/wp\/v2\/media?parent=1257"}],"curies":[{"name":"wp","href":"https:\/\/api.w.org\/{rel}","templated":true}]}}