  {"id":1221,"date":"2015-10-23T10:13:29","date_gmt":"2015-10-23T15:13:29","guid":{"rendered":"https:\/\/uwm.edu\/spanish-portuguese\/?page_id=1221"},"modified":"2025-07-10T15:38:49","modified_gmt":"2025-07-10T20:38:49","slug":"remapping-galician-studies-in-north-america-sessions","status":"publish","type":"page","link":"https:\/\/uwm.edu\/world-languages-cultures\/students\/undergraduates\/portuguese\/media\/remapping-galician-studies-in-north-america-sessions\/","title":{"rendered":"(Re)Mapping Galician Studies in North America Symposium Sessions"},"content":{"rendered":"<div>\n<div style=\"padding:56.25% 0 0 0;position:relative\"><iframe src=\"https:\/\/player.vimeo.com\/video\/95553141?badge=0&amp;autopause=0&amp;player_id=0&amp;app_id=58479\" frameborder=\"0\" allow=\"autoplay; fullscreen; picture-in-picture; clipboard-write\" style=\"position:absolute;top:0;left:0;width:100%;height:100%\" title=\"Gabriel Rei-Doval, Spanish and Portuguese, UW-Milwaukee\"><\/iframe><\/div>\n<p><script src=\"https:\/\/player.vimeo.com\/api\/player.js\"><\/script>\n<\/div>\n<div>\n<div style=\"padding:56.25% 0 0 0;position:relative\"><iframe src=\"https:\/\/player.vimeo.com\/video\/95542231?badge=0&amp;autopause=0&amp;player_id=0&amp;app_id=58479\" frameborder=\"0\" allow=\"autoplay; fullscreen; picture-in-picture; clipboard-write\" style=\"position:absolute;top:0;left:0;width:100%;height:100%\" title=\"Antonio Mart\u00ednez Luciano,  Director,  Instituto Cervantes, Chicago\"><\/iframe><\/div>\n<p><script src=\"https:\/\/player.vimeo.com\/api\/player.js\"><\/script>\n<\/div>\n<div>\n<div style=\"padding:56.25% 0 0 0;position:relative\"><iframe src=\"https:\/\/player.vimeo.com\/video\/95542232?badge=0&amp;autopause=0&amp;player_id=0&amp;app_id=58479\" frameborder=\"0\" allow=\"autoplay; fullscreen; picture-in-picture; clipboard-write\" style=\"position:absolute;top:0;left:0;width:100%;height:100%\" title=\"Valent\u00edn Garc\u00eda G\u00f3mez, Secretary of Language Policy, Xunta de Galicia\"><\/iframe><\/div>\n<p><script src=\"https:\/\/player.vimeo.com\/api\/player.js\"><\/script>\n<\/div>\n<div>\n<div style=\"padding:56.25% 0 0 0;position:relative\"><iframe src=\"https:\/\/player.vimeo.com\/video\/95553142?badge=0&amp;autopause=0&amp;player_id=0&amp;app_id=58479\" frameborder=\"0\" allow=\"autoplay; fullscreen; picture-in-picture; clipboard-write\" style=\"position:absolute;top:0;left:0;width:100%;height:100%\" title=\"Marija Gajdardziska-Josifovska, Dean, Graduate School, UW-Milwaukee\"><\/iframe><\/div>\n<p><script src=\"https:\/\/player.vimeo.com\/api\/player.js\"><\/script>\n<\/div>\n<div>\n<div style=\"padding:56.25% 0 0 0;position:relative\"><iframe src=\"https:\/\/player.vimeo.com\/video\/95542233?badge=0&amp;autopause=0&amp;player_id=0&amp;app_id=58479\" frameborder=\"0\" allow=\"autoplay; fullscreen; picture-in-picture; clipboard-write\" style=\"position:absolute;top:0;left:0;width:100%;height:100%\" title=\"Johannes Britz, Provost, UW-Milwaukee\"><\/iframe><\/div>\n<p><script src=\"https:\/\/player.vimeo.com\/api\/player.js\"><\/script>\n<\/div>\n<div>\n<div style=\"padding:56.25% 0 0 0;position:relative\"><iframe src=\"https:\/\/player.vimeo.com\/video\/96812316?badge=0&amp;autopause=0&amp;player_id=0&amp;app_id=58479\" frameborder=\"0\" allow=\"autoplay; fullscreen; picture-in-picture; clipboard-write\" style=\"position:absolute;top:0;left:0;width:100%;height:100%\" title=\"Session 1: Mario Santana, University of Chicago: Translation and Iberian Studies: The Case of Galician Literature\"><\/iframe><\/div>\n<p><script src=\"https:\/\/player.vimeo.com\/api\/player.js\"><\/script>\n<\/div>\n<div>\n<div style=\"padding:56.25% 0 0 0;position:relative\"><iframe src=\"https:\/\/player.vimeo.com\/video\/96815195?badge=0&amp;autopause=0&amp;player_id=0&amp;app_id=58479\" frameborder=\"0\" allow=\"autoplay; fullscreen; picture-in-picture; clipboard-write\" style=\"position:absolute;top:0;left:0;width:100%;height:100%\" title=\"Session 1: Robert P. Newcomb, UC-Davis: A Ribbon of Silver: Images of the Portuguese-Galician Border at the Fin de Si\u00e8cle\"><\/iframe><\/div>\n<p><script src=\"https:\/\/player.vimeo.com\/api\/player.js\"><\/script>\n<\/div>\n<div>\n<div style=\"padding:56.25% 0 0 0;position:relative\"><iframe src=\"https:\/\/player.vimeo.com\/video\/96816432?badge=0&amp;autopause=0&amp;player_id=0&amp;app_id=58479\" frameborder=\"0\" allow=\"autoplay; fullscreen; picture-in-picture; clipboard-write\" style=\"position:absolute;top:0;left:0;width:100%;height:100%\" title=\"Session 1: Joseba Gabilondo, Michigan State: Postnationalism and Postnationalist History, Literary and Otherwise\"><\/iframe><\/div>\n<p><script src=\"https:\/\/player.vimeo.com\/api\/player.js\"><\/script>\n<\/div>\n<div>\n<div style=\"padding:56.25% 0 0 0;position:relative\"><iframe src=\"https:\/\/player.vimeo.com\/video\/99037156?badge=0&amp;autopause=0&amp;player_id=0&amp;app_id=58479\" frameborder=\"0\" allow=\"autoplay; fullscreen; picture-in-picture; clipboard-write\" style=\"position:absolute;top:0;left:0;width:100%;height:100%\" title=\"Session 1: Respondent: Benita Sampedro, Hofstra\"><\/iframe><\/div>\n<p><script src=\"https:\/\/player.vimeo.com\/api\/player.js\"><\/script>\n<\/div>\n<div>\n<div style=\"padding:56.25% 0 0 0;position:relative\"><iframe src=\"https:\/\/player.vimeo.com\/video\/97535160?badge=0&amp;autopause=0&amp;player_id=0&amp;app_id=58479\" frameborder=\"0\" allow=\"autoplay; fullscreen; picture-in-picture; clipboard-write\" style=\"position:absolute;top:0;left:0;width:100%;height:100%\" title=\"Session 2: J. Javier Rivas Rodr\u00edguez, Colorado-Boulder: Usage-Based Approaches and Galician Linguistics\"><\/iframe><\/div>\n<p><script src=\"https:\/\/player.vimeo.com\/api\/player.js\"><\/script>\n<\/div>\n<div>\n<div style=\"padding:56.25% 0 0 0;position:relative\"><iframe src=\"https:\/\/player.vimeo.com\/video\/97535700?badge=0&amp;autopause=0&amp;player_id=0&amp;app_id=58479\" frameborder=\"0\" allow=\"autoplay; fullscreen; picture-in-picture; clipboard-write\" style=\"position:absolute;top:0;left:0;width:100%;height:100%\" title=\"Session 2: Obdulia Castro, Regis College &amp; Gabriela DeRobles:  The Orality-Literacy Continuum and Language Maintenance...\"><\/iframe><\/div>\n<p><script src=\"https:\/\/player.vimeo.com\/api\/player.js\"><\/script>\n<\/div>\n<div>\n<div style=\"padding:56.25% 0 0 0;position:relative\"><iframe src=\"https:\/\/player.vimeo.com\/video\/97537179?badge=0&amp;autopause=0&amp;player_id=0&amp;app_id=58479\" frameborder=\"0\" allow=\"autoplay; fullscreen; picture-in-picture; clipboard-write\" style=\"position:absolute;top:0;left:0;width:100%;height:100%\" title=\"Session 2: Ana Burgers, Minnesota: Pragmatic implicatures and language choice in three Galician television spots...\"><\/iframe><\/div>\n<p><script src=\"https:\/\/player.vimeo.com\/api\/player.js\"><\/script>\n<\/div>\n<div>\n<div style=\"padding:56.25% 0 0 0;position:relative\"><iframe src=\"https:\/\/player.vimeo.com\/video\/98961644?badge=0&amp;autopause=0&amp;player_id=0&amp;app_id=58479\" frameborder=\"0\" allow=\"autoplay; fullscreen; picture-in-picture; clipboard-write\" style=\"position:absolute;top:0;left:0;width:100%;height:100%\" title=\"Respondent: Session 2, Linguistics - Henrique Monteagudo, Universidade de Santiago\/ Real Academia Galega\"><\/iframe><\/div>\n<p><script src=\"https:\/\/player.vimeo.com\/api\/player.js\"><\/script>\n<\/div>\n<div>\n<div style=\"padding:56.25% 0 0 0;position:relative\"><iframe src=\"https:\/\/player.vimeo.com\/video\/99042888?badge=0&amp;autopause=0&amp;player_id=0&amp;app_id=58479\" frameborder=\"0\" allow=\"autoplay; fullscreen; picture-in-picture; clipboard-write\" style=\"position:absolute;top:0;left:0;width:100%;height:100%\" title=\"Presider: Keynote Speaker 1- Ben Campbell, UW-Milwaukee\"><\/iframe><\/div>\n<p><script src=\"https:\/\/player.vimeo.com\/api\/player.js\"><\/script>\n<\/div>\n<div>\n<div style=\"padding:56.25% 0 0 0;position:relative\"><iframe src=\"https:\/\/player.vimeo.com\/video\/102044929?badge=0&amp;autopause=0&amp;player_id=0&amp;app_id=58479\" frameborder=\"0\" allow=\"autoplay; fullscreen; picture-in-picture; clipboard-write\" style=\"position:absolute;top:0;left:0;width:100%;height:100%\" title=\"Keynote Speaker 1: Sharon Roseman, Memorial University, Canada: The Production of Galician Space\"><\/iframe><\/div>\n<p><script src=\"https:\/\/player.vimeo.com\/api\/player.js\"><\/script>\n<\/div>\n<div>\n<div style=\"padding:56.25% 0 0 0;position:relative\"><iframe src=\"https:\/\/player.vimeo.com\/video\/98966498?badge=0&amp;autopause=0&amp;player_id=0&amp;app_id=58479\" frameborder=\"0\" allow=\"autoplay; fullscreen; picture-in-picture; clipboard-write\" style=\"position:absolute;top:0;left:0;width:100%;height:100%\" title=\"Respondent: Keynote Speaker 1- Tracey Heatherington, UW-Milwaukee\"><\/iframe><\/div>\n<p><script src=\"https:\/\/player.vimeo.com\/api\/player.js\"><\/script>\n<\/div>\n<div>\n<div style=\"padding:56.25% 0 0 0;position:relative\"><iframe src=\"https:\/\/player.vimeo.com\/video\/98736227?badge=0&amp;autopause=0&amp;player_id=0&amp;app_id=58479\" frameborder=\"0\" allow=\"autoplay; fullscreen; picture-in-picture; clipboard-write\" style=\"position:absolute;top:0;left:0;width:100%;height:100%\" title=\"Discussion: Sharon Roseman's Keynote 1 The Production of Galician Space: Confonting the Area Studies Legacy\"><\/iframe><\/div>\n<p><script src=\"https:\/\/player.vimeo.com\/api\/player.js\"><\/script>\n<\/div>\n<div>\n<div style=\"padding:56.25% 0 0 0;position:relative\"><iframe src=\"https:\/\/player.vimeo.com\/video\/100837180?badge=0&amp;autopause=0&amp;player_id=0&amp;app_id=58479\" frameborder=\"0\" allow=\"autoplay; fullscreen; picture-in-picture; clipboard-write\" style=\"position:absolute;top:0;left:0;width:100%;height:100%\" title=\"Keynote Speaker 2: Thomas Harrington, Trinity College, Hartford, Connecticut: Peripheral Systems, Doctrinal Enforcement...\"><\/iframe><\/div>\n<p><script src=\"https:\/\/player.vimeo.com\/api\/player.js\"><\/script>\n<\/div>\n<div>\n<div style=\"padding:56.25% 0 0 0;position:relative\"><iframe src=\"https:\/\/player.vimeo.com\/video\/100837181?badge=0&amp;autopause=0&amp;player_id=0&amp;app_id=58479\" frameborder=\"0\" allow=\"autoplay; fullscreen; picture-in-picture; clipboard-write\" style=\"position:absolute;top:0;left:0;width:100%;height:100%\" title=\"Respondent: Keynote Speaker 2. Germ\u00e1n Labrador, Princeton University\"><\/iframe><\/div>\n<p><script src=\"https:\/\/player.vimeo.com\/api\/player.js\"><\/script><\/div>\n<div>\n<div style=\"padding:56.25% 0 0 0;position:relative\"><iframe src=\"https:\/\/player.vimeo.com\/video\/101649238?badge=0&amp;autopause=0&amp;player_id=0&amp;app_id=58479\" frameborder=\"0\" allow=\"autoplay; fullscreen; picture-in-picture; clipboard-write\" style=\"position:absolute;top:0;left:0;width:100%;height:100%\" title=\"Discussion: Thomas Harington's Keynote 2 Peripheral Systems, Doctrinal Enforcement and the Future of Galician Studies\"><\/iframe><\/div>\n<p><script src=\"https:\/\/player.vimeo.com\/api\/player.js\"><\/script><\/div>\n","protected":false},"excerpt":{"rendered":"","protected":false},"author":1272,"featured_media":0,"parent":22632,"menu_order":3,"comment_status":"closed","ping_status":"closed","template":"","meta":{"_acf_changed":false,"footnotes":"","uwm_wg_additional_authors":[]},"class_list":["post-1221","page","type-page","status-publish","hentry"],"yoast_head":"<!-- This site is optimized with the Yoast SEO Premium plugin v27.3 (Yoast SEO v27.3) - https:\/\/yoast.com\/product\/yoast-seo-premium-wordpress\/ -->\n<title>World Languages &amp; Cultures<\/title>\n<meta name=\"robots\" content=\"index, follow, max-snippet:-1, max-image-preview:large, max-video-preview:-1\" \/>\n<link rel=\"canonical\" href=\"https:\/\/uwm.edu\/world-languages-cultures\/students\/undergraduates\/portuguese\/media\/remapping-galician-studies-in-north-america-sessions\/\" \/>\n<meta property=\"og:locale\" content=\"en_US\" \/>\n<meta property=\"og:type\" content=\"article\" \/>\n<meta property=\"og:title\" content=\"(Re)Mapping Galician Studies in North America Symposium Sessions\" \/>\n<meta property=\"og:url\" content=\"https:\/\/uwm.edu\/world-languages-cultures\/students\/undergraduates\/portuguese\/media\/remapping-galician-studies-in-north-america-sessions\/\" \/>\n<meta property=\"og:site_name\" content=\"World Languages &amp; Cultures\" \/>\n<meta property=\"article:modified_time\" content=\"2025-07-10T20:38:49+00:00\" \/>\n<meta name=\"twitter:card\" content=\"summary_large_image\" \/>\n<script type=\"application\/ld+json\" class=\"yoast-schema-graph\">{\"@context\":\"https:\\\/\\\/schema.org\",\"@graph\":[{\"@type\":\"WebPage\",\"@id\":\"https:\\\/\\\/uwm.edu\\\/world-languages-cultures\\\/students\\\/undergraduates\\\/portuguese\\\/media\\\/remapping-galician-studies-in-north-america-sessions\\\/\",\"url\":\"https:\\\/\\\/uwm.edu\\\/world-languages-cultures\\\/students\\\/undergraduates\\\/portuguese\\\/media\\\/remapping-galician-studies-in-north-america-sessions\\\/\",\"name\":\"(Re)Mapping Galician Studies in North America Symposium Sessions - World Languages &amp; Cultures\",\"isPartOf\":{\"@id\":\"https:\\\/\\\/uwm.edu\\\/world-languages-cultures\\\/#website\"},\"datePublished\":\"2015-10-23T15:13:29+00:00\",\"dateModified\":\"2025-07-10T20:38:49+00:00\",\"breadcrumb\":{\"@id\":\"https:\\\/\\\/uwm.edu\\\/world-languages-cultures\\\/students\\\/undergraduates\\\/portuguese\\\/media\\\/remapping-galician-studies-in-north-america-sessions\\\/#breadcrumb\"},\"inLanguage\":\"en-US\",\"potentialAction\":[{\"@type\":\"ReadAction\",\"target\":[\"https:\\\/\\\/uwm.edu\\\/world-languages-cultures\\\/students\\\/undergraduates\\\/portuguese\\\/media\\\/remapping-galician-studies-in-north-america-sessions\\\/\"]}]},{\"@type\":\"BreadcrumbList\",\"@id\":\"https:\\\/\\\/uwm.edu\\\/world-languages-cultures\\\/students\\\/undergraduates\\\/portuguese\\\/media\\\/remapping-galician-studies-in-north-america-sessions\\\/#breadcrumb\",\"itemListElement\":[{\"@type\":\"ListItem\",\"position\":1,\"name\":\"Home\",\"item\":\"https:\\\/\\\/uwm.edu\\\/world-languages-cultures\\\/\"},{\"@type\":\"ListItem\",\"position\":2,\"name\":\"Student Resources\",\"item\":\"https:\\\/\\\/uwm.edu\\\/world-languages-cultures\\\/students\\\/\"},{\"@type\":\"ListItem\",\"position\":3,\"name\":\"Undergraduate\",\"item\":\"https:\\\/\\\/uwm.edu\\\/world-languages-cultures\\\/students\\\/undergraduates\\\/\"},{\"@type\":\"ListItem\",\"position\":4,\"name\":\"Portuguese\",\"item\":\"https:\\\/\\\/uwm.edu\\\/world-languages-cultures\\\/students\\\/undergraduates\\\/portuguese\\\/\"},{\"@type\":\"ListItem\",\"position\":5,\"name\":\"Media\",\"item\":\"https:\\\/\\\/uwm.edu\\\/world-languages-cultures\\\/students\\\/undergraduates\\\/portuguese\\\/media\\\/\"},{\"@type\":\"ListItem\",\"position\":6,\"name\":\"(Re)Mapping Galician Studies in North America Symposium Sessions\"}]},{\"@type\":\"WebSite\",\"@id\":\"https:\\\/\\\/uwm.edu\\\/world-languages-cultures\\\/#website\",\"url\":\"https:\\\/\\\/uwm.edu\\\/world-languages-cultures\\\/\",\"name\":\"World Languages &amp; Cultures\",\"description\":\"College of Letters and Science\",\"potentialAction\":[{\"@type\":\"SearchAction\",\"target\":{\"@type\":\"EntryPoint\",\"urlTemplate\":\"https:\\\/\\\/uwm.edu\\\/world-languages-cultures\\\/?s={search_term_string}\"},\"query-input\":{\"@type\":\"PropertyValueSpecification\",\"valueRequired\":true,\"valueName\":\"search_term_string\"}}],\"inLanguage\":\"en-US\"}]}<\/script>\n<!-- \/ Yoast SEO Premium plugin. -->","yoast_head_json":{"title":"World Languages &amp; Cultures","robots":{"index":"index","follow":"follow","max-snippet":"max-snippet:-1","max-image-preview":"max-image-preview:large","max-video-preview":"max-video-preview:-1"},"canonical":"https:\/\/uwm.edu\/world-languages-cultures\/students\/undergraduates\/portuguese\/media\/remapping-galician-studies-in-north-america-sessions\/","og_locale":"en_US","og_type":"article","og_title":"(Re)Mapping Galician Studies in North America Symposium Sessions","og_url":"https:\/\/uwm.edu\/world-languages-cultures\/students\/undergraduates\/portuguese\/media\/remapping-galician-studies-in-north-america-sessions\/","og_site_name":"World Languages &amp; Cultures","article_modified_time":"2025-07-10T20:38:49+00:00","twitter_card":"summary_large_image","schema":{"@context":"https:\/\/schema.org","@graph":[{"@type":"WebPage","@id":"https:\/\/uwm.edu\/world-languages-cultures\/students\/undergraduates\/portuguese\/media\/remapping-galician-studies-in-north-america-sessions\/","url":"https:\/\/uwm.edu\/world-languages-cultures\/students\/undergraduates\/portuguese\/media\/remapping-galician-studies-in-north-america-sessions\/","name":"(Re)Mapping Galician Studies in North America Symposium Sessions - World Languages &amp; Cultures","isPartOf":{"@id":"https:\/\/uwm.edu\/world-languages-cultures\/#website"},"datePublished":"2015-10-23T15:13:29+00:00","dateModified":"2025-07-10T20:38:49+00:00","breadcrumb":{"@id":"https:\/\/uwm.edu\/world-languages-cultures\/students\/undergraduates\/portuguese\/media\/remapping-galician-studies-in-north-america-sessions\/#breadcrumb"},"inLanguage":"en-US","potentialAction":[{"@type":"ReadAction","target":["https:\/\/uwm.edu\/world-languages-cultures\/students\/undergraduates\/portuguese\/media\/remapping-galician-studies-in-north-america-sessions\/"]}]},{"@type":"BreadcrumbList","@id":"https:\/\/uwm.edu\/world-languages-cultures\/students\/undergraduates\/portuguese\/media\/remapping-galician-studies-in-north-america-sessions\/#breadcrumb","itemListElement":[{"@type":"ListItem","position":1,"name":"Home","item":"https:\/\/uwm.edu\/world-languages-cultures\/"},{"@type":"ListItem","position":2,"name":"Student Resources","item":"https:\/\/uwm.edu\/world-languages-cultures\/students\/"},{"@type":"ListItem","position":3,"name":"Undergraduate","item":"https:\/\/uwm.edu\/world-languages-cultures\/students\/undergraduates\/"},{"@type":"ListItem","position":4,"name":"Portuguese","item":"https:\/\/uwm.edu\/world-languages-cultures\/students\/undergraduates\/portuguese\/"},{"@type":"ListItem","position":5,"name":"Media","item":"https:\/\/uwm.edu\/world-languages-cultures\/students\/undergraduates\/portuguese\/media\/"},{"@type":"ListItem","position":6,"name":"(Re)Mapping Galician Studies in North America Symposium Sessions"}]},{"@type":"WebSite","@id":"https:\/\/uwm.edu\/world-languages-cultures\/#website","url":"https:\/\/uwm.edu\/world-languages-cultures\/","name":"World Languages &amp; Cultures","description":"College of Letters and Science","potentialAction":[{"@type":"SearchAction","target":{"@type":"EntryPoint","urlTemplate":"https:\/\/uwm.edu\/world-languages-cultures\/?s={search_term_string}"},"query-input":{"@type":"PropertyValueSpecification","valueRequired":true,"valueName":"search_term_string"}}],"inLanguage":"en-US"}]}},"acf":[],"_links":{"self":[{"href":"https:\/\/uwm.edu\/world-languages-cultures\/wp-json\/wp\/v2\/pages\/1221","targetHints":{"allow":["GET"]}}],"collection":[{"href":"https:\/\/uwm.edu\/world-languages-cultures\/wp-json\/wp\/v2\/pages"}],"about":[{"href":"https:\/\/uwm.edu\/world-languages-cultures\/wp-json\/wp\/v2\/types\/page"}],"author":[{"embeddable":true,"href":"https:\/\/uwm.edu\/world-languages-cultures\/wp-json\/wp\/v2\/users\/1272"}],"replies":[{"embeddable":true,"href":"https:\/\/uwm.edu\/world-languages-cultures\/wp-json\/wp\/v2\/comments?post=1221"}],"version-history":[{"count":1,"href":"https:\/\/uwm.edu\/world-languages-cultures\/wp-json\/wp\/v2\/pages\/1221\/revisions"}],"predecessor-version":[{"id":22683,"href":"https:\/\/uwm.edu\/world-languages-cultures\/wp-json\/wp\/v2\/pages\/1221\/revisions\/22683"}],"up":[{"embeddable":true,"href":"https:\/\/uwm.edu\/world-languages-cultures\/wp-json\/wp\/v2\/pages\/22632"}],"wp:attachment":[{"href":"https:\/\/uwm.edu\/world-languages-cultures\/wp-json\/wp\/v2\/media?parent=1221"}],"curies":[{"name":"wp","href":"https:\/\/api.w.org\/{rel}","templated":true}]}}