  {"id":7298,"date":"2024-02-29T10:38:47","date_gmt":"2024-02-29T16:38:47","guid":{"rendered":"https:\/\/uwm.edu\/undergrad-admission\/?page_id=7298"},"modified":"2026-04-13T15:21:07","modified_gmt":"2026-04-13T20:21:07","slug":"family-and-guest-information","status":"publish","type":"page","link":"https:\/\/uwm.edu\/undergrad-admission\/orientation\/family-and-guest-information\/","title":{"rendered":"Family and Guest Information"},"content":{"rendered":"\n<p>A student&#8217;s support system is a critical component of their success as a college student. Once your student registers for orientation, you\u2019ll gain access to the Orientation Hub in the <a href=\"https:\/\/uwm.edu\/family\/\">Panther Family Portal<\/a>. Here, you\u2019ll find information and resources shared at orientation.<\/p>\n\n\n\n<p>Families are a crucial source of support for college students. When you attend family orientation in support of your 51ÁÔÆæ student, you will learn important information about the University of Wisconsin Milwaukee to support your student in their transition to college.<\/p>\n\n\n\n<p>At Family Orientation, you can expect to:<\/p>\n\n\n\n<ul class=\"wp-block-list\">\n<li>Attend a program for families only, while your student attends their own program where they will meet peers, explore the campus and enroll in courses.<\/li>\n\n\n\n<li>Learn about important University resources designed to support you and your student. <\/li>\n\n\n\n<li>Familiarize yourself with the 51ÁÔÆæ campus, where your student will spend much of their time learning for years to come.<\/li>\n\n\n\n<li>Get answers to your questions about 51ÁÔÆæ and how to support your student in their transition to college.<\/li>\n<\/ul>\n\n\n\n<div class=\"uwm-p-accordion uwm-p-accordion--icon-left-circle\" data-accordion-prefix-classes=\"uwm\" data-accordion-cool-selectors=\"1\"><button class=\"uwm-p-accordion--toggle-button size-p-md\">Expand All<\/button>\n<div class=\"uwm-p-accordion--header\">Orientation program guest policy<\/div><div class=\"uwm-p-accordion--panel\"><div class=\"uwm-p-accordion--panel-inner uwm-u-clear\">\n<p>Up to two adult guests (parent, guardian, spouse or other support person) are welcome at in-person orientation programs. Guests attend a separate program designed for student supporters. See the <a href=\"https:\/\/uwm.edu\/family\/\" target=\"_blank\" rel=\"noreferrer noopener\">Orientation Hub<\/a> for more details.<\/p>\n<\/div><\/div>\n\n\n\n<div class=\"uwm-p-accordion--header\">Registering for orientation<\/div><div class=\"uwm-p-accordion--panel\"><div class=\"uwm-p-accordion--panel-inner uwm-u-clear\">\n<p>Your student will include you in their orientation registration form. If your student needs to update their registration, they can return to their admissions portal to edit their registration or email orientation@uwm.edu.<\/p>\n<\/div><\/div>\n\n\n\n<div class=\"uwm-p-accordion--header\">Ofrecemos\u00a0la orientaci\u00f3n\u00a0para familias en Espa\u00f1ol <\/div><div class=\"uwm-p-accordion--panel\"><div class=\"uwm-p-accordion--panel-inner uwm-u-clear\">\n<p>Las familias son una fuente fundamental de apoyo para los estudiantes universitarios. Al participar en la Orientaci\u00f3n Familiar para apoyar a su estudiante de 51ÁÔÆæ, usted recibir\u00e1 informaci\u00f3n importante sobre la Universidad de Wisconsin-Milwaukee que le ayudar\u00e1 a acompa\u00f1ar a su estudiante en su transici\u00f3n a la vida universitaria. Nos complace compartir que la Orientaci\u00f3n Familiar se ofrecer\u00e1 en espa\u00f1ol en fechas seleccionadas este verano, organizada por el personal biling\u00fce de 51ÁÔÆæ.<\/p>\n\n\n\n<p>Este&nbsp;programa&nbsp;se&nbsp;ofrecer\u00e1&nbsp;en&nbsp;tres&nbsp;fechas:&nbsp;11 de&nbsp;junio, 23 de&nbsp;junio&nbsp;y 9 de&nbsp;julio. \u00a1Esperamos&nbsp;poder&nbsp;darle&nbsp;la&nbsp;bienvenida&nbsp;en&nbsp;una&nbsp;de&nbsp;estas&nbsp;sesiones!&nbsp;Al&nbsp;momento&nbsp;de&nbsp;registrarse&nbsp;para la&nbsp;orientaci\u00f3n,&nbsp;su&nbsp;estudiante&nbsp;podr\u00e1&nbsp;seleccionar&nbsp;una&nbsp;de&nbsp;estas&nbsp;fechas&nbsp;a&nbsp;trav\u00e9s&nbsp;de&nbsp;su&nbsp;portal de&nbsp;admisiones. Por&nbsp;favor,&nbsp;aseg\u00farese&nbsp;de&nbsp;incluirse&nbsp;a&nbsp;usted&nbsp;y&nbsp;a&nbsp;otro&nbsp;acompa\u00f1ante&nbsp;como&nbsp;invitados&nbsp;durante&nbsp;el&nbsp;proceso&nbsp;de&nbsp;inscripci\u00f3n.&nbsp;<\/p>\n\n\n\n<p>Si necesita ser agregado a la inscripci\u00f3n de orientaci\u00f3n de su estudiante, puede pedirle a su estudiante que se comunique por correo electr\u00f3nico a orientation@uwm.edu (en ingl\u00e9s) o a donpepe@uwm.edu si prefiere recibir apoyo en espa\u00f1ol. <\/p>\n\n\n\n<p>Durante la Orientaci\u00f3n Familiar, usted podr\u00e1:<\/p>\n\n\n\n<ul class=\"wp-block-list\">\n<li>Participar&nbsp;en&nbsp;un&nbsp;programa&nbsp;biling\u00fce&nbsp;dise\u00f1ado&nbsp;especialmente&nbsp;para&nbsp;familias,&nbsp;mientras&nbsp;su&nbsp;estudiante&nbsp;asiste&nbsp;a&nbsp;su&nbsp;propio&nbsp;programa&nbsp;en&nbsp;ingl\u00e9s,&nbsp;donde&nbsp;conocer\u00e1&nbsp;a&nbsp;otros&nbsp;estudiantes,&nbsp;explorar\u00e1&nbsp;el&nbsp;campus y se&nbsp;inscribir\u00e1&nbsp;en&nbsp;sus&nbsp;cursos.&nbsp;<\/li>\n\n\n\n<li>Conocer recursos importantes de la universidad que est\u00e1n disponibles para apoyar tanto a usted como a su estudiante, incluyendo el acompa\u00f1amiento del equipo de profesionales biling\u00fces de 51ÁÔÆæ.<\/li>\n\n\n\n<li>Recorrer el campus de 51ÁÔÆæ, donde su estudiante pasar\u00e1 gran parte de su tiempo aprendiendo y creciendo acad\u00e9micamente durante los pr\u00f3ximos a\u00f1os. <\/li>\n<\/ul>\n\n\n\n<p>Si tiene alguna pregunta o necesita apoyo adicional, no dude en comunicarse con nosotros. Estamos aqu\u00ed para acompa\u00f1arle y apoyar a su familia en cada paso del camino hacia el \u00e9xito universitario. <\/p>\n<\/div><\/div>\n<\/div>\n","protected":false},"excerpt":{"rendered":"<p>A student&#8217;s support system is a critical component of their success as a college student. Once your student registers for orientation, you\u2019ll gain access to the Orientation Hub in the Panther Family Portal. Here, you\u2019ll find information and resources shared &hellip;<\/p>\n","protected":false},"author":29,"featured_media":0,"parent":7154,"menu_order":7,"comment_status":"closed","ping_status":"closed","template":"","meta":{"_acf_changed":false,"footnotes":"","uwm_wg_additional_authors":[9635]},"class_list":["post-7298","page","type-page","status-publish","hentry"],"yoast_head":"<!-- This site is optimized with the Yoast SEO Premium plugin v27.3 (Yoast SEO v27.3) - https:\/\/yoast.com\/product\/yoast-seo-premium-wordpress\/ -->\n<title>Undergraduate Admissions<\/title>\n<meta name=\"description\" content=\"Find details for 51ÁÔÆæ Orientation guests and families, including schedules, tips, and resources to support your student\u2019s success.\" \/>\n<meta name=\"robots\" content=\"index, follow, max-snippet:-1, max-image-preview:large, max-video-preview:-1\" \/>\n<link rel=\"canonical\" href=\"https:\/\/uwm.edu\/undergrad-admission\/orientation\/family-and-guest-information\/\" \/>\n<meta property=\"og:locale\" content=\"en_US\" \/>\n<meta property=\"og:type\" content=\"article\" \/>\n<meta property=\"og:title\" content=\"Family and Guest Information\" \/>\n<meta property=\"og:description\" content=\"Find details for 51ÁÔÆæ Orientation guests and families, including schedules, tips, and resources to support your student\u2019s success.\" \/>\n<meta property=\"og:url\" content=\"https:\/\/uwm.edu\/undergrad-admission\/orientation\/family-and-guest-information\/\" \/>\n<meta property=\"og:site_name\" content=\"Undergraduate Admissions\" \/>\n<meta property=\"article:modified_time\" content=\"2026-04-13T20:21:07+00:00\" \/>\n<meta name=\"twitter:card\" content=\"summary_large_image\" \/>\n<meta name=\"twitter:label1\" content=\"Est. reading time\" \/>\n\t<meta name=\"twitter:data1\" content=\"3 minutes\" \/>\n<script type=\"application\/ld+json\" class=\"yoast-schema-graph\">{\"@context\":\"https:\\\/\\\/schema.org\",\"@graph\":[{\"@type\":\"WebPage\",\"@id\":\"https:\\\/\\\/uwm.edu\\\/undergrad-admission\\\/orientation\\\/family-and-guest-information\\\/\",\"url\":\"https:\\\/\\\/uwm.edu\\\/undergrad-admission\\\/orientation\\\/family-and-guest-information\\\/\",\"name\":\"Family and Guest Information - Undergraduate Admissions\",\"isPartOf\":{\"@id\":\"https:\\\/\\\/uwm.edu\\\/undergrad-admission\\\/#website\"},\"datePublished\":\"2024-02-29T16:38:47+00:00\",\"dateModified\":\"2026-04-13T20:21:07+00:00\",\"description\":\"Find details for 51ÁÔÆæ Orientation guests and families, including schedules, tips, and resources to support your student\u2019s success.\",\"breadcrumb\":{\"@id\":\"https:\\\/\\\/uwm.edu\\\/undergrad-admission\\\/orientation\\\/family-and-guest-information\\\/#breadcrumb\"},\"inLanguage\":\"en-US\",\"potentialAction\":[{\"@type\":\"ReadAction\",\"target\":[\"https:\\\/\\\/uwm.edu\\\/undergrad-admission\\\/orientation\\\/family-and-guest-information\\\/\"]}]},{\"@type\":\"BreadcrumbList\",\"@id\":\"https:\\\/\\\/uwm.edu\\\/undergrad-admission\\\/orientation\\\/family-and-guest-information\\\/#breadcrumb\",\"itemListElement\":[{\"@type\":\"ListItem\",\"position\":1,\"name\":\"Home\",\"item\":\"https:\\\/\\\/uwm.edu\\\/undergrad-admission\\\/\"},{\"@type\":\"ListItem\",\"position\":2,\"name\":\"Orientation\",\"item\":\"https:\\\/\\\/uwm.edu\\\/undergrad-admission\\\/orientation\\\/\"},{\"@type\":\"ListItem\",\"position\":3,\"name\":\"Family and Guest Information\"}]},{\"@type\":\"WebSite\",\"@id\":\"https:\\\/\\\/uwm.edu\\\/undergrad-admission\\\/#website\",\"url\":\"https:\\\/\\\/uwm.edu\\\/undergrad-admission\\\/\",\"name\":\"Undergraduate Admissions\",\"description\":\"\",\"potentialAction\":[{\"@type\":\"SearchAction\",\"target\":{\"@type\":\"EntryPoint\",\"urlTemplate\":\"https:\\\/\\\/uwm.edu\\\/undergrad-admission\\\/?s={search_term_string}\"},\"query-input\":{\"@type\":\"PropertyValueSpecification\",\"valueRequired\":true,\"valueName\":\"search_term_string\"}}],\"inLanguage\":\"en-US\"}]}<\/script>\n<!-- \/ Yoast SEO Premium plugin. -->","yoast_head_json":{"title":"Undergraduate Admissions","description":"Find details for 51ÁÔÆæ Orientation guests and families, including schedules, tips, and resources to support your student\u2019s success.","robots":{"index":"index","follow":"follow","max-snippet":"max-snippet:-1","max-image-preview":"max-image-preview:large","max-video-preview":"max-video-preview:-1"},"canonical":"https:\/\/uwm.edu\/undergrad-admission\/orientation\/family-and-guest-information\/","og_locale":"en_US","og_type":"article","og_title":"Family and Guest Information","og_description":"Find details for 51ÁÔÆæ Orientation guests and families, including schedules, tips, and resources to support your student\u2019s success.","og_url":"https:\/\/uwm.edu\/undergrad-admission\/orientation\/family-and-guest-information\/","og_site_name":"Undergraduate Admissions","article_modified_time":"2026-04-13T20:21:07+00:00","twitter_card":"summary_large_image","twitter_misc":{"Est. reading time":"3 minutes"},"schema":{"@context":"https:\/\/schema.org","@graph":[{"@type":"WebPage","@id":"https:\/\/uwm.edu\/undergrad-admission\/orientation\/family-and-guest-information\/","url":"https:\/\/uwm.edu\/undergrad-admission\/orientation\/family-and-guest-information\/","name":"Family and Guest Information - Undergraduate Admissions","isPartOf":{"@id":"https:\/\/uwm.edu\/undergrad-admission\/#website"},"datePublished":"2024-02-29T16:38:47+00:00","dateModified":"2026-04-13T20:21:07+00:00","description":"Find details for 51ÁÔÆæ Orientation guests and families, including schedules, tips, and resources to support your student\u2019s success.","breadcrumb":{"@id":"https:\/\/uwm.edu\/undergrad-admission\/orientation\/family-and-guest-information\/#breadcrumb"},"inLanguage":"en-US","potentialAction":[{"@type":"ReadAction","target":["https:\/\/uwm.edu\/undergrad-admission\/orientation\/family-and-guest-information\/"]}]},{"@type":"BreadcrumbList","@id":"https:\/\/uwm.edu\/undergrad-admission\/orientation\/family-and-guest-information\/#breadcrumb","itemListElement":[{"@type":"ListItem","position":1,"name":"Home","item":"https:\/\/uwm.edu\/undergrad-admission\/"},{"@type":"ListItem","position":2,"name":"Orientation","item":"https:\/\/uwm.edu\/undergrad-admission\/orientation\/"},{"@type":"ListItem","position":3,"name":"Family and Guest Information"}]},{"@type":"WebSite","@id":"https:\/\/uwm.edu\/undergrad-admission\/#website","url":"https:\/\/uwm.edu\/undergrad-admission\/","name":"Undergraduate Admissions","description":"","potentialAction":[{"@type":"SearchAction","target":{"@type":"EntryPoint","urlTemplate":"https:\/\/uwm.edu\/undergrad-admission\/?s={search_term_string}"},"query-input":{"@type":"PropertyValueSpecification","valueRequired":true,"valueName":"search_term_string"}}],"inLanguage":"en-US"}]}},"acf":[],"_links":{"self":[{"href":"https:\/\/uwm.edu\/undergrad-admission\/wp-json\/wp\/v2\/pages\/7298","targetHints":{"allow":["GET"]}}],"collection":[{"href":"https:\/\/uwm.edu\/undergrad-admission\/wp-json\/wp\/v2\/pages"}],"about":[{"href":"https:\/\/uwm.edu\/undergrad-admission\/wp-json\/wp\/v2\/types\/page"}],"author":[{"embeddable":true,"href":"https:\/\/uwm.edu\/undergrad-admission\/wp-json\/wp\/v2\/users\/29"}],"replies":[{"embeddable":true,"href":"https:\/\/uwm.edu\/undergrad-admission\/wp-json\/wp\/v2\/comments?post=7298"}],"version-history":[{"count":10,"href":"https:\/\/uwm.edu\/undergrad-admission\/wp-json\/wp\/v2\/pages\/7298\/revisions"}],"predecessor-version":[{"id":9215,"href":"https:\/\/uwm.edu\/undergrad-admission\/wp-json\/wp\/v2\/pages\/7298\/revisions\/9215"}],"up":[{"embeddable":true,"href":"https:\/\/uwm.edu\/undergrad-admission\/wp-json\/wp\/v2\/pages\/7154"}],"wp:attachment":[{"href":"https:\/\/uwm.edu\/undergrad-admission\/wp-json\/wp\/v2\/media?parent=7298"}],"curies":[{"name":"wp","href":"https:\/\/api.w.org\/{rel}","templated":true}]}}