  {"id":3826,"date":"2021-12-06T13:12:07","date_gmt":"2021-12-06T19:12:07","guid":{"rendered":"https:\/\/uwm.edu\/undergrad-admission\/?page_id=3826"},"modified":"2026-04-14T11:36:47","modified_gmt":"2026-04-14T16:36:47","slug":"casa-abierta","status":"publish","type":"page","link":"https:\/\/uwm.edu\/undergrad-admission\/visit\/casa-abierta\/","title":{"rendered":"Casa Abierta"},"content":{"rendered":"\n<section class=\"uwm-bg-white uwm-u-py-0\"><div class=\"uwm-l-container--base uwm-l-container--overflow-hidden\">\n<div class=\"uwm-l-row\">\n<div class=\"uwm-l-col\"><header class=\"page-header\"><h1 class=\"entry-title heading-separator\">Casa Abierta<\/h1><\/header>\n\n\n<p class=\"lead-in\">Learn about UW-Milwaukee and see campus for yourself during Casa Abierta, a bilingual event for prospective&nbsp;students.&nbsp;\u202f<\/p>\n\n\n\n<h2 class=\"wp-block-heading size-h3\" id=\"h-at-casa-abierta-families-will-be-able-to-nbsp\">At Casa Abierta families will be able to:&nbsp;<\/h2>\n\n\n\n<ul class=\"wp-block-list\">\n<li>Take a tour of our beautiful campus\u2014offered fully in Spanish or English.&nbsp;<\/li>\n\n\n\n<li>Attend a student panel and ask questions about student life at 51ÁÔÆæ.&nbsp;&nbsp;<\/li>\n\n\n\n<li>Learn more about our admissions process and paying for college.&nbsp;<\/li>\n\n\n\n<li>Meet 51ÁÔÆæ academic programs and the&nbsp;<a href=\"https:\/\/uwm.edu\/robertohernandezcenter\/\" target=\"_blank\" rel=\"noreferrer noopener\">Roberto Hernandez Center<\/a>&nbsp;team.<\/li>\n<\/ul>\n\n\n\n<div class=\"uwm-p-notice\"><div class=\"uwm-p-notice--content\"><div class=\"uwm-p-notice--message\">This event has passed. Please check back for future dates<\/div><\/div><\/div>\n<\/div>\n\n\n\n<div class=\"uwm-l-col uwm-l-col--4 uwm-l-offset--1\">\n<div style=\"height:40px\" aria-hidden=\"true\" class=\"wp-block-spacer\"><\/div>\n\n\n<div class=\"content_block\" id=\"custom_post_widget-7642\">\n<div class=\"uwm-p-card uwm-p-card--gold uwm-u-mb-40\"><div class=\"uwm-p-card--body\"><div class=\"uwm-p-card--content\">\n<p class=\"size-p-lg\"><strong>Have a Question?<\/strong><\/p>\n\n\n\n<p>We&#8217;re here to help! <br>Don&#8217;t hesitate to reach out.<\/p>\n\n\n\n<p>Contact Hope Williams <br><a href=\"mailto:ouaevents@uwm.edu\">ouaevents@uwm.edu<\/a><\/p>\n\n\n\n<figure class=\"aligncenter uwm-c-img--center\"><img loading=\"lazy\" decoding=\"async\" width=\"150\" height=\"150\" src=\"https:\/\/uwm.edu\/undergrad-admission\/wp-content\/uploads\/sites\/539\/2024\/06\/williams_hope-150x150.jpg\" alt=\"Hope Williams\" class=\"wp-image-7643\" srcset=\"https:\/\/uwm.edu\/undergrad-admission\/wp-content\/uploads\/sites\/539\/2024\/06\/williams_hope-150x150.jpg 150w, https:\/\/uwm.edu\/undergrad-admission\/wp-content\/uploads\/sites\/539\/2024\/06\/williams_hope.jpg 200w\" sizes=\"auto, (max-width: 150px) 100vw, 150px\" \/><\/figure>\n<\/div><\/div><\/div>\n<\/div>\n<\/div>\n<\/div>\n\n\n\n<h2 class=\"wp-block-heading size-h3\" id=\"h-information-on-visiting-uwm\">Information on visiting 51ÁÔÆæ <\/h2>\n\n\n\n<div class=\"uwm-p-accordion uwm-p-accordion--icon-left-circle\" data-accordion-prefix-classes=\"uwm\" data-accordion-cool-selectors=\"1\"><button class=\"uwm-p-accordion--toggle-button size-p-md\">Expand All<\/button>\n<div class=\"uwm-p-accordion--header\"><strong>Directions and Parking<\/strong>\u00a0<\/div><div class=\"uwm-p-accordion--panel\"><div class=\"uwm-p-accordion--panel-inner uwm-u-clear\">\n<p>The UW-Milwaukee Student Union is located at 2200 E 51ÁÔÆæ, Milwaukee, WI 53211. Event attendees can park in the Union Parking Garage, connected to the Student Union. Staff members will be present to assist. All parking is free for this event.&nbsp;<\/p>\n<\/div><\/div>\n\n\n\n<div class=\"uwm-p-accordion--header\"><strong>Hotel Reservations<\/strong>\u00a0<\/div><div class=\"uwm-p-accordion--panel\"><div class=\"uwm-p-accordion--panel-inner uwm-u-clear\">\n<p>If you\u2019re traveling into the city and looking to spend the night or weekend in Milwaukee, consider booking your stay through our preferred hotel partners. Discounts are available and you can conduct all your bookings online. Visit our&nbsp;<a href=\"http:\/\/www.visitmilwaukee.org\/uwm\" target=\"_blank\" rel=\"noreferrer noopener\">Panther Families Preferred Hotels website<\/a>&nbsp;at&nbsp;<a href=\"http:\/\/www.visitmilwaukee.org\/uwm\" target=\"_blank\" rel=\"noreferrer noopener\">www.visitmilwaukee.org\/uwm<\/a>.&nbsp;<\/p>\n<\/div><\/div>\n\n\n\n<div class=\"uwm-p-accordion--header\">Cancellations and Questions<\/div><div class=\"uwm-p-accordion--panel\"><div class=\"uwm-p-accordion--panel-inner uwm-u-clear\">\n<p>If you need to cancel or have any questions, please call us at 414-229-4397 or email us at\u202f<a href=\"mailto:ouaevents@uwm.edu\" target=\"_blank\" rel=\"noreferrer noopener\">ouaevents@uwm.edu<\/a>.\u202f&nbsp;<\/p>\n<\/div><\/div>\n<\/div>\n\n\n\n<p class=\"lead-in\"><strong>Lo invitamos a usted y su familia a Casa Abierta en el campus de la Universidad de Wisconsin-Milwaukee (51ÁÔÆæ). \u00c9ste es un evento biling\u00fce para futuros estudiantes y sus familias.<\/strong>&nbsp;<\/p>\n\n\n\n<h2 class=\"wp-block-heading size-h3\" id=\"h-sabado-6-de-diciembre-2025\">S\u00e1bado, 6 de diciembre, 2025<\/h2>\n\n\n\n<p>En Casa&nbsp;Abierta,&nbsp;podr\u00e1s:&nbsp;<\/p>\n\n\n\n<ul class=\"wp-block-list\">\n<li>Tomar un&nbsp;recorrido&nbsp;por&nbsp;nuestro&nbsp;bello campus que se&nbsp;ofrece&nbsp;en&nbsp;espa\u00f1ol&nbsp;o&nbsp;en&nbsp;ingl\u00e9s.&nbsp;<\/li>\n\n\n\n<li>Asistir&nbsp;a un panel de&nbsp;estudiantes&nbsp;y&nbsp;haga&nbsp;preguntas&nbsp;sobre&nbsp;la&nbsp;vida&nbsp;estudiant\u00edl&nbsp;en&nbsp;51ÁÔÆæ.&nbsp;<\/li>\n\n\n\n<li>Obtenga m\u00e1s informaci\u00f3n sobre nuestro proceso de admisi\u00f3n y el pago de la universidad.<\/li>\n\n\n\n<li>Conozca los programas acad\u00e9micos de 51ÁÔÆæ y el equipo del&nbsp;<a href=\"https:\/\/uwm.edu\/robertohernandezcenter\/\" target=\"_blank\" rel=\"noreferrer noopener\">Centro Roberto Hern\u00e1ndez<\/a>.<\/li>\n<\/ul>\n\n\n\n<ul class=\"wp-block-list\">\n<li>Conocer&nbsp;al&nbsp;equipo&nbsp;del&nbsp;<a href=\"https:\/\/uwm.edu\/robertohernandezcenter\/\" target=\"_blank\" rel=\"noreferrer noopener\">Centro Roberto Hern\u00e1ndez<\/a>.&nbsp;<\/li>\n<\/ul>\n\n\n\n<p>\u00bfTiene&nbsp;preguntas? Llama 414-229-2222&nbsp;<\/p>\n\n\n\n<h2 class=\"wp-block-heading size-h3\" id=\"h-informacion-nbsp-sobre-nbsp-como-nbsp-visitar-nbsp-uwm\">Informaci\u00f3n&nbsp;sobre&nbsp;c\u00f3mo&nbsp;visitar&nbsp;51ÁÔÆæ<\/h2>\n\n\n\n<div class=\"uwm-p-accordion uwm-p-accordion--icon-left-circle\" data-accordion-prefix-classes=\"uwm\" data-accordion-cool-selectors=\"1\"><button class=\"uwm-p-accordion--toggle-button size-p-md\">Expand All<\/button>\n<div class=\"uwm-p-accordion--header\"><strong>Direcciones\u00a0y\u00a0estaci\u00f3namiento<\/strong><\/div><div class=\"uwm-p-accordion--panel\"><div class=\"uwm-p-accordion--panel-inner uwm-u-clear\">\n<p>El Centro estudiantil (Student Union) de la Universidad de Wisconsin Milwaukee esta localizado en El 2000 E. Kenwood BLVD, Milwaukee, WI 53211. Los participants de Este evento pueden estacionarse en el garage localizado en el Student Union. Personal de la Universidad estara disposable para asistir. El estacionamiento para este evento es completamente GRATIS.<\/p>\n<\/div><\/div>\n\n\n\n<div class=\"uwm-p-accordion--header\"><strong>Reservas\u00a0de Hotel\u00a0<\/strong><\/div><div class=\"uwm-p-accordion--panel\"><div class=\"uwm-p-accordion--panel-inner uwm-u-clear\">\n<p>Si&nbsp;viaja&nbsp;a la ciudad y&nbsp;desea&nbsp;pasar la&nbsp;noche&nbsp;o&nbsp;el&nbsp;fin de&nbsp;semana&nbsp;en&nbsp;Milwaukee,&nbsp;considere&nbsp;reservar&nbsp;su&nbsp;estad\u00eda&nbsp;a&nbsp;trav\u00e9s&nbsp;de&nbsp;nuestros&nbsp;socios&nbsp;de&nbsp;hoteles&nbsp;preferidos. Los&nbsp;descuentos&nbsp;est\u00e1n&nbsp;disponibles&nbsp;y&nbsp;puede&nbsp;realizar&nbsp;todas&nbsp;sus&nbsp;reservas&nbsp;en&nbsp;l\u00ednea.&nbsp;Visite&nbsp;nuestro&nbsp;sitio web de Panther Families Preferred Hotels&nbsp;en&nbsp;<a href=\"http:\/\/www.visitmilwaukee.org\/uwm\">www.visitmilwaukee.org\/uwm<\/a>.&nbsp;<\/p>\n<\/div><\/div>\n\n\n\n<div class=\"uwm-p-accordion--header\"><strong>Cancelaciones\u00a0y\u00a0preguntas\u00a0<\/strong>\u00a0<\/div><div class=\"uwm-p-accordion--panel\"><div class=\"uwm-p-accordion--panel-inner uwm-u-clear\">\n<p>Si&nbsp;necesita&nbsp;cancelar&nbsp;o&nbsp;tiene&nbsp;alguna&nbsp;pregunta,&nbsp;ll\u00e1menos&nbsp;al 414-229-2222 o&nbsp;env\u00edenos&nbsp;un&nbsp;correo&nbsp;electr\u00f3nico&nbsp;a&nbsp;ouaevents@uwm.edu.\u202f&nbsp;&nbsp;&nbsp;<\/p>\n<\/div><\/div>\n<\/div>\n<\/div><\/section>\n\n\n\n<div style=\"height:72px\" aria-hidden=\"true\" class=\"wp-block-spacer\"><\/div>\n\n\n\n<hr class=\"has-css-opacity alignfull uwm-c-hr--thick uwm-u-m-0\" \/>\n\n\n\n<p><\/p>\n","protected":false},"excerpt":{"rendered":"","protected":false},"author":3792,"featured_media":6661,"parent":126,"menu_order":48,"comment_status":"closed","ping_status":"closed","template":"templates\/full-width.php","meta":{"_acf_changed":false,"footnotes":"","uwm_wg_additional_authors":[]},"class_list":["post-3826","page","type-page","status-publish","has-post-thumbnail","hentry"],"yoast_head":"<!-- This site is optimized with the Yoast SEO Premium plugin v27.3 (Yoast SEO v27.3) - https:\/\/yoast.com\/product\/yoast-seo-premium-wordpress\/ -->\n<title>Undergraduate Admissions<\/title>\n<meta name=\"description\" content=\"Casa Abierta is a bilingual event for prospective Latinx Students. Learn about UW-Milwaukee and see campus for yourself.\" \/>\n<meta name=\"robots\" content=\"index, follow, max-snippet:-1, max-image-preview:large, max-video-preview:-1\" \/>\n<link rel=\"canonical\" href=\"https:\/\/uwm.edu\/undergrad-admission\/visit\/casa-abierta\/\" \/>\n<meta property=\"og:locale\" content=\"en_US\" \/>\n<meta property=\"og:type\" content=\"article\" \/>\n<meta property=\"og:title\" content=\"Casa Abierta\" \/>\n<meta property=\"og:description\" content=\"Casa Abierta is a bilingual event for prospective Latinx Students. Learn about UW-Milwaukee and see campus for yourself.\" \/>\n<meta property=\"og:url\" content=\"https:\/\/uwm.edu\/undergrad-admission\/visit\/casa-abierta\/\" \/>\n<meta property=\"og:site_name\" content=\"Undergraduate Admissions\" \/>\n<meta property=\"article:modified_time\" content=\"2026-04-14T16:36:47+00:00\" \/>\n<meta property=\"og:image\" content=\"https:\/\/uwm.edu\/undergrad-admission\/wp-content\/uploads\/sites\/539\/2023\/10\/Casa-Abierta-Heaader.jpg\" \/>\n\t<meta property=\"og:image:width\" content=\"1500\" \/>\n\t<meta property=\"og:image:height\" content=\"400\" \/>\n\t<meta property=\"og:image:type\" content=\"image\/jpeg\" \/>\n<meta name=\"twitter:card\" content=\"summary_large_image\" \/>\n<meta name=\"twitter:label1\" content=\"Est. reading time\" \/>\n\t<meta name=\"twitter:data1\" content=\"3 minutes\" \/>\n<script type=\"application\/ld+json\" class=\"yoast-schema-graph\">{\"@context\":\"https:\\\/\\\/schema.org\",\"@graph\":[{\"@type\":\"WebPage\",\"@id\":\"https:\\\/\\\/uwm.edu\\\/undergrad-admission\\\/visit\\\/casa-abierta\\\/\",\"url\":\"https:\\\/\\\/uwm.edu\\\/undergrad-admission\\\/visit\\\/casa-abierta\\\/\",\"name\":\"Casa Abierta - Undergraduate Admissions - 51ÁÔÆæ\",\"isPartOf\":{\"@id\":\"https:\\\/\\\/uwm.edu\\\/undergrad-admission\\\/#website\"},\"primaryImageOfPage\":{\"@id\":\"https:\\\/\\\/uwm.edu\\\/undergrad-admission\\\/visit\\\/casa-abierta\\\/#primaryimage\"},\"image\":{\"@id\":\"https:\\\/\\\/uwm.edu\\\/undergrad-admission\\\/visit\\\/casa-abierta\\\/#primaryimage\"},\"thumbnailUrl\":\"https:\\\/\\\/uwm.edu\\\/undergrad-admission\\\/wp-content\\\/uploads\\\/sites\\\/539\\\/2023\\\/10\\\/Casa-Abierta-Heaader.jpg\",\"datePublished\":\"2021-12-06T19:12:07+00:00\",\"dateModified\":\"2026-04-14T16:36:47+00:00\",\"description\":\"Casa Abierta is a bilingual event for prospective Latinx Students. Learn about UW-Milwaukee and see campus for yourself.\",\"breadcrumb\":{\"@id\":\"https:\\\/\\\/uwm.edu\\\/undergrad-admission\\\/visit\\\/casa-abierta\\\/#breadcrumb\"},\"inLanguage\":\"en-US\",\"potentialAction\":[{\"@type\":\"ReadAction\",\"target\":[\"https:\\\/\\\/uwm.edu\\\/undergrad-admission\\\/visit\\\/casa-abierta\\\/\"]}]},{\"@type\":\"ImageObject\",\"inLanguage\":\"en-US\",\"@id\":\"https:\\\/\\\/uwm.edu\\\/undergrad-admission\\\/visit\\\/casa-abierta\\\/#primaryimage\",\"url\":\"https:\\\/\\\/uwm.edu\\\/undergrad-admission\\\/wp-content\\\/uploads\\\/sites\\\/539\\\/2023\\\/10\\\/Casa-Abierta-Heaader.jpg\",\"contentUrl\":\"https:\\\/\\\/uwm.edu\\\/undergrad-admission\\\/wp-content\\\/uploads\\\/sites\\\/539\\\/2023\\\/10\\\/Casa-Abierta-Heaader.jpg\",\"width\":1500,\"height\":400},{\"@type\":\"BreadcrumbList\",\"@id\":\"https:\\\/\\\/uwm.edu\\\/undergrad-admission\\\/visit\\\/casa-abierta\\\/#breadcrumb\",\"itemListElement\":[{\"@type\":\"ListItem\",\"position\":1,\"name\":\"Home\",\"item\":\"https:\\\/\\\/uwm.edu\\\/undergrad-admission\\\/\"},{\"@type\":\"ListItem\",\"position\":2,\"name\":\"Visit 51ÁÔÆæ\",\"item\":\"https:\\\/\\\/uwm.edu\\\/undergrad-admission\\\/visit\\\/\"},{\"@type\":\"ListItem\",\"position\":3,\"name\":\"Casa Abierta\"}]},{\"@type\":\"WebSite\",\"@id\":\"https:\\\/\\\/uwm.edu\\\/undergrad-admission\\\/#website\",\"url\":\"https:\\\/\\\/uwm.edu\\\/undergrad-admission\\\/\",\"name\":\"Undergraduate Admissions\",\"description\":\"\",\"potentialAction\":[{\"@type\":\"SearchAction\",\"target\":{\"@type\":\"EntryPoint\",\"urlTemplate\":\"https:\\\/\\\/uwm.edu\\\/undergrad-admission\\\/?s={search_term_string}\"},\"query-input\":{\"@type\":\"PropertyValueSpecification\",\"valueRequired\":true,\"valueName\":\"search_term_string\"}}],\"inLanguage\":\"en-US\"}]}<\/script>\n<!-- \/ Yoast SEO Premium plugin. -->","yoast_head_json":{"title":"Undergraduate Admissions","description":"Casa Abierta is a bilingual event for prospective Latinx Students. Learn about UW-Milwaukee and see campus for yourself.","robots":{"index":"index","follow":"follow","max-snippet":"max-snippet:-1","max-image-preview":"max-image-preview:large","max-video-preview":"max-video-preview:-1"},"canonical":"https:\/\/uwm.edu\/undergrad-admission\/visit\/casa-abierta\/","og_locale":"en_US","og_type":"article","og_title":"Casa Abierta","og_description":"Casa Abierta is a bilingual event for prospective Latinx Students. Learn about UW-Milwaukee and see campus for yourself.","og_url":"https:\/\/uwm.edu\/undergrad-admission\/visit\/casa-abierta\/","og_site_name":"Undergraduate Admissions","article_modified_time":"2026-04-14T16:36:47+00:00","og_image":[{"width":1500,"height":400,"url":"https:\/\/uwm.edu\/undergrad-admission\/wp-content\/uploads\/sites\/539\/2023\/10\/Casa-Abierta-Heaader.jpg","type":"image\/jpeg"}],"twitter_card":"summary_large_image","twitter_misc":{"Est. reading time":"3 minutes"},"schema":{"@context":"https:\/\/schema.org","@graph":[{"@type":"WebPage","@id":"https:\/\/uwm.edu\/undergrad-admission\/visit\/casa-abierta\/","url":"https:\/\/uwm.edu\/undergrad-admission\/visit\/casa-abierta\/","name":"Casa Abierta - Undergraduate Admissions - 51ÁÔÆæ","isPartOf":{"@id":"https:\/\/uwm.edu\/undergrad-admission\/#website"},"primaryImageOfPage":{"@id":"https:\/\/uwm.edu\/undergrad-admission\/visit\/casa-abierta\/#primaryimage"},"image":{"@id":"https:\/\/uwm.edu\/undergrad-admission\/visit\/casa-abierta\/#primaryimage"},"thumbnailUrl":"https:\/\/uwm.edu\/undergrad-admission\/wp-content\/uploads\/sites\/539\/2023\/10\/Casa-Abierta-Heaader.jpg","datePublished":"2021-12-06T19:12:07+00:00","dateModified":"2026-04-14T16:36:47+00:00","description":"Casa Abierta is a bilingual event for prospective Latinx Students. Learn about UW-Milwaukee and see campus for yourself.","breadcrumb":{"@id":"https:\/\/uwm.edu\/undergrad-admission\/visit\/casa-abierta\/#breadcrumb"},"inLanguage":"en-US","potentialAction":[{"@type":"ReadAction","target":["https:\/\/uwm.edu\/undergrad-admission\/visit\/casa-abierta\/"]}]},{"@type":"ImageObject","inLanguage":"en-US","@id":"https:\/\/uwm.edu\/undergrad-admission\/visit\/casa-abierta\/#primaryimage","url":"https:\/\/uwm.edu\/undergrad-admission\/wp-content\/uploads\/sites\/539\/2023\/10\/Casa-Abierta-Heaader.jpg","contentUrl":"https:\/\/uwm.edu\/undergrad-admission\/wp-content\/uploads\/sites\/539\/2023\/10\/Casa-Abierta-Heaader.jpg","width":1500,"height":400},{"@type":"BreadcrumbList","@id":"https:\/\/uwm.edu\/undergrad-admission\/visit\/casa-abierta\/#breadcrumb","itemListElement":[{"@type":"ListItem","position":1,"name":"Home","item":"https:\/\/uwm.edu\/undergrad-admission\/"},{"@type":"ListItem","position":2,"name":"Visit 51ÁÔÆæ","item":"https:\/\/uwm.edu\/undergrad-admission\/visit\/"},{"@type":"ListItem","position":3,"name":"Casa Abierta"}]},{"@type":"WebSite","@id":"https:\/\/uwm.edu\/undergrad-admission\/#website","url":"https:\/\/uwm.edu\/undergrad-admission\/","name":"Undergraduate Admissions","description":"","potentialAction":[{"@type":"SearchAction","target":{"@type":"EntryPoint","urlTemplate":"https:\/\/uwm.edu\/undergrad-admission\/?s={search_term_string}"},"query-input":{"@type":"PropertyValueSpecification","valueRequired":true,"valueName":"search_term_string"}}],"inLanguage":"en-US"}]}},"acf":[],"_links":{"self":[{"href":"https:\/\/uwm.edu\/undergrad-admission\/wp-json\/wp\/v2\/pages\/3826","targetHints":{"allow":["GET"]}}],"collection":[{"href":"https:\/\/uwm.edu\/undergrad-admission\/wp-json\/wp\/v2\/pages"}],"about":[{"href":"https:\/\/uwm.edu\/undergrad-admission\/wp-json\/wp\/v2\/types\/page"}],"author":[{"embeddable":true,"href":"https:\/\/uwm.edu\/undergrad-admission\/wp-json\/wp\/v2\/users\/3792"}],"replies":[{"embeddable":true,"href":"https:\/\/uwm.edu\/undergrad-admission\/wp-json\/wp\/v2\/comments?post=3826"}],"version-history":[{"count":53,"href":"https:\/\/uwm.edu\/undergrad-admission\/wp-json\/wp\/v2\/pages\/3826\/revisions"}],"predecessor-version":[{"id":8939,"href":"https:\/\/uwm.edu\/undergrad-admission\/wp-json\/wp\/v2\/pages\/3826\/revisions\/8939"}],"up":[{"embeddable":true,"href":"https:\/\/uwm.edu\/undergrad-admission\/wp-json\/wp\/v2\/pages\/126"}],"wp:featuredmedia":[{"embeddable":true,"href":"https:\/\/uwm.edu\/undergrad-admission\/wp-json\/wp\/v2\/media\/6661"}],"wp:attachment":[{"href":"https:\/\/uwm.edu\/undergrad-admission\/wp-json\/wp\/v2\/media?parent=3826"}],"curies":[{"name":"wp","href":"https:\/\/api.w.org\/{rel}","templated":true}]}}