  {"id":7457,"date":"2025-12-23T12:20:41","date_gmt":"2025-12-23T18:20:41","guid":{"rendered":"https:\/\/uwm.edu\/webid2-test-lsweb\/?page_id=7457"},"modified":"2026-02-24T17:23:00","modified_gmt":"2026-02-24T23:23:00","slug":"directory","status":"publish","type":"page","link":"https:\/\/uwm.edu\/religiousstudies\/about\/directory\/","title":{"rendered":"Faculty &amp; Staff Directory"},"content":{"rendered":"\n<h2 class=\"wp-block-heading\" id=\"faculty\">Faculty<\/h2>\n\n\n<div class=\"facetwp-template\"><div id=\"uwmpeople-container\" class=\"uwmpeople-grid\"><div id=\"uwmpeople-grid\" class=\"uwm-l-grid uwm-l-grid--5 uwm-u-mb-40\" aria-hidden=\"false\"><div class=\"uwmpeople-person uwm-u-mb-40\" data-catlist=\"35\"><div class=\"people-image\"><a href=\"https:\/\/uwm.edu\/religiousstudies\/directory\/divalerio-david\/\"><img decoding=\"async\" class=\"attachment-medium size-medium wp-post-image\" src=\"https:\/\/web.uwm.edu\/ls-people\/file\/divaleri.webp?ver=9b6e97f0517157d1750fbf4de8bf922f\" sizes=\"(max-width: 250px) 100vw, 250px\" width=\"300\" \/><\/a><\/div><div class=\"people-info\"><div class=\"people-name\"><strong><a href=\"https:\/\/uwm.edu\/religiousstudies\/directory\/divalerio-david\/\">Divalerio, David <\/a><\/strong><\/div><div class=\"uwm-u-my-0\"><ul class=\"people-title-dept uwm-c-list--cleanlist\"><li><strong>Associate Professor<\/strong>, <em>History and Religious Studies<\/em><\/li><li><strong>Director<\/strong>, <em>Religious Studies Program<\/em><\/li><\/ul><\/div><ul class=\"people-contact uwm-c-list--cleanlist\"><li class=\"people-email\"><a href=\"mailto:divaleri@uwm.edu\">divaleri@uwm.edu<\/a><\/li><\/ul><\/div><\/div><div class=\"uwmpeople-person uwm-u-mb-40\" data-catlist=\"35\"><div class=\"people-image\"><a href=\"https:\/\/uwm.edu\/religiousstudies\/directory\/williams-demetrius\/\"><img decoding=\"async\" class=\"attachment-medium size-medium wp-post-image\" src=\"https:\/\/web.uwm.edu\/ls-people\/file\/williamd.webp?ver=\" sizes=\"(max-width: 250px) 100vw, 250px\" width=\"300\" \/><\/a><\/div><div class=\"people-info\"><div class=\"people-name\"><strong><a href=\"https:\/\/uwm.edu\/religiousstudies\/directory\/williams-demetrius\/\">Williams, Demetrius <\/a><\/strong><\/div><div class=\"uwm-u-my-0\"><ul class=\"people-title-dept uwm-c-list--cleanlist\"><li><strong>Professor<\/strong>, <em>Comparative Literature<\/em><\/li><\/ul><\/div><ul class=\"people-contact uwm-c-list--cleanlist\"><li class=\"people-email\"><a href=\"mailto:williamd@uwm.edu\">williamd@uwm.edu<\/a><\/li><li class=\"people-phone\"><a href=\"tel:4142294382\">414-229-4382<\/a><\/li><\/ul><\/div><\/div><\/div><\/div><\/div>\n\n\n\n<hr class=\"has-alpha-channel-opacity\" \/>\n\n\n\n<h2 class=\"wp-block-heading\" id=\"lecturers\">Affiliated Faculty<\/h2>\n\n\n\n<ul class=\"wp-block-list\">\n<li><strong>Rachel Baum<\/strong><br>Jewish Studies<\/li>\n\n\n\n<li><strong>Joel Berkowitz<\/strong><br>English, and Sam &amp; Helen Stahl Center for Jewish Studies<\/li>\n\n\n\n<li><strong>William Bristow<\/strong><br>Philosophy<\/li>\n\n\n\n<li><strong>Jue Chen<\/strong><br>Ancient &amp; Modern Languages, Literatures &amp; Cultures: Chinese<\/li>\n\n\n\n<li><strong>Marcus Filippello<\/strong><br>History<\/li>\n\n\n\n<li><strong>Mark Freeland<\/strong><br>Electa Quinney Institute and Anthropology<\/li>\n\n\n\n<li><strong>\u00c1g\u00fast Ingvar Magn\u00fasson<\/strong><br>Philosophy<\/li>\n\n\n\n<li><strong>Fahed Masalkhi<\/strong><br>World Languages &amp; Cultures: Arabic<\/li>\n\n\n\n<li><strong>Anna Mansson McGinty<\/strong><br>Geography and Women\u2019s and Gender Studies<\/li>\n\n\n\n<li><strong>Meghan Murphy-Lee<\/strong><br>Ancient &amp; Modern Languages, Literatures &amp; Cultures: Russian<\/li>\n\n\n\n<li><strong>Kevin Muse<\/strong><br>Ancient &amp; Modern Languages, Literatures &amp; Cultures: Classics<\/li>\n\n\n\n<li><strong>Aragorn Quinn<\/strong><br>World Languages &amp; Cultures: Japanese<\/li>\n\n\n\n<li><strong>Sarah Schaefer<\/strong><br>Art History<\/li>\n\n\n\n<li><strong>Alan Singer<\/strong><br>Honors College<\/li>\n\n\n\n<li><strong>Hilary Snow<\/strong><br>Honors College<\/li>\n\n\n\n<li><strong>Tanya Tiffany<\/strong><br>Art History<\/li>\n\n\n\n<li><strong>Anika Wilson<\/strong><br>African and African Diaspora Studies<\/li>\n<\/ul>\n\n\n\n<hr class=\"has-alpha-channel-opacity\" \/>\n\n\n\n<h2 class=\"wp-block-heading\" id=\"admin-staff\">Emeritus Faculty<\/h2>\n\n\n\n<ul class=\"wp-block-list\">\n<li><strong>Judith Beall<\/strong><br>History and Religious Studies<\/li>\n\n\n\n<li><strong>Kenneth Bendiner<\/strong><br>Art History<\/li>\n\n\n\n<li><strong>Lakshmi Bharadwaj<\/strong><br>Sociology<\/li>\n\n\n\n<li><strong>Jeffrey Merrick<\/strong><br>History<\/li>\n\n\n\n<li><strong>Richard Monti<\/strong><br>Foreign Languages &amp; Literature: Classics<\/li>\n\n\n\n<li><strong>Merry Wiesner-Hanks<\/strong><br>History<\/li>\n<\/ul>\n\n\n\n<hr class=\"has-alpha-channel-opacity\" \/>\n","protected":false},"excerpt":{"rendered":"<p>Faculty Affiliated Faculty Emeritus Faculty<\/p>\n","protected":false},"author":1272,"featured_media":0,"parent":7456,"menu_order":4,"comment_status":"closed","ping_status":"closed","template":"","meta":{"_acf_changed":false,"footnotes":"","uwm_wg_additional_authors":[]},"class_list":["post-7457","page","type-page","status-publish","hentry"],"yoast_head":"<!-- This site is optimized with the Yoast SEO Premium plugin v27.3 (Yoast SEO v27.3) - https:\/\/yoast.com\/product\/yoast-seo-premium-wordpress\/ -->\n<title>Religious Studies<\/title>\n<meta name=\"robots\" content=\"index, follow, max-snippet:-1, max-image-preview:large, max-video-preview:-1\" \/>\n<link rel=\"canonical\" href=\"https:\/\/uwm.edu\/religiousstudies\/about\/directory\/\" \/>\n<meta property=\"og:locale\" content=\"en_US\" \/>\n<meta property=\"og:type\" content=\"article\" \/>\n<meta property=\"og:title\" content=\"Faculty &amp; Staff Directory\" \/>\n<meta property=\"og:description\" content=\"Faculty Affiliated Faculty Emeritus Faculty\" \/>\n<meta property=\"og:url\" content=\"https:\/\/uwm.edu\/religiousstudies\/about\/directory\/\" \/>\n<meta property=\"og:site_name\" content=\"Religious Studies\" \/>\n<meta property=\"article:modified_time\" content=\"2026-02-24T23:23:00+00:00\" \/>\n<meta name=\"twitter:card\" content=\"summary_large_image\" \/>\n<meta name=\"twitter:label1\" content=\"Est. reading time\" \/>\n\t<meta name=\"twitter:data1\" content=\"1 minute\" \/>\n<script type=\"application\/ld+json\" class=\"yoast-schema-graph\">{\"@context\":\"https:\\\/\\\/schema.org\",\"@graph\":[{\"@type\":\"WebPage\",\"@id\":\"https:\\\/\\\/uwm.edu\\\/religiousstudies\\\/about\\\/directory\\\/\",\"url\":\"https:\\\/\\\/uwm.edu\\\/religiousstudies\\\/about\\\/directory\\\/\",\"name\":\"Faculty &amp; Staff Directory - Religious Studies\",\"isPartOf\":{\"@id\":\"https:\\\/\\\/uwm.edu\\\/religiousstudies\\\/#website\"},\"datePublished\":\"2025-12-23T18:20:41+00:00\",\"dateModified\":\"2026-02-24T23:23:00+00:00\",\"breadcrumb\":{\"@id\":\"https:\\\/\\\/uwm.edu\\\/religiousstudies\\\/about\\\/directory\\\/#breadcrumb\"},\"inLanguage\":\"en-US\",\"potentialAction\":[{\"@type\":\"ReadAction\",\"target\":[\"https:\\\/\\\/uwm.edu\\\/religiousstudies\\\/about\\\/directory\\\/\"]}]},{\"@type\":\"BreadcrumbList\",\"@id\":\"https:\\\/\\\/uwm.edu\\\/religiousstudies\\\/about\\\/directory\\\/#breadcrumb\",\"itemListElement\":[{\"@type\":\"ListItem\",\"position\":1,\"name\":\"Home\",\"item\":\"https:\\\/\\\/uwm.edu\\\/religiousstudies\\\/\"},{\"@type\":\"ListItem\",\"position\":2,\"name\":\"About\",\"item\":\"https:\\\/\\\/uwm.edu\\\/religiousstudies\\\/about\\\/\"},{\"@type\":\"ListItem\",\"position\":3,\"name\":\"Faculty &amp; Staff Directory\"}]},{\"@type\":\"WebSite\",\"@id\":\"https:\\\/\\\/uwm.edu\\\/religiousstudies\\\/#website\",\"url\":\"https:\\\/\\\/uwm.edu\\\/religiousstudies\\\/\",\"name\":\"Religious Studies\",\"description\":\"UW-Milwaukee\",\"potentialAction\":[{\"@type\":\"SearchAction\",\"target\":{\"@type\":\"EntryPoint\",\"urlTemplate\":\"https:\\\/\\\/uwm.edu\\\/religiousstudies\\\/?s={search_term_string}\"},\"query-input\":{\"@type\":\"PropertyValueSpecification\",\"valueRequired\":true,\"valueName\":\"search_term_string\"}}],\"inLanguage\":\"en-US\"}]}<\/script>\n<!-- \/ Yoast SEO Premium plugin. -->","yoast_head_json":{"title":"Religious Studies","robots":{"index":"index","follow":"follow","max-snippet":"max-snippet:-1","max-image-preview":"max-image-preview:large","max-video-preview":"max-video-preview:-1"},"canonical":"https:\/\/uwm.edu\/religiousstudies\/about\/directory\/","og_locale":"en_US","og_type":"article","og_title":"Faculty &amp; Staff Directory","og_description":"Faculty Affiliated Faculty Emeritus Faculty","og_url":"https:\/\/uwm.edu\/religiousstudies\/about\/directory\/","og_site_name":"Religious Studies","article_modified_time":"2026-02-24T23:23:00+00:00","twitter_card":"summary_large_image","twitter_misc":{"Est. reading time":"1 minute"},"schema":{"@context":"https:\/\/schema.org","@graph":[{"@type":"WebPage","@id":"https:\/\/uwm.edu\/religiousstudies\/about\/directory\/","url":"https:\/\/uwm.edu\/religiousstudies\/about\/directory\/","name":"Faculty &amp; Staff Directory - Religious Studies","isPartOf":{"@id":"https:\/\/uwm.edu\/religiousstudies\/#website"},"datePublished":"2025-12-23T18:20:41+00:00","dateModified":"2026-02-24T23:23:00+00:00","breadcrumb":{"@id":"https:\/\/uwm.edu\/religiousstudies\/about\/directory\/#breadcrumb"},"inLanguage":"en-US","potentialAction":[{"@type":"ReadAction","target":["https:\/\/uwm.edu\/religiousstudies\/about\/directory\/"]}]},{"@type":"BreadcrumbList","@id":"https:\/\/uwm.edu\/religiousstudies\/about\/directory\/#breadcrumb","itemListElement":[{"@type":"ListItem","position":1,"name":"Home","item":"https:\/\/uwm.edu\/religiousstudies\/"},{"@type":"ListItem","position":2,"name":"About","item":"https:\/\/uwm.edu\/religiousstudies\/about\/"},{"@type":"ListItem","position":3,"name":"Faculty &amp; Staff Directory"}]},{"@type":"WebSite","@id":"https:\/\/uwm.edu\/religiousstudies\/#website","url":"https:\/\/uwm.edu\/religiousstudies\/","name":"Religious Studies","description":"UW-Milwaukee","potentialAction":[{"@type":"SearchAction","target":{"@type":"EntryPoint","urlTemplate":"https:\/\/uwm.edu\/religiousstudies\/?s={search_term_string}"},"query-input":{"@type":"PropertyValueSpecification","valueRequired":true,"valueName":"search_term_string"}}],"inLanguage":"en-US"}]}},"acf":[],"_links":{"self":[{"href":"https:\/\/uwm.edu\/religiousstudies\/wp-json\/wp\/v2\/pages\/7457","targetHints":{"allow":["GET"]}}],"collection":[{"href":"https:\/\/uwm.edu\/religiousstudies\/wp-json\/wp\/v2\/pages"}],"about":[{"href":"https:\/\/uwm.edu\/religiousstudies\/wp-json\/wp\/v2\/types\/page"}],"author":[{"embeddable":true,"href":"https:\/\/uwm.edu\/religiousstudies\/wp-json\/wp\/v2\/users\/1272"}],"replies":[{"embeddable":true,"href":"https:\/\/uwm.edu\/religiousstudies\/wp-json\/wp\/v2\/comments?post=7457"}],"version-history":[{"count":1,"href":"https:\/\/uwm.edu\/religiousstudies\/wp-json\/wp\/v2\/pages\/7457\/revisions"}],"predecessor-version":[{"id":8983,"href":"https:\/\/uwm.edu\/religiousstudies\/wp-json\/wp\/v2\/pages\/7457\/revisions\/8983"}],"up":[{"embeddable":true,"href":"https:\/\/uwm.edu\/religiousstudies\/wp-json\/wp\/v2\/pages\/7456"}],"wp:attachment":[{"href":"https:\/\/uwm.edu\/religiousstudies\/wp-json\/wp\/v2\/media?parent=7457"}],"curies":[{"name":"wp","href":"https:\/\/api.w.org\/{rel}","templated":true}]}}