  {"id":733,"date":"2016-09-16T10:47:40","date_gmt":"2016-09-16T15:47:40","guid":{"rendered":"https:\/\/uwm.edu\/latin-american-caribbean-studies\/?page_id=733"},"modified":"2026-03-31T15:08:32","modified_gmt":"2026-03-31T20:08:32","slug":"americas-award-book-collection-workshops","status":"publish","type":"page","link":"https:\/\/uwm.edu\/latin-american-caribbean-studies\/k-16-educator-resources\/educator-workshops-and-institutes\/americas-award-book-collection-workshops\/","title":{"rendered":"Am\u00e9ricas Award Book Collection Workshops"},"content":{"rendered":"\n<figure class=\"alignright uwm-c-img--right\"><img decoding=\"async\" src=\"https:\/\/uwm.edu\/latin-american-caribbean-studies\/wp-content\/uploads\/sites\/329\/2016\/09\/DrumDreamGirl.jpg\" alt=\"cover of Drum Dream Girl\" class=\"\" \/><\/figure>\n\n\n\n<p>51ÁÔÆæ Libraries houses the Am\u00e9ricas Award Collection, with over 400 books recognized by the Am\u00e9ricas Award for Children\u2019s and Young Adult Literature. Regular workshop offerings highlight new books in the collection, or feature Am\u00e9ricas authors and illustrators.<\/p>\n\n\n\n<p class=\"uwm-c-link--external\">The Am\u00e9ricas Award is given in recognition of U.S. works of fiction, poetry, folklore, or selected non-fiction (from picture books to works for young adults) published in the previous year in English or Spanish that authentically and engagingly portray Latin America, the Caribbean, or Latinos in the United States. By combining both and linking the Americas, the award reaches beyond geographic borders, as well as multicultural-international boundaries, focusing instead upon cultural heritages within the hemisphere. The award is sponsored by the national <a href=\"https:\/\/claspprograms.org\/\" target=\"_blank\" rel=\"noreferrer noopener\">Consortium of Latin American Studies Programs (CLASP).<\/a><\/p>\n\n\n\n<p class=\"uwm-c-link--external size-p-md\"><a href=\"https:\/\/www.facebook.com\/americasaward\" target=\"_blank\" rel=\"noopener\"><strong>Americas Award on Facebook<\/strong><\/a><\/p>\n\n\n\n<p><\/p>\n","protected":false},"excerpt":{"rendered":"<p>51ÁÔÆæ Libraries houses the Am\u00e9ricas Award Collection, with over 400 books recognized by the Am\u00e9ricas Award for Children\u2019s and Young Adult Literature. Regular workshop offerings highlight new books in the collection, or feature Am\u00e9ricas authors and illustrators. The Am\u00e9ricas Award &hellip;<\/p>\n","protected":false},"author":30,"featured_media":0,"parent":708,"menu_order":0,"comment_status":"closed","ping_status":"closed","template":"","meta":{"_acf_changed":false,"footnotes":"","uwm_wg_additional_authors":[]},"class_list":["post-733","page","type-page","status-publish","hentry"],"yoast_head":"<!-- This site is optimized with the Yoast SEO Premium plugin v27.3 (Yoast SEO v27.3) - https:\/\/yoast.com\/product\/yoast-seo-premium-wordpress\/ -->\n<title>Center for Latin American &amp; Caribbean Studies<\/title>\n<meta name=\"robots\" content=\"index, follow, max-snippet:-1, max-image-preview:large, max-video-preview:-1\" \/>\n<link rel=\"canonical\" href=\"https:\/\/uwm.edu\/latin-american-caribbean-studies\/k-16-educator-resources\/educator-workshops-and-institutes\/americas-award-book-collection-workshops\/\" \/>\n<meta property=\"og:locale\" content=\"en_US\" \/>\n<meta property=\"og:type\" content=\"article\" \/>\n<meta property=\"og:title\" content=\"Am\u00e9ricas Award Book Collection Workshops\" \/>\n<meta property=\"og:description\" content=\"51ÁÔÆæ Libraries houses the Am\u00e9ricas Award Collection, with over 400 books recognized by the Am\u00e9ricas Award for Children\u2019s and Young Adult Literature. Regular workshop offerings highlight new books in the collection, or feature Am\u00e9ricas authors and illustrators. The Am\u00e9ricas Award &hellip;\" \/>\n<meta property=\"og:url\" content=\"https:\/\/uwm.edu\/latin-american-caribbean-studies\/k-16-educator-resources\/educator-workshops-and-institutes\/americas-award-book-collection-workshops\/\" \/>\n<meta property=\"og:site_name\" content=\"Center for Latin American &amp; Caribbean Studies\" \/>\n<meta property=\"article:modified_time\" content=\"2026-03-31T20:08:32+00:00\" \/>\n<meta property=\"og:image\" content=\"https:\/\/uwm.edu\/latin-american-caribbean-studies\/wp-content\/uploads\/sites\/329\/2016\/09\/DrumDreamGirl.jpg\" \/>\n<meta name=\"twitter:card\" content=\"summary_large_image\" \/>\n<meta name=\"twitter:label1\" content=\"Est. reading time\" \/>\n\t<meta name=\"twitter:data1\" content=\"1 minute\" \/>\n<script type=\"application\/ld+json\" class=\"yoast-schema-graph\">{\"@context\":\"https:\\\/\\\/schema.org\",\"@graph\":[{\"@type\":\"WebPage\",\"@id\":\"https:\\\/\\\/uwm.edu\\\/latin-american-caribbean-studies\\\/k-16-educator-resources\\\/educator-workshops-and-institutes\\\/americas-award-book-collection-workshops\\\/\",\"url\":\"https:\\\/\\\/uwm.edu\\\/latin-american-caribbean-studies\\\/k-16-educator-resources\\\/educator-workshops-and-institutes\\\/americas-award-book-collection-workshops\\\/\",\"name\":\"Am\u00e9ricas Award Book Collection Workshops - Center for Latin American &amp; Caribbean Studies\",\"isPartOf\":{\"@id\":\"https:\\\/\\\/uwm.edu\\\/latin-american-caribbean-studies\\\/#website\"},\"primaryImageOfPage\":{\"@id\":\"https:\\\/\\\/uwm.edu\\\/latin-american-caribbean-studies\\\/k-16-educator-resources\\\/educator-workshops-and-institutes\\\/americas-award-book-collection-workshops\\\/#primaryimage\"},\"image\":{\"@id\":\"https:\\\/\\\/uwm.edu\\\/latin-american-caribbean-studies\\\/k-16-educator-resources\\\/educator-workshops-and-institutes\\\/americas-award-book-collection-workshops\\\/#primaryimage\"},\"thumbnailUrl\":\"https:\\\/\\\/uwm.edu\\\/latin-american-caribbean-studies\\\/wp-content\\\/uploads\\\/sites\\\/329\\\/2016\\\/09\\\/DrumDreamGirl.jpg\",\"datePublished\":\"2016-09-16T15:47:40+00:00\",\"dateModified\":\"2026-03-31T20:08:32+00:00\",\"breadcrumb\":{\"@id\":\"https:\\\/\\\/uwm.edu\\\/latin-american-caribbean-studies\\\/k-16-educator-resources\\\/educator-workshops-and-institutes\\\/americas-award-book-collection-workshops\\\/#breadcrumb\"},\"inLanguage\":\"en-US\",\"potentialAction\":[{\"@type\":\"ReadAction\",\"target\":[\"https:\\\/\\\/uwm.edu\\\/latin-american-caribbean-studies\\\/k-16-educator-resources\\\/educator-workshops-and-institutes\\\/americas-award-book-collection-workshops\\\/\"]}]},{\"@type\":\"ImageObject\",\"inLanguage\":\"en-US\",\"@id\":\"https:\\\/\\\/uwm.edu\\\/latin-american-caribbean-studies\\\/k-16-educator-resources\\\/educator-workshops-and-institutes\\\/americas-award-book-collection-workshops\\\/#primaryimage\",\"url\":\"https:\\\/\\\/uwm.edu\\\/latin-american-caribbean-studies\\\/wp-content\\\/uploads\\\/sites\\\/329\\\/2016\\\/09\\\/DrumDreamGirl.jpg\",\"contentUrl\":\"https:\\\/\\\/uwm.edu\\\/latin-american-caribbean-studies\\\/wp-content\\\/uploads\\\/sites\\\/329\\\/2016\\\/09\\\/DrumDreamGirl.jpg\",\"width\":350,\"height\":422},{\"@type\":\"BreadcrumbList\",\"@id\":\"https:\\\/\\\/uwm.edu\\\/latin-american-caribbean-studies\\\/k-16-educator-resources\\\/educator-workshops-and-institutes\\\/americas-award-book-collection-workshops\\\/#breadcrumb\",\"itemListElement\":[{\"@type\":\"ListItem\",\"position\":1,\"name\":\"Home\",\"item\":\"https:\\\/\\\/uwm.edu\\\/latin-american-caribbean-studies\\\/\"},{\"@type\":\"ListItem\",\"position\":2,\"name\":\"K\u201316 Educator Resources\",\"item\":\"https:\\\/\\\/uwm.edu\\\/latin-american-caribbean-studies\\\/k-16-educator-resources\\\/\"},{\"@type\":\"ListItem\",\"position\":3,\"name\":\"Educator Workshops and Institutes\",\"item\":\"https:\\\/\\\/uwm.edu\\\/latin-american-caribbean-studies\\\/k-16-educator-resources\\\/educator-workshops-and-institutes\\\/\"},{\"@type\":\"ListItem\",\"position\":4,\"name\":\"Am\u00e9ricas Award Book Collection Workshops\"}]},{\"@type\":\"WebSite\",\"@id\":\"https:\\\/\\\/uwm.edu\\\/latin-american-caribbean-studies\\\/#website\",\"url\":\"https:\\\/\\\/uwm.edu\\\/latin-american-caribbean-studies\\\/\",\"name\":\"Center for Latin American &amp; Caribbean Studies\",\"description\":\"UW-Milwaukee\",\"potentialAction\":[{\"@type\":\"SearchAction\",\"target\":{\"@type\":\"EntryPoint\",\"urlTemplate\":\"https:\\\/\\\/uwm.edu\\\/latin-american-caribbean-studies\\\/?s={search_term_string}\"},\"query-input\":{\"@type\":\"PropertyValueSpecification\",\"valueRequired\":true,\"valueName\":\"search_term_string\"}}],\"inLanguage\":\"en-US\"}]}<\/script>\n<!-- \/ Yoast SEO Premium plugin. -->","yoast_head_json":{"title":"Center for Latin American &amp; Caribbean Studies","robots":{"index":"index","follow":"follow","max-snippet":"max-snippet:-1","max-image-preview":"max-image-preview:large","max-video-preview":"max-video-preview:-1"},"canonical":"https:\/\/uwm.edu\/latin-american-caribbean-studies\/k-16-educator-resources\/educator-workshops-and-institutes\/americas-award-book-collection-workshops\/","og_locale":"en_US","og_type":"article","og_title":"Am\u00e9ricas Award Book Collection Workshops","og_description":"51ÁÔÆæ Libraries houses the Am\u00e9ricas Award Collection, with over 400 books recognized by the Am\u00e9ricas Award for Children\u2019s and Young Adult Literature. Regular workshop offerings highlight new books in the collection, or feature Am\u00e9ricas authors and illustrators. The Am\u00e9ricas Award &hellip;","og_url":"https:\/\/uwm.edu\/latin-american-caribbean-studies\/k-16-educator-resources\/educator-workshops-and-institutes\/americas-award-book-collection-workshops\/","og_site_name":"Center for Latin American &amp; Caribbean Studies","article_modified_time":"2026-03-31T20:08:32+00:00","og_image":[{"url":"https:\/\/uwm.edu\/latin-american-caribbean-studies\/wp-content\/uploads\/sites\/329\/2016\/09\/DrumDreamGirl.jpg","type":"","width":"","height":""}],"twitter_card":"summary_large_image","twitter_misc":{"Est. reading time":"1 minute"},"schema":{"@context":"https:\/\/schema.org","@graph":[{"@type":"WebPage","@id":"https:\/\/uwm.edu\/latin-american-caribbean-studies\/k-16-educator-resources\/educator-workshops-and-institutes\/americas-award-book-collection-workshops\/","url":"https:\/\/uwm.edu\/latin-american-caribbean-studies\/k-16-educator-resources\/educator-workshops-and-institutes\/americas-award-book-collection-workshops\/","name":"Am\u00e9ricas Award Book Collection Workshops - Center for Latin American &amp; Caribbean Studies","isPartOf":{"@id":"https:\/\/uwm.edu\/latin-american-caribbean-studies\/#website"},"primaryImageOfPage":{"@id":"https:\/\/uwm.edu\/latin-american-caribbean-studies\/k-16-educator-resources\/educator-workshops-and-institutes\/americas-award-book-collection-workshops\/#primaryimage"},"image":{"@id":"https:\/\/uwm.edu\/latin-american-caribbean-studies\/k-16-educator-resources\/educator-workshops-and-institutes\/americas-award-book-collection-workshops\/#primaryimage"},"thumbnailUrl":"https:\/\/uwm.edu\/latin-american-caribbean-studies\/wp-content\/uploads\/sites\/329\/2016\/09\/DrumDreamGirl.jpg","datePublished":"2016-09-16T15:47:40+00:00","dateModified":"2026-03-31T20:08:32+00:00","breadcrumb":{"@id":"https:\/\/uwm.edu\/latin-american-caribbean-studies\/k-16-educator-resources\/educator-workshops-and-institutes\/americas-award-book-collection-workshops\/#breadcrumb"},"inLanguage":"en-US","potentialAction":[{"@type":"ReadAction","target":["https:\/\/uwm.edu\/latin-american-caribbean-studies\/k-16-educator-resources\/educator-workshops-and-institutes\/americas-award-book-collection-workshops\/"]}]},{"@type":"ImageObject","inLanguage":"en-US","@id":"https:\/\/uwm.edu\/latin-american-caribbean-studies\/k-16-educator-resources\/educator-workshops-and-institutes\/americas-award-book-collection-workshops\/#primaryimage","url":"https:\/\/uwm.edu\/latin-american-caribbean-studies\/wp-content\/uploads\/sites\/329\/2016\/09\/DrumDreamGirl.jpg","contentUrl":"https:\/\/uwm.edu\/latin-american-caribbean-studies\/wp-content\/uploads\/sites\/329\/2016\/09\/DrumDreamGirl.jpg","width":350,"height":422},{"@type":"BreadcrumbList","@id":"https:\/\/uwm.edu\/latin-american-caribbean-studies\/k-16-educator-resources\/educator-workshops-and-institutes\/americas-award-book-collection-workshops\/#breadcrumb","itemListElement":[{"@type":"ListItem","position":1,"name":"Home","item":"https:\/\/uwm.edu\/latin-american-caribbean-studies\/"},{"@type":"ListItem","position":2,"name":"K\u201316 Educator Resources","item":"https:\/\/uwm.edu\/latin-american-caribbean-studies\/k-16-educator-resources\/"},{"@type":"ListItem","position":3,"name":"Educator Workshops and Institutes","item":"https:\/\/uwm.edu\/latin-american-caribbean-studies\/k-16-educator-resources\/educator-workshops-and-institutes\/"},{"@type":"ListItem","position":4,"name":"Am\u00e9ricas Award Book Collection Workshops"}]},{"@type":"WebSite","@id":"https:\/\/uwm.edu\/latin-american-caribbean-studies\/#website","url":"https:\/\/uwm.edu\/latin-american-caribbean-studies\/","name":"Center for Latin American &amp; Caribbean Studies","description":"UW-Milwaukee","potentialAction":[{"@type":"SearchAction","target":{"@type":"EntryPoint","urlTemplate":"https:\/\/uwm.edu\/latin-american-caribbean-studies\/?s={search_term_string}"},"query-input":{"@type":"PropertyValueSpecification","valueRequired":true,"valueName":"search_term_string"}}],"inLanguage":"en-US"}]}},"acf":[],"publishpress_future_action":{"enabled":false,"date":"2026-04-24 06:53:31","action":"change-status","newStatus":"draft","terms":[],"taxonomy":"","extraData":[]},"publishpress_future_workflow_manual_trigger":{"enabledWorkflows":[]},"_links":{"self":[{"href":"https:\/\/uwm.edu\/latin-american-caribbean-studies\/wp-json\/wp\/v2\/pages\/733","targetHints":{"allow":["GET"]}}],"collection":[{"href":"https:\/\/uwm.edu\/latin-american-caribbean-studies\/wp-json\/wp\/v2\/pages"}],"about":[{"href":"https:\/\/uwm.edu\/latin-american-caribbean-studies\/wp-json\/wp\/v2\/types\/page"}],"author":[{"embeddable":true,"href":"https:\/\/uwm.edu\/latin-american-caribbean-studies\/wp-json\/wp\/v2\/users\/30"}],"replies":[{"embeddable":true,"href":"https:\/\/uwm.edu\/latin-american-caribbean-studies\/wp-json\/wp\/v2\/comments?post=733"}],"version-history":[{"count":26,"href":"https:\/\/uwm.edu\/latin-american-caribbean-studies\/wp-json\/wp\/v2\/pages\/733\/revisions"}],"predecessor-version":[{"id":12791,"href":"https:\/\/uwm.edu\/latin-american-caribbean-studies\/wp-json\/wp\/v2\/pages\/733\/revisions\/12791"}],"up":[{"embeddable":true,"href":"https:\/\/uwm.edu\/latin-american-caribbean-studies\/wp-json\/wp\/v2\/pages\/708"}],"wp:attachment":[{"href":"https:\/\/uwm.edu\/latin-american-caribbean-studies\/wp-json\/wp\/v2\/media?parent=733"}],"curies":[{"name":"wp","href":"https:\/\/api.w.org\/{rel}","templated":true}]}}