  {"id":12130,"date":"2025-12-23T12:20:37","date_gmt":"2025-12-23T18:20:37","guid":{"rendered":"https:\/\/uwm.edu\/webid2-test-lsweb\/?page_id=7459"},"modified":"2025-12-23T12:20:37","modified_gmt":"2025-12-23T18:20:37","slug":"news","status":"publish","type":"page","link":"https:\/\/uwm.edu\/latin-american-caribbean-studies\/about\/news\/","title":{"rendered":"News"},"content":{"rendered":"<ul class=\"uwm-p-posts uwm-c-list--cleanlist uwm-c-list--border has-dates\"><li><div class=\"post-content\"><a class=\"post-title\" href=\"https:\/\/uwm.edu\/latin-american-caribbean-studies\/centering-indigenous-knowledges-in-contemporary-brazil\/\">Centering Indigenous Knowledges in Contemporary Brazil<\/a><time datetime=\"2026-04-06T14:31:23-05:00\" class=\"post-date\">April 6, 2026<\/time><div class=\"post-excerpt\">Tuesday April 21, 20264:00\u20135:30 PM CT (5:00\u20136:30 PM Mato Grosso do Sul)Zoom webinar \u2013&nbsp;register here&nbsp;for link to joinThis event will be recorded and shared afterward with all who register. Este evento contar\u00e1 com interpreta\u00e7\u00e3o simult\u00e2nea em ingl\u00eas e portugu\u00eas. Veja abaixo os detalhes completos em portugu\u00eas do evento. Centering Indigenous Knowledges in Contemporary Brazil In &hellip; <\/div><\/div><\/li>\n<li><div class=\"post-content\"><a class=\"post-title\" href=\"https:\/\/uwm.edu\/latin-american-caribbean-studies\/film-and-portuguese-student-expands-reach-of-uwm-faculty-research-on-brazil\/\">Film and Portuguese Student Expands Reach of 51ÁÔÆæ Faculty Research on Brazil<\/a><time datetime=\"2026-04-03T11:52:07-05:00\" class=\"post-date\">April 3, 2026<\/time><div class=\"post-excerpt\">For most of 2025, 51ÁÔÆæ student Lucca Marcello (Film Production major, Portuguese minor) worked closely with 51ÁÔÆæ researchers to steward their 18 years of fieldwork materials on Brazilian folk heritage for the next generation of scholars. The result is a centralized database cataloging tens of thousands of research materials \u2013 heading soon to the University &hellip; <\/div><\/div><\/li>\n<li><div class=\"post-content\"><a class=\"post-title\" href=\"https:\/\/uwm.edu\/latin-american-caribbean-studies\/eric-schmitt-portuguese\/\">Eric Schmitt \u2013 Portuguese<\/a><time datetime=\"2026-03-26T16:21:53-05:00\" class=\"post-date\">March 26, 2026<\/time><div class=\"post-excerpt\">Why did you apply for the FLAS Fellowship? I had been studying Portuguese independently for a few years but had always wished I had studied abroad during my undergraduate degree. So, when I found out that 51ÁÔÆæ had the FLAS Fellowship, I wasn\u2019t going to miss out on my chance to study abroad again. I &hellip; <\/div><\/div><\/li>\n<li><div class=\"post-content\"><a class=\"post-title\" href=\"https:\/\/uwm.edu\/latin-american-caribbean-studies\/michele-haeberlin-maya-kiche\/\">Michele Haeberlin \u2013 Maya K\u2019iche\u2019<\/a><time datetime=\"2026-03-26T16:20:07-05:00\" class=\"post-date\">March 26, 2026<\/time><div class=\"post-excerpt\">Michele Haeberlin received the FLAS Fellowship award in the summer of 2023 to study Maya K\u2019iche\u2019 at Tulane University\u2019s Mayan Language Institute. Read about her experience below. Why did you apply for the FLAS Fellowship? I applied for the FLAS Fellowship both because it offered me a wonderful opportunity to study abroad at a time &hellip; <\/div><\/div><\/li>\n<li><div class=\"post-content\"><a class=\"post-title\" href=\"https:\/\/uwm.edu\/latin-american-caribbean-studies\/mar-31-apr-4-free-latin-american-film-series\/\">March 31-April 4: Free Latin-American Film Series!<\/a><time datetime=\"2026-03-06T09:30:38-06:00\" class=\"post-date\">March 6, 2026<\/time><div class=\"post-excerpt\">Join us at UW-Milwaukee&#039;s Student Union Cinema for six contemporary films from across Latin America. This series is free and open to all! Visit our Film Series page for full event details. Here&#039;s a quick summary of what&#039;s in store! Tuesday March 31 at 7 pmThe First Women&nbsp;(As&nbsp;Primeiras)&nbsp;Wednesday April 1 at 7 pmThe Dog Who &hellip; <\/div><\/div><\/li>\n<li><div class=\"post-content\"><a class=\"post-title\" href=\"https:\/\/uwm.edu\/latin-american-caribbean-studies\/monica-cabria-zambrano-math\/\">Monica Cabria Zambrano: Math<\/a><time datetime=\"2026-02-19T15:38:56-06:00\" class=\"post-date\">February 19, 2026<\/time><div class=\"post-excerpt\">The \u201dEncuentro de mujeres en Topolog\u00eda, Geometr\u00eda y sus Aplicaciones\u201d (The Women in Topology, Geometry and their applications Conference) is a conference thought to strengthen the network of women in the mentioned areas. It also intends to be a safe space to reflect the challenges that women in Mathematics face, so we can support each &hellip; <\/div><\/div><\/li>\n<li><div class=\"post-content\"><a class=\"post-title\" href=\"https:\/\/uwm.edu\/latin-american-caribbean-studies\/clacs-colleagues-celebrate-milestone-years-at-uwm\/\">CLACS Colleagues Celebrate Milestone Years at 51ÁÔÆæ<\/a><time datetime=\"2026-02-19T14:46:57-06:00\" class=\"post-date\">February 19, 2026<\/time><div class=\"post-excerpt\">51ÁÔÆæ recently hosted its Length of Service Awards ceremony, recognizing employees who have reached work milestones ranging from five years up to 45 years at the university. Many of our CLACS affiliates took part \u2013 thanks to each of them for their contributions to our university! &nbsp; 35 years Paul Brodwin (Professor, Anthropology) 25 years &hellip; <\/div><\/div><\/li>\n<li><div class=\"post-content\"><a class=\"post-title\" href=\"https:\/\/uwm.edu\/latin-american-caribbean-studies\/from-poetry-to-protest-the-circulation-of-a-poetics-of-justice-in-mexican-womens-writing-and-activism\/\">From Poetry to Protest: The Circulation of a Poetics of Justice in Mexican Women\u2019s Writing and Activism<\/a><time datetime=\"2026-02-19T10:18:44-06:00\" class=\"post-date\">February 19, 2026<\/time><div class=\"post-excerpt\">Friday, March 13, 2026 12 noon \u2013 1:00pm Curtin Hall room 118, UW-Milwaukee Free and open to the public The World Languages and Cultures Speaker Series presents, with the Center for Latin American and Caribbean Studies: From Poetry to Protest: The Circulation of a Poetics of Justice in Mexican Women\u2019s Writing and Activism This talk &hellip; <\/div><\/div><\/li>\n<li><div class=\"post-content\"><a class=\"post-title\" href=\"https:\/\/uwm.edu\/latin-american-caribbean-studies\/lacusl-talk-choreography-and-memory-with-professor-maria-gillespie\/\">LACUSL talk: choreography and memory with Professor Maria Gillespie<\/a><time datetime=\"2026-02-19T09:57:28-06:00\" class=\"post-date\">February 19, 2026<\/time><div class=\"post-excerpt\">Thursday, March 12, 2026 3:00pm \u2013 4:00pm American Geographical Society Library (AGSL) 51ÁÔÆæ Libraries, 3rd floor east wing This talk is part of the LACUSL Speaker Series: Join us to learn about the many topics you can study through 51ÁÔÆæ&#039;s interdisciplinary LACUSL major (Latin American, Caribbean, and U.S. Latinx Studies). Save the date for our &hellip; <\/div><\/div><\/li>\n<li><div class=\"post-content\"><a class=\"post-title\" href=\"https:\/\/uwm.edu\/latin-american-caribbean-studies\/tiger-tiguere\/\">Tiger (Tiguere)<\/a><time datetime=\"2026-02-17T14:29:36-06:00\" class=\"post-date\">February 17, 2026<\/time><div class=\"post-excerpt\">Pablo is sent to a camp run by his father, where strength is demanded and fear is treated as failure. Watch the trailer.<\/div><\/div><\/li>\n<li><div class=\"post-content\"><a class=\"post-title\" href=\"https:\/\/uwm.edu\/latin-american-caribbean-studies\/the-visitor-el-visitante\/\">The Visitor (El visitante)<\/a><time datetime=\"2026-02-17T14:27:23-06:00\" class=\"post-date\">February 17, 2026<\/time><div class=\"post-excerpt\">Determined to reconnect with his teenage daughter, Humberto faces the quiet judgment of her influential evangelical grandparents while searching for work and a sense of dignity. Watch the trailer.<\/div><\/div><\/li>\n<li><div class=\"post-content\"><a class=\"post-title\" href=\"https:\/\/uwm.edu\/latin-american-caribbean-studies\/gardenia-perfume-perfume-de-gardenias\/\">Gardenia Perfume (Perfume de gardenias)<\/a><time datetime=\"2026-02-17T14:25:07-06:00\" class=\"post-date\">February 17, 2026<\/time><div class=\"post-excerpt\">When she discovers an unexpected gift for planning funerals, Isabel begins helping her neighbors transform loss into moments of humor and care. Watch the trailer.<\/div><\/div><\/li>\n<\/ul>\n\n\n<p class=\"uwm-c-link--arrow size-p-md\"><strong><a href=\"\/latin-american-caribbean-studies\/category\/news\/\">Read All News<\/a><\/strong><\/p>\n\n\n\n<p><\/p>\n","protected":false},"excerpt":{"rendered":"<p>Read All News<\/p>\n","protected":false},"author":1272,"featured_media":0,"parent":7456,"menu_order":1,"comment_status":"closed","ping_status":"closed","template":"","meta":{"_acf_changed":false,"footnotes":"","uwm_wg_additional_authors":[]},"class_list":["post-12130","page","type-page","status-publish","hentry"],"yoast_head":"<!-- This site is optimized with the Yoast SEO Premium plugin v27.3 (Yoast SEO v27.3) - https:\/\/yoast.com\/product\/yoast-seo-premium-wordpress\/ -->\n<title>Center for Latin American &amp; Caribbean Studies<\/title>\n<meta name=\"robots\" content=\"index, follow, max-snippet:-1, max-image-preview:large, max-video-preview:-1\" \/>\n<link rel=\"canonical\" href=\"https:\/\/uwm.edu\/latin-american-caribbean-studies\/about\/news\/\" \/>\n<meta property=\"og:locale\" content=\"en_US\" \/>\n<meta property=\"og:type\" content=\"article\" \/>\n<meta property=\"og:title\" content=\"News\" \/>\n<meta property=\"og:description\" content=\"Read All News\" \/>\n<meta property=\"og:url\" content=\"https:\/\/uwm.edu\/latin-american-caribbean-studies\/about\/news\/\" \/>\n<meta property=\"og:site_name\" content=\"Center for Latin American &amp; Caribbean Studies\" \/>\n<meta name=\"twitter:card\" content=\"summary_large_image\" \/>\n<meta name=\"twitter:label1\" content=\"Est. reading time\" \/>\n\t<meta name=\"twitter:data1\" content=\"1 minute\" \/>\n<script type=\"application\/ld+json\" class=\"yoast-schema-graph\">{\"@context\":\"https:\\\/\\\/schema.org\",\"@graph\":[{\"@type\":\"WebPage\",\"@id\":\"https:\\\/\\\/uwm.edu\\\/latin-american-caribbean-studies\\\/about\\\/news\\\/\",\"url\":\"https:\\\/\\\/uwm.edu\\\/latin-american-caribbean-studies\\\/about\\\/news\\\/\",\"name\":\"News - Center for Latin American &amp; Caribbean Studies\",\"isPartOf\":{\"@id\":\"https:\\\/\\\/uwm.edu\\\/latin-american-caribbean-studies\\\/#website\"},\"datePublished\":\"2025-12-23T18:20:37+00:00\",\"breadcrumb\":{\"@id\":\"https:\\\/\\\/uwm.edu\\\/latin-american-caribbean-studies\\\/about\\\/news\\\/#breadcrumb\"},\"inLanguage\":\"en-US\",\"potentialAction\":[{\"@type\":\"ReadAction\",\"target\":[\"https:\\\/\\\/uwm.edu\\\/latin-american-caribbean-studies\\\/about\\\/news\\\/\"]}]},{\"@type\":\"BreadcrumbList\",\"@id\":\"https:\\\/\\\/uwm.edu\\\/latin-american-caribbean-studies\\\/about\\\/news\\\/#breadcrumb\",\"itemListElement\":[{\"@type\":\"ListItem\",\"position\":1,\"name\":\"Home\",\"item\":\"https:\\\/\\\/uwm.edu\\\/latin-american-caribbean-studies\\\/\"},{\"@type\":\"ListItem\",\"position\":2,\"name\":\"About\",\"item\":\"https:\\\/\\\/uwm.edu\\\/latin-american-caribbean-studies\\\/about\\\/\"},{\"@type\":\"ListItem\",\"position\":3,\"name\":\"News\"}]},{\"@type\":\"WebSite\",\"@id\":\"https:\\\/\\\/uwm.edu\\\/latin-american-caribbean-studies\\\/#website\",\"url\":\"https:\\\/\\\/uwm.edu\\\/latin-american-caribbean-studies\\\/\",\"name\":\"Center for Latin American &amp; Caribbean Studies\",\"description\":\"UW-Milwaukee\",\"potentialAction\":[{\"@type\":\"SearchAction\",\"target\":{\"@type\":\"EntryPoint\",\"urlTemplate\":\"https:\\\/\\\/uwm.edu\\\/latin-american-caribbean-studies\\\/?s={search_term_string}\"},\"query-input\":{\"@type\":\"PropertyValueSpecification\",\"valueRequired\":true,\"valueName\":\"search_term_string\"}}],\"inLanguage\":\"en-US\"}]}<\/script>\n<!-- \/ Yoast SEO Premium plugin. -->","yoast_head_json":{"title":"Center for Latin American &amp; Caribbean Studies","robots":{"index":"index","follow":"follow","max-snippet":"max-snippet:-1","max-image-preview":"max-image-preview:large","max-video-preview":"max-video-preview:-1"},"canonical":"https:\/\/uwm.edu\/latin-american-caribbean-studies\/about\/news\/","og_locale":"en_US","og_type":"article","og_title":"News","og_description":"Read All News","og_url":"https:\/\/uwm.edu\/latin-american-caribbean-studies\/about\/news\/","og_site_name":"Center for Latin American &amp; Caribbean Studies","twitter_card":"summary_large_image","twitter_misc":{"Est. reading time":"1 minute"},"schema":{"@context":"https:\/\/schema.org","@graph":[{"@type":"WebPage","@id":"https:\/\/uwm.edu\/latin-american-caribbean-studies\/about\/news\/","url":"https:\/\/uwm.edu\/latin-american-caribbean-studies\/about\/news\/","name":"News - Center for Latin American &amp; Caribbean Studies","isPartOf":{"@id":"https:\/\/uwm.edu\/latin-american-caribbean-studies\/#website"},"datePublished":"2025-12-23T18:20:37+00:00","breadcrumb":{"@id":"https:\/\/uwm.edu\/latin-american-caribbean-studies\/about\/news\/#breadcrumb"},"inLanguage":"en-US","potentialAction":[{"@type":"ReadAction","target":["https:\/\/uwm.edu\/latin-american-caribbean-studies\/about\/news\/"]}]},{"@type":"BreadcrumbList","@id":"https:\/\/uwm.edu\/latin-american-caribbean-studies\/about\/news\/#breadcrumb","itemListElement":[{"@type":"ListItem","position":1,"name":"Home","item":"https:\/\/uwm.edu\/latin-american-caribbean-studies\/"},{"@type":"ListItem","position":2,"name":"About","item":"https:\/\/uwm.edu\/latin-american-caribbean-studies\/about\/"},{"@type":"ListItem","position":3,"name":"News"}]},{"@type":"WebSite","@id":"https:\/\/uwm.edu\/latin-american-caribbean-studies\/#website","url":"https:\/\/uwm.edu\/latin-american-caribbean-studies\/","name":"Center for Latin American &amp; Caribbean Studies","description":"UW-Milwaukee","potentialAction":[{"@type":"SearchAction","target":{"@type":"EntryPoint","urlTemplate":"https:\/\/uwm.edu\/latin-american-caribbean-studies\/?s={search_term_string}"},"query-input":{"@type":"PropertyValueSpecification","valueRequired":true,"valueName":"search_term_string"}}],"inLanguage":"en-US"}]}},"acf":[],"publishpress_future_action":{"enabled":false,"date":"2026-04-23 21:50:25","action":"change-status","newStatus":"draft","terms":[],"taxonomy":"","extraData":[]},"publishpress_future_workflow_manual_trigger":{"enabledWorkflows":[]},"_links":{"self":[{"href":"https:\/\/uwm.edu\/latin-american-caribbean-studies\/wp-json\/wp\/v2\/pages\/12130","targetHints":{"allow":["GET"]}}],"collection":[{"href":"https:\/\/uwm.edu\/latin-american-caribbean-studies\/wp-json\/wp\/v2\/pages"}],"about":[{"href":"https:\/\/uwm.edu\/latin-american-caribbean-studies\/wp-json\/wp\/v2\/types\/page"}],"author":[{"embeddable":true,"href":"https:\/\/uwm.edu\/latin-american-caribbean-studies\/wp-json\/wp\/v2\/users\/1272"}],"replies":[{"embeddable":true,"href":"https:\/\/uwm.edu\/latin-american-caribbean-studies\/wp-json\/wp\/v2\/comments?post=12130"}],"version-history":[{"count":0,"href":"https:\/\/uwm.edu\/latin-american-caribbean-studies\/wp-json\/wp\/v2\/pages\/12130\/revisions"}],"up":[{"embeddable":true,"href":"https:\/\/uwm.edu\/latin-american-caribbean-studies\/wp-json\/wp\/v2\/pages\/7456"}],"wp:attachment":[{"href":"https:\/\/uwm.edu\/latin-american-caribbean-studies\/wp-json\/wp\/v2\/media?parent=12130"}],"curies":[{"name":"wp","href":"https:\/\/api.w.org\/{rel}","templated":true}]}}