  {"id":11289,"date":"2025-08-19T15:46:39","date_gmt":"2025-08-19T20:46:39","guid":{"rendered":"https:\/\/uwm.edu\/latin-american-caribbean-studies\/?page_id=11289"},"modified":"2026-03-26T12:32:13","modified_gmt":"2026-03-26T17:32:13","slug":"clacs-newsletter","status":"publish","type":"page","link":"https:\/\/uwm.edu\/latin-american-caribbean-studies\/about\/news\/clacs-newsletter\/","title":{"rendered":"Subscribe: CLACS Monthly Newsletter"},"content":{"rendered":"\n<p><strong>Subscribe: CLACS Monthly Newsletter&nbsp; <\/strong>Fill out this form to subscribe to the monthly email newsletter (written in English) for UW-Milwaukee&#8217;s Center for Latin American and Caribbean Studies. The newsletter highlights upcoming campus &amp; community events; recent stories about our student, faculty, and community partners; and other opportunities to engage more deeply with the study of Latin America and the Caribbean.<\/p>\n\n\n\n<p>&#8212;-<\/p>\n\n\n\n<p><strong>Suscribirse: Bolet\u00edn mensual del CLACS <\/strong>Complete este formulario para suscribirse al bolet\u00edn electr\u00f3nico mensual (publicado en ingl\u00e9s) del Centro de Estudios Latinoamericanos y Caribe\u00f1os de la Universidad de Wisconsin-Milwaukee. El bolet\u00edn destaca los pr\u00f3ximos eventos del campus y la comunidad; noticias recientes sobre nuestros estudiantes, profesores y socios comunitarios; y otras oportunidades para profundizar en el estudio de Am\u00e9rica Latina y el Caribe.<\/p>\n\n\n\n<p>&nbsp;<\/p>\n\n\n<script type=\"text\/javascript\">\n\/* <![CDATA[ *\/\nvar gform;gform||(document.addEventListener(\"gform_main_scripts_loaded\",function(){gform.scriptsLoaded=!0}),document.addEventListener(\"gform\/theme\/scripts_loaded\",function(){gform.themeScriptsLoaded=!0}),window.addEventListener(\"DOMContentLoaded\",function(){gform.domLoaded=!0}),gform={domLoaded:!1,scriptsLoaded:!1,themeScriptsLoaded:!1,isFormEditor:()=>\"function\"==typeof InitializeEditor,callIfLoaded:function(o){return!(!gform.domLoaded||!gform.scriptsLoaded||!gform.themeScriptsLoaded&&!gform.isFormEditor()||(gform.isFormEditor()&&console.warn(\"The use of gform.initializeOnLoaded() is deprecated in the form editor context and will be removed in Gravity Forms 3.1.\"),o(),0))},initializeOnLoaded:function(o){gform.callIfLoaded(o)||(document.addEventListener(\"gform_main_scripts_loaded\",()=>{gform.scriptsLoaded=!0,gform.callIfLoaded(o)}),document.addEventListener(\"gform\/theme\/scripts_loaded\",()=>{gform.themeScriptsLoaded=!0,gform.callIfLoaded(o)}),window.addEventListener(\"DOMContentLoaded\",()=>{gform.domLoaded=!0,gform.callIfLoaded(o)}))},hooks:{action:{},filter:{}},addAction:function(o,r,e,t){gform.addHook(\"action\",o,r,e,t)},addFilter:function(o,r,e,t){gform.addHook(\"filter\",o,r,e,t)},doAction:function(o){gform.doHook(\"action\",o,arguments)},applyFilters:function(o){return gform.doHook(\"filter\",o,arguments)},removeAction:function(o,r){gform.removeHook(\"action\",o,r)},removeFilter:function(o,r,e){gform.removeHook(\"filter\",o,r,e)},addHook:function(o,r,e,t,n){null==gform.hooks[o][r]&&(gform.hooks[o][r]=[]);var d=gform.hooks[o][r];null==n&&(n=r+\"_\"+d.length),gform.hooks[o][r].push({tag:n,callable:e,priority:t=null==t?10:t})},doHook:function(r,o,e){var t;if(e=Array.prototype.slice.call(e,1),null!=gform.hooks[r][o]&&((o=gform.hooks[r][o]).sort(function(o,r){return o.priority-r.priority}),o.forEach(function(o){\"function\"!=typeof(t=o.callable)&&(t=window[t]),\"action\"==r?t.apply(null,e):e[0]=t.apply(null,e)})),\"filter\"==r)return e[0]},removeHook:function(o,r,t,n){var e;null!=gform.hooks[o][r]&&(e=(e=gform.hooks[o][r]).filter(function(o,r,e){return!!(null!=n&&n!=o.tag||null!=t&&t!=o.priority)}),gform.hooks[o][r]=e)}});\n\/* ]]> *\/\n<\/script>\n\n                <div class='gf_browser_unknown gform_wrapper gravity-theme gform-theme--no-framework' data-form-theme='gravity-theme' data-form-index='0' id='gform_wrapper_64' >\n                        <div class='gform_heading'>\n                            <h2 class=\"gform_title\">CLACS Newsletter<\/h2>\n                            <p class='gform_description'><\/p>\n                        <\/div><form method='post' enctype='multipart\/form-data'  id='gform_64'  action='\/latin-american-caribbean-studies\/wp-json\/wp\/v2\/pages\/11289' data-formid='64' novalidate><div class='gf_invisible ginput_recaptchav3' data-sitekey='6Let4LkmAAAAAMDytJZITec55NB97k2BiShMXqPE' data-tabindex='0'><input id=\"input_479d24b9575e78c249591e4e01128159\" class=\"gfield_recaptcha_response\" type=\"hidden\" name=\"input_479d24b9575e78c249591e4e01128159\" value=\"\"\/><\/div>\n                        <div class='gform-body gform_body'><div id='gform_fields_64' class='gform_fields top_label form_sublabel_above description_below validation_below'><div id=\"field_64_6\" class=\"gfield gfield--type-honeypot gform_validation_container field_sublabel_above gfield--has-description field_description_below field_validation_below gfield_visibility_visible\"  ><label class='gfield_label gform-field-label' for='input_64_6'>Instagram<\/label><div class='ginput_container'><input name='input_6' id='input_64_6' type='text' value='' autocomplete='new-password'\/><\/div><div class='gfield_description' id='gfield_description_64_6'>This field is for validation purposes and should be left unchanged.<\/div><\/div><fieldset id=\"field_64_2\" class=\"gfield gfield--type-name gfield--input-type-name gfield_contains_required field_sublabel_above gfield--no-description field_description_below field_validation_below gfield_visibility_visible\"  ><legend class='gfield_label gform-field-label gfield_label_before_complex' >Name \/ Nombre<span class=\"gfield_required\"><span class=\"gfield_required gfield_required_text\">(Required)<\/span><\/span><\/legend><div class='ginput_complex ginput_container ginput_container--name no_prefix has_first_name no_middle_name has_last_name no_suffix gf_name_has_2 ginput_container_name gform-grid-row' id='input_64_2'>\n                            \n                            <span id='input_64_2_3_container' class='name_first gform-grid-col gform-grid-col--size-auto' >\n                                                    <label for='input_64_2_3' class='gform-field-label gform-field-label--type-sub '>first name \/ nombre<\/label>\n                                                    <input type='text' name='input_2.3' id='input_64_2_3' value=''   aria-required='true'    autocomplete=\"given-name\" \/>\n                                                <\/span>\n                            \n                            <span id='input_64_2_6_container' class='name_last gform-grid-col gform-grid-col--size-auto' >\n                                                            <label for='input_64_2_6' class='gform-field-label gform-field-label--type-sub '>last name \/ apellido<\/label>\n                                                            <input type='text' name='input_2.6' id='input_64_2_6' value=''   aria-required='true'    autocomplete=\"family-name\" \/>\n                                                        <\/span>\n                            \n                        <\/div><\/fieldset><div id=\"field_64_4\" class=\"gfield gfield--type-email gfield--input-type-email gfield--width-full gfield_contains_required field_sublabel_above gfield--no-description field_description_below field_validation_below gfield_visibility_visible\"  ><label class='gfield_label gform-field-label' for='input_64_4'>Email \/ Correo electr\u00f3nico<span class=\"gfield_required\"><span class=\"gfield_required gfield_required_text\">(Required)<\/span><\/span><\/label><div class='ginput_container ginput_container_email'>\n                            <input name='input_4' id='input_64_4' type='email' value='' class='large'    aria-required=\"true\" aria-invalid=\"false\"  \/>\n                        <\/div><\/div><div id=\"field_64_5\" class=\"gfield gfield--type-text gfield--input-type-text gfield--width-full field_sublabel_above gfield--has-description field_description_below field_validation_below gfield_visibility_visible\"  ><label class='gfield_label gform-field-label' for='input_64_5'>Affiliation \/ Afiliaci\u00f3n<\/label><div class='ginput_container ginput_container_text'><input name='input_5' id='input_64_5' type='text' value='' class='large'  aria-describedby=\"gfield_description_64_5\"    aria-invalid=\"false\"   \/><\/div><div class='gfield_description' id='gfield_description_64_5'>E.g. potential or current 51ÁÔÆæ student, community member, teacher \/ \nEj.: estudiante actual o futuro, miembro de la comunidad, docente<\/div><\/div><\/div><\/div>\n        <div class='gform-footer gform_footer top_label'> <input type='submit' id='gform_submit_button_64' class='gform_button button' onclick='gform.submission.handleButtonClick(this);' data-submission-type='submit' value='Subscribe \/ Suscribirse'  \/> \n            <input type='hidden' class='gform_hidden' name='gform_submission_method' data-js='gform_submission_method_64' value='postback' \/>\n            <input type='hidden' class='gform_hidden' name='gform_theme' data-js='gform_theme_64' id='gform_theme_64' value='gravity-theme' \/>\n            <input type='hidden' class='gform_hidden' name='gform_style_settings' data-js='gform_style_settings_64' id='gform_style_settings_64' value='{&quot;inputPrimaryColor&quot;:&quot;#204ce5&quot;}' \/>\n            <input type='hidden' class='gform_hidden' name='is_submit_64' value='1' \/>\n            <input type='hidden' class='gform_hidden' name='gform_submit' value='64' \/>\n            \n            <input type='hidden' class='gform_hidden' name='gform_currency' data-currency='USD' value='POo+YCSihww+HA2sS+m7zCysvDYy30ub0EMFWmGfKmlF8V9MGLnSGiFbo9q9haTydbdXy9yERFWT9Q6HuiBxk503jGqKxg\/DMfVbG4sz05oob0o=' \/>\n            <input type='hidden' class='gform_hidden' name='gform_unique_id' value='' \/>\n            <input type='hidden' class='gform_hidden' name='state_64' value='WyJbXSIsIjIyNGFhM2FhYThjZjNmMTdkYTI3NDA0NjFmNjAzZTBjIl0=' \/>\n            <input type='hidden' autocomplete='off' class='gform_hidden' name='gform_target_page_number_64' id='gform_target_page_number_64' value='0' \/>\n            <input type='hidden' autocomplete='off' class='gform_hidden' name='gform_source_page_number_64' id='gform_source_page_number_64' value='1' \/>\n            <input type='hidden' name='gform_field_values' value='' \/>\n            \n        <\/div>\n                        <\/form>\n                        <\/div><script type=\"text\/javascript\">\n\/* <![CDATA[ *\/\n gform.initializeOnLoaded( function() {gformInitSpinner( 64, 'https:\/\/uwm.edu\/latin-american-caribbean-studies\/wp-content\/plugins\/gravityforms\/images\/spinner.svg', true );jQuery('#gform_ajax_frame_64').on('load',function(){var contents = jQuery(this).contents().find('*').html();var is_postback = contents.indexOf('GF_AJAX_POSTBACK') >= 0;if(!is_postback){return;}var form_content = jQuery(this).contents().find('#gform_wrapper_64');var is_confirmation = jQuery(this).contents().find('#gform_confirmation_wrapper_64').length > 0;var is_redirect = contents.indexOf('gformRedirect(){') >= 0;var is_form = form_content.length > 0 && ! is_redirect && ! is_confirmation;var mt = parseInt(jQuery('html').css('margin-top'), 10) + parseInt(jQuery('body').css('margin-top'), 10) + 100;if(is_form){jQuery('#gform_wrapper_64').html(form_content.html());if(form_content.hasClass('gform_validation_error')){jQuery('#gform_wrapper_64').addClass('gform_validation_error');} else {jQuery('#gform_wrapper_64').removeClass('gform_validation_error');}setTimeout( function() { \/* delay the scroll by 50 milliseconds to fix a bug in chrome *\/  }, 50 );if(window['gformInitDatepicker']) {gformInitDatepicker();}if(window['gformInitPriceFields']) {gformInitPriceFields();}var current_page = jQuery('#gform_source_page_number_64').val();gformInitSpinner( 64, 'https:\/\/uwm.edu\/latin-american-caribbean-studies\/wp-content\/plugins\/gravityforms\/images\/spinner.svg', true );jQuery(document).trigger('gform_page_loaded', [64, current_page]);window['gf_submitting_64'] = false;}else if(!is_redirect){var confirmation_content = jQuery(this).contents().find('.GF_AJAX_POSTBACK').html();if(!confirmation_content){confirmation_content = contents;}jQuery('#gform_wrapper_64').replaceWith(confirmation_content);jQuery(document).trigger('gform_confirmation_loaded', [64]);window['gf_submitting_64'] = false;wp.a11y.speak(jQuery('#gform_confirmation_message_64').text());}else{jQuery('#gform_64').append(contents);if(window['gformRedirect']) {gformRedirect();}}jQuery(document).trigger(\"gform_pre_post_render\", [{ formId: \"64\", currentPage: \"current_page\", abort: function() { this.preventDefault(); } }]);        if (event && event.defaultPrevented) {                return;        }        const gformWrapperDiv = document.getElementById( \"gform_wrapper_64\" );        if ( gformWrapperDiv ) {            const visibilitySpan = document.createElement( \"span\" );            visibilitySpan.id = \"gform_visibility_test_64\";            gformWrapperDiv.insertAdjacentElement( \"afterend\", visibilitySpan );        }        const visibilityTestDiv = document.getElementById( \"gform_visibility_test_64\" );        let postRenderFired = false;        function triggerPostRender() {            if ( postRenderFired ) {                return;            }            postRenderFired = true;            gform.core.triggerPostRenderEvents( 64, current_page );            if ( visibilityTestDiv ) {                visibilityTestDiv.parentNode.removeChild( visibilityTestDiv );            }        }        function debounce( func, wait, immediate ) {            var timeout;            return function() {                var context = this, args = arguments;                var later = function() {                    timeout = null;                    if ( !immediate ) func.apply( context, args );                };                var callNow = immediate && !timeout;                clearTimeout( timeout );                timeout = setTimeout( later, wait );                if ( callNow ) func.apply( context, args );            };        }        const debouncedTriggerPostRender = debounce( function() {            triggerPostRender();        }, 200 );        if ( visibilityTestDiv && visibilityTestDiv.offsetParent === null ) {            const observer = new MutationObserver( ( mutations ) => {                mutations.forEach( ( mutation ) => {                    if ( mutation.type === 'attributes' && visibilityTestDiv.offsetParent !== null ) {                        debouncedTriggerPostRender();                        observer.disconnect();                    }                });            });            observer.observe( document.body, {                attributes: true,                childList: false,                subtree: true,                attributeFilter: [ 'style', 'class' ],            });        } else {            triggerPostRender();        }    } );} ); \n\/* ]]> *\/\n<\/script>\n","protected":false},"excerpt":{"rendered":"<p>Subscribe: CLACS Monthly Newsletter&nbsp; Fill out this form to subscribe to the monthly email newsletter (written in English) for UW-Milwaukee&#8217;s Center for Latin American and Caribbean Studies. The newsletter highlights upcoming campus &amp; community events; recent stories about our student, &hellip;<\/p>\n","protected":false},"author":1108,"featured_media":0,"parent":12130,"menu_order":0,"comment_status":"closed","ping_status":"closed","template":"","meta":{"_acf_changed":false,"footnotes":"","uwm_wg_additional_authors":[]},"class_list":["post-11289","page","type-page","status-publish","hentry"],"yoast_head":"<!-- This site is optimized with the Yoast SEO Premium plugin v27.3 (Yoast SEO v27.3) - https:\/\/yoast.com\/product\/yoast-seo-premium-wordpress\/ -->\n<title>Center for Latin American &amp; Caribbean Studies<\/title>\n<meta name=\"robots\" content=\"index, follow, max-snippet:-1, max-image-preview:large, max-video-preview:-1\" \/>\n<link rel=\"canonical\" href=\"https:\/\/uwm.edu\/latin-american-caribbean-studies\/about\/news\/clacs-newsletter\/\" \/>\n<meta property=\"og:locale\" content=\"en_US\" \/>\n<meta property=\"og:type\" content=\"article\" \/>\n<meta property=\"og:title\" content=\"Subscribe: CLACS Monthly Newsletter\" \/>\n<meta property=\"og:description\" content=\"Subscribe: CLACS Monthly Newsletter&nbsp; Fill out this form to subscribe to the monthly email newsletter (written in English) for UW-Milwaukee&#8217;s Center for Latin American and Caribbean Studies. The newsletter highlights upcoming campus &amp; community events; recent stories about our student, &hellip;\" \/>\n<meta property=\"og:url\" content=\"https:\/\/uwm.edu\/latin-american-caribbean-studies\/about\/news\/clacs-newsletter\/\" \/>\n<meta property=\"og:site_name\" content=\"Center for Latin American &amp; Caribbean Studies\" \/>\n<meta property=\"article:modified_time\" content=\"2026-03-26T17:32:13+00:00\" \/>\n<meta name=\"twitter:card\" content=\"summary_large_image\" \/>\n<meta name=\"twitter:label1\" content=\"Est. reading time\" \/>\n\t<meta name=\"twitter:data1\" content=\"1 minute\" \/>\n<script type=\"application\/ld+json\" class=\"yoast-schema-graph\">{\"@context\":\"https:\\\/\\\/schema.org\",\"@graph\":[{\"@type\":\"WebPage\",\"@id\":\"https:\\\/\\\/uwm.edu\\\/latin-american-caribbean-studies\\\/about\\\/news\\\/clacs-newsletter\\\/\",\"url\":\"https:\\\/\\\/uwm.edu\\\/latin-american-caribbean-studies\\\/about\\\/news\\\/clacs-newsletter\\\/\",\"name\":\"Subscribe: CLACS Monthly Newsletter - Center for Latin American &amp; Caribbean Studies\",\"isPartOf\":{\"@id\":\"https:\\\/\\\/uwm.edu\\\/latin-american-caribbean-studies\\\/#website\"},\"datePublished\":\"2025-08-19T20:46:39+00:00\",\"dateModified\":\"2026-03-26T17:32:13+00:00\",\"breadcrumb\":{\"@id\":\"https:\\\/\\\/uwm.edu\\\/latin-american-caribbean-studies\\\/about\\\/news\\\/clacs-newsletter\\\/#breadcrumb\"},\"inLanguage\":\"en-US\",\"potentialAction\":[{\"@type\":\"ReadAction\",\"target\":[\"https:\\\/\\\/uwm.edu\\\/latin-american-caribbean-studies\\\/about\\\/news\\\/clacs-newsletter\\\/\"]}]},{\"@type\":\"BreadcrumbList\",\"@id\":\"https:\\\/\\\/uwm.edu\\\/latin-american-caribbean-studies\\\/about\\\/news\\\/clacs-newsletter\\\/#breadcrumb\",\"itemListElement\":[{\"@type\":\"ListItem\",\"position\":1,\"name\":\"Home\",\"item\":\"https:\\\/\\\/uwm.edu\\\/latin-american-caribbean-studies\\\/\"},{\"@type\":\"ListItem\",\"position\":2,\"name\":\"About\",\"item\":\"https:\\\/\\\/uwm.edu\\\/latin-american-caribbean-studies\\\/about\\\/\"},{\"@type\":\"ListItem\",\"position\":3,\"name\":\"News\",\"item\":\"https:\\\/\\\/uwm.edu\\\/latin-american-caribbean-studies\\\/about\\\/news\\\/\"},{\"@type\":\"ListItem\",\"position\":4,\"name\":\"Subscribe: CLACS Monthly Newsletter\"}]},{\"@type\":\"WebSite\",\"@id\":\"https:\\\/\\\/uwm.edu\\\/latin-american-caribbean-studies\\\/#website\",\"url\":\"https:\\\/\\\/uwm.edu\\\/latin-american-caribbean-studies\\\/\",\"name\":\"Center for Latin American &amp; Caribbean Studies\",\"description\":\"UW-Milwaukee\",\"potentialAction\":[{\"@type\":\"SearchAction\",\"target\":{\"@type\":\"EntryPoint\",\"urlTemplate\":\"https:\\\/\\\/uwm.edu\\\/latin-american-caribbean-studies\\\/?s={search_term_string}\"},\"query-input\":{\"@type\":\"PropertyValueSpecification\",\"valueRequired\":true,\"valueName\":\"search_term_string\"}}],\"inLanguage\":\"en-US\"}]}<\/script>\n<!-- \/ Yoast SEO Premium plugin. -->","yoast_head_json":{"title":"Center for Latin American &amp; Caribbean Studies","robots":{"index":"index","follow":"follow","max-snippet":"max-snippet:-1","max-image-preview":"max-image-preview:large","max-video-preview":"max-video-preview:-1"},"canonical":"https:\/\/uwm.edu\/latin-american-caribbean-studies\/about\/news\/clacs-newsletter\/","og_locale":"en_US","og_type":"article","og_title":"Subscribe: CLACS Monthly Newsletter","og_description":"Subscribe: CLACS Monthly Newsletter&nbsp; Fill out this form to subscribe to the monthly email newsletter (written in English) for UW-Milwaukee&#8217;s Center for Latin American and Caribbean Studies. The newsletter highlights upcoming campus &amp; community events; recent stories about our student, &hellip;","og_url":"https:\/\/uwm.edu\/latin-american-caribbean-studies\/about\/news\/clacs-newsletter\/","og_site_name":"Center for Latin American &amp; Caribbean Studies","article_modified_time":"2026-03-26T17:32:13+00:00","twitter_card":"summary_large_image","twitter_misc":{"Est. reading time":"1 minute"},"schema":{"@context":"https:\/\/schema.org","@graph":[{"@type":"WebPage","@id":"https:\/\/uwm.edu\/latin-american-caribbean-studies\/about\/news\/clacs-newsletter\/","url":"https:\/\/uwm.edu\/latin-american-caribbean-studies\/about\/news\/clacs-newsletter\/","name":"Subscribe: CLACS Monthly Newsletter - Center for Latin American &amp; Caribbean Studies","isPartOf":{"@id":"https:\/\/uwm.edu\/latin-american-caribbean-studies\/#website"},"datePublished":"2025-08-19T20:46:39+00:00","dateModified":"2026-03-26T17:32:13+00:00","breadcrumb":{"@id":"https:\/\/uwm.edu\/latin-american-caribbean-studies\/about\/news\/clacs-newsletter\/#breadcrumb"},"inLanguage":"en-US","potentialAction":[{"@type":"ReadAction","target":["https:\/\/uwm.edu\/latin-american-caribbean-studies\/about\/news\/clacs-newsletter\/"]}]},{"@type":"BreadcrumbList","@id":"https:\/\/uwm.edu\/latin-american-caribbean-studies\/about\/news\/clacs-newsletter\/#breadcrumb","itemListElement":[{"@type":"ListItem","position":1,"name":"Home","item":"https:\/\/uwm.edu\/latin-american-caribbean-studies\/"},{"@type":"ListItem","position":2,"name":"About","item":"https:\/\/uwm.edu\/latin-american-caribbean-studies\/about\/"},{"@type":"ListItem","position":3,"name":"News","item":"https:\/\/uwm.edu\/latin-american-caribbean-studies\/about\/news\/"},{"@type":"ListItem","position":4,"name":"Subscribe: CLACS Monthly Newsletter"}]},{"@type":"WebSite","@id":"https:\/\/uwm.edu\/latin-american-caribbean-studies\/#website","url":"https:\/\/uwm.edu\/latin-american-caribbean-studies\/","name":"Center for Latin American &amp; Caribbean Studies","description":"UW-Milwaukee","potentialAction":[{"@type":"SearchAction","target":{"@type":"EntryPoint","urlTemplate":"https:\/\/uwm.edu\/latin-american-caribbean-studies\/?s={search_term_string}"},"query-input":{"@type":"PropertyValueSpecification","valueRequired":true,"valueName":"search_term_string"}}],"inLanguage":"en-US"}]}},"acf":[],"publishpress_future_action":{"enabled":false,"date":"2026-04-24 06:58:38","action":"change-status","newStatus":"draft","terms":[],"taxonomy":"","extraData":[]},"publishpress_future_workflow_manual_trigger":{"enabledWorkflows":[]},"_links":{"self":[{"href":"https:\/\/uwm.edu\/latin-american-caribbean-studies\/wp-json\/wp\/v2\/pages\/11289","targetHints":{"allow":["GET"]}}],"collection":[{"href":"https:\/\/uwm.edu\/latin-american-caribbean-studies\/wp-json\/wp\/v2\/pages"}],"about":[{"href":"https:\/\/uwm.edu\/latin-american-caribbean-studies\/wp-json\/wp\/v2\/types\/page"}],"author":[{"embeddable":true,"href":"https:\/\/uwm.edu\/latin-american-caribbean-studies\/wp-json\/wp\/v2\/users\/1108"}],"replies":[{"embeddable":true,"href":"https:\/\/uwm.edu\/latin-american-caribbean-studies\/wp-json\/wp\/v2\/comments?post=11289"}],"version-history":[{"count":4,"href":"https:\/\/uwm.edu\/latin-american-caribbean-studies\/wp-json\/wp\/v2\/pages\/11289\/revisions"}],"predecessor-version":[{"id":12490,"href":"https:\/\/uwm.edu\/latin-american-caribbean-studies\/wp-json\/wp\/v2\/pages\/11289\/revisions\/12490"}],"up":[{"embeddable":true,"href":"https:\/\/uwm.edu\/latin-american-caribbean-studies\/wp-json\/wp\/v2\/pages\/12130"}],"wp:attachment":[{"href":"https:\/\/uwm.edu\/latin-american-caribbean-studies\/wp-json\/wp\/v2\/media?parent=11289"}],"curies":[{"name":"wp","href":"https:\/\/api.w.org\/{rel}","templated":true}]}}