  {"id":809,"date":"2026-03-27T08:54:06","date_gmt":"2026-03-27T13:54:06","guid":{"rendered":"https:\/\/uwm.edu\/language-resource-center\/?page_id=809"},"modified":"2026-04-16T09:57:25","modified_gmt":"2026-04-16T14:57:25","slug":"spanish","status":"publish","type":"page","link":"https:\/\/uwm.edu\/language-resource-center\/resources\/spanish\/","title":{"rendered":"Spanish"},"content":{"rendered":"\n<div class=\"uwm-l-row\">\n<div class=\"uwm-l-col\">\n<p>The Language Resource Center has collaborated closely with the Department of Spanish and Portuguese over the years, in creating various instructional materials for different courses. The resources included here are contributed by a group of faculty, graduate students and undergraduate researchers. They are Kathleen Wheatley, Ester Su\u00e1rez-Felipe, Ana Francisco, Allison Libbey-Titus, Timothy Walsh, Sean Urness, James Michael Albrecht, Mar\u00eda del Pilar Fern\u00e1ndez Pedraza, Greicy Katerine Mart\u00ednez Cruz, Leticia de la Paz de Dios, Patricia Mu\u00f1oz Andr\u00e9s, Mario S\u00e1nchez Gumiel, B\u00e1rbara Gasquet Carrera, and David Petro. We are very grateful for their participation and contribution in making the resources available for everyone.<\/p>\n\n\n\n<div class=\"uwm-p-notice uwm-p-notice--warning\"><i class=\"fa-solid fa-triangle-exclamation fa-fw\"><\/i><div class=\"uwm-p-notice--content\"><div class=\"uwm-p-notice--message\">Thank you for your interest in 51ÁÔÆæ\u2019s Language Resources Center (LRC). We are currently in the process of updating our language materials to a digitally accessible format. If the resources you are seeking for a specific language are not yet available on this site, please contact the Director of the LRC, Mingyu Sun, at mingyu@uwm.edu for assistance.<\/div><\/div><\/div>\n\n\n\n<div style=\"height:30px\" aria-hidden=\"true\" class=\"wp-block-spacer\"><\/div>\n\n\n\n<figure class=\"wp-block-embed is-type-video is-provider-youtube wp-block-embed-youtube wp-embed-aspect-16-9 wp-has-aspect-ratio\"><div class=\"wp-block-embed__wrapper\">\n<iframe loading=\"lazy\" title=\"51ÁÔÆæ Spanish\" width=\"1400\" height=\"788\" src=\"https:\/\/www.youtube.com\/embed\/O-lblS61Vh4?feature=oembed\" frameborder=\"0\" allow=\"accelerometer; autoplay; clipboard-write; encrypted-media; gyroscope; picture-in-picture; web-share\" referrerpolicy=\"strict-origin-when-cross-origin\" allowfullscreen><\/iframe>\n<\/div><\/figure>\n<\/div>\n\n\n\n<div class=\"uwm-l-col uwm-l-col--4 uwm-l-offset--1\"><div class=\"content_block\" id=\"custom_post_widget-844\"><nav aria-label=\"Sidebar\" class=\"uwm-p-navigation-list uwm-p-navigation-list--gold-border \"><div class=\"uwm-p-navigation-list--title\"><a href=\"https:\/\/uwm.edu\/language-resource-center\/resources\/spanish\/\">Spanish<\/a><\/div><ul><li><a href=\"https:\/\/uwm.edu\/language-resource-center\/resources\/spanish\/spanish-grammar-quizzes\/\">Spanish Grammar Quizzes<\/a><\/li><\/ul><\/nav><\/div>\n<\/div>\n<\/div>\n","protected":false},"excerpt":{"rendered":"","protected":false},"author":29,"featured_media":0,"parent":87,"menu_order":1,"comment_status":"closed","ping_status":"closed","template":"","meta":{"footnotes":"","uwm_wg_additional_authors":[39989,39471]},"class_list":["post-809","page","type-page","status-publish","hentry"],"yoast_head":"<!-- This site is optimized with the Yoast SEO Premium plugin v27.3 (Yoast SEO v27.3) - https:\/\/yoast.com\/product\/yoast-seo-premium-wordpress\/ -->\n<title>Language Resource Center<\/title>\n<meta name=\"robots\" content=\"index, follow, max-snippet:-1, max-image-preview:large, max-video-preview:-1\" \/>\n<link rel=\"canonical\" href=\"https:\/\/uwm.edu\/language-resource-center\/resources\/spanish\/\" \/>\n<meta property=\"og:locale\" content=\"en_US\" \/>\n<meta property=\"og:type\" content=\"article\" \/>\n<meta property=\"og:title\" content=\"Spanish\" \/>\n<meta property=\"og:url\" content=\"https:\/\/uwm.edu\/language-resource-center\/resources\/spanish\/\" \/>\n<meta property=\"og:site_name\" content=\"Language Resource Center\" \/>\n<meta property=\"article:modified_time\" content=\"2026-04-16T14:57:25+00:00\" \/>\n<meta name=\"twitter:card\" content=\"summary_large_image\" \/>\n<meta name=\"twitter:label1\" content=\"Est. reading time\" \/>\n\t<meta name=\"twitter:data1\" content=\"1 minute\" \/>\n<script type=\"application\/ld+json\" class=\"yoast-schema-graph\">{\"@context\":\"https:\\\/\\\/schema.org\",\"@graph\":[{\"@type\":\"WebPage\",\"@id\":\"https:\\\/\\\/uwm.edu\\\/language-resource-center\\\/resources\\\/spanish\\\/\",\"url\":\"https:\\\/\\\/uwm.edu\\\/language-resource-center\\\/resources\\\/spanish\\\/\",\"name\":\"Spanish - Language Resource Center\",\"isPartOf\":{\"@id\":\"https:\\\/\\\/uwm.edu\\\/language-resource-center\\\/#website\"},\"datePublished\":\"2026-03-27T13:54:06+00:00\",\"dateModified\":\"2026-04-16T14:57:25+00:00\",\"breadcrumb\":{\"@id\":\"https:\\\/\\\/uwm.edu\\\/language-resource-center\\\/resources\\\/spanish\\\/#breadcrumb\"},\"inLanguage\":\"en-US\",\"potentialAction\":[{\"@type\":\"ReadAction\",\"target\":[\"https:\\\/\\\/uwm.edu\\\/language-resource-center\\\/resources\\\/spanish\\\/\"]}]},{\"@type\":\"BreadcrumbList\",\"@id\":\"https:\\\/\\\/uwm.edu\\\/language-resource-center\\\/resources\\\/spanish\\\/#breadcrumb\",\"itemListElement\":[{\"@type\":\"ListItem\",\"position\":1,\"name\":\"Home\",\"item\":\"https:\\\/\\\/uwm.edu\\\/language-resource-center\\\/\"},{\"@type\":\"ListItem\",\"position\":2,\"name\":\"Resources\",\"item\":\"https:\\\/\\\/uwm.edu\\\/language-resource-center\\\/resources\\\/\"},{\"@type\":\"ListItem\",\"position\":3,\"name\":\"Spanish\"}]},{\"@type\":\"WebSite\",\"@id\":\"https:\\\/\\\/uwm.edu\\\/language-resource-center\\\/#website\",\"url\":\"https:\\\/\\\/uwm.edu\\\/language-resource-center\\\/\",\"name\":\"Language Resource Center\",\"description\":\"\",\"publisher\":{\"@id\":\"https:\\\/\\\/uwm.edu\\\/language-resource-center\\\/#organization\"},\"potentialAction\":[{\"@type\":\"SearchAction\",\"target\":{\"@type\":\"EntryPoint\",\"urlTemplate\":\"https:\\\/\\\/uwm.edu\\\/language-resource-center\\\/?s={search_term_string}\"},\"query-input\":{\"@type\":\"PropertyValueSpecification\",\"valueRequired\":true,\"valueName\":\"search_term_string\"}}],\"inLanguage\":\"en-US\"},{\"@type\":\"Organization\",\"@id\":\"https:\\\/\\\/uwm.edu\\\/language-resource-center\\\/#organization\",\"name\":\"University of Wisconsin - Milwaukee\",\"url\":\"https:\\\/\\\/uwm.edu\\\/language-resource-center\\\/\",\"logo\":{\"@type\":\"ImageObject\",\"inLanguage\":\"en-US\",\"@id\":\"https:\\\/\\\/uwm.edu\\\/language-resource-center\\\/#\\\/schema\\\/logo\\\/image\\\/\",\"url\":\"https:\\\/\\\/uwm.edu\\\/0template-webid2-academic\\\/wp-content\\\/uploads\\\/sites\\\/542\\\/2023\\\/05\\\/uwm-seo-logo.jpg\",\"contentUrl\":\"https:\\\/\\\/uwm.edu\\\/0template-webid2-academic\\\/wp-content\\\/uploads\\\/sites\\\/542\\\/2023\\\/05\\\/uwm-seo-logo.jpg\",\"width\":225,\"height\":224,\"caption\":\"University of Wisconsin - Milwaukee\"},\"image\":{\"@id\":\"https:\\\/\\\/uwm.edu\\\/language-resource-center\\\/#\\\/schema\\\/logo\\\/image\\\/\"}}]}<\/script>\n<!-- \/ Yoast SEO Premium plugin. -->","yoast_head_json":{"title":"Language Resource Center","robots":{"index":"index","follow":"follow","max-snippet":"max-snippet:-1","max-image-preview":"max-image-preview:large","max-video-preview":"max-video-preview:-1"},"canonical":"https:\/\/uwm.edu\/language-resource-center\/resources\/spanish\/","og_locale":"en_US","og_type":"article","og_title":"Spanish","og_url":"https:\/\/uwm.edu\/language-resource-center\/resources\/spanish\/","og_site_name":"Language Resource Center","article_modified_time":"2026-04-16T14:57:25+00:00","twitter_card":"summary_large_image","twitter_misc":{"Est. reading time":"1 minute"},"schema":{"@context":"https:\/\/schema.org","@graph":[{"@type":"WebPage","@id":"https:\/\/uwm.edu\/language-resource-center\/resources\/spanish\/","url":"https:\/\/uwm.edu\/language-resource-center\/resources\/spanish\/","name":"Spanish - Language Resource Center","isPartOf":{"@id":"https:\/\/uwm.edu\/language-resource-center\/#website"},"datePublished":"2026-03-27T13:54:06+00:00","dateModified":"2026-04-16T14:57:25+00:00","breadcrumb":{"@id":"https:\/\/uwm.edu\/language-resource-center\/resources\/spanish\/#breadcrumb"},"inLanguage":"en-US","potentialAction":[{"@type":"ReadAction","target":["https:\/\/uwm.edu\/language-resource-center\/resources\/spanish\/"]}]},{"@type":"BreadcrumbList","@id":"https:\/\/uwm.edu\/language-resource-center\/resources\/spanish\/#breadcrumb","itemListElement":[{"@type":"ListItem","position":1,"name":"Home","item":"https:\/\/uwm.edu\/language-resource-center\/"},{"@type":"ListItem","position":2,"name":"Resources","item":"https:\/\/uwm.edu\/language-resource-center\/resources\/"},{"@type":"ListItem","position":3,"name":"Spanish"}]},{"@type":"WebSite","@id":"https:\/\/uwm.edu\/language-resource-center\/#website","url":"https:\/\/uwm.edu\/language-resource-center\/","name":"Language Resource Center","description":"","publisher":{"@id":"https:\/\/uwm.edu\/language-resource-center\/#organization"},"potentialAction":[{"@type":"SearchAction","target":{"@type":"EntryPoint","urlTemplate":"https:\/\/uwm.edu\/language-resource-center\/?s={search_term_string}"},"query-input":{"@type":"PropertyValueSpecification","valueRequired":true,"valueName":"search_term_string"}}],"inLanguage":"en-US"},{"@type":"Organization","@id":"https:\/\/uwm.edu\/language-resource-center\/#organization","name":"University of Wisconsin - Milwaukee","url":"https:\/\/uwm.edu\/language-resource-center\/","logo":{"@type":"ImageObject","inLanguage":"en-US","@id":"https:\/\/uwm.edu\/language-resource-center\/#\/schema\/logo\/image\/","url":"https:\/\/uwm.edu\/0template-webid2-academic\/wp-content\/uploads\/sites\/542\/2023\/05\/uwm-seo-logo.jpg","contentUrl":"https:\/\/uwm.edu\/0template-webid2-academic\/wp-content\/uploads\/sites\/542\/2023\/05\/uwm-seo-logo.jpg","width":225,"height":224,"caption":"University of Wisconsin - Milwaukee"},"image":{"@id":"https:\/\/uwm.edu\/language-resource-center\/#\/schema\/logo\/image\/"}}]}},"_links":{"self":[{"href":"https:\/\/uwm.edu\/language-resource-center\/wp-json\/wp\/v2\/pages\/809","targetHints":{"allow":["GET"]}}],"collection":[{"href":"https:\/\/uwm.edu\/language-resource-center\/wp-json\/wp\/v2\/pages"}],"about":[{"href":"https:\/\/uwm.edu\/language-resource-center\/wp-json\/wp\/v2\/types\/page"}],"author":[{"embeddable":true,"href":"https:\/\/uwm.edu\/language-resource-center\/wp-json\/wp\/v2\/users\/29"}],"replies":[{"embeddable":true,"href":"https:\/\/uwm.edu\/language-resource-center\/wp-json\/wp\/v2\/comments?post=809"}],"version-history":[{"count":4,"href":"https:\/\/uwm.edu\/language-resource-center\/wp-json\/wp\/v2\/pages\/809\/revisions"}],"predecessor-version":[{"id":874,"href":"https:\/\/uwm.edu\/language-resource-center\/wp-json\/wp\/v2\/pages\/809\/revisions\/874"}],"up":[{"embeddable":true,"href":"https:\/\/uwm.edu\/language-resource-center\/wp-json\/wp\/v2\/pages\/87"}],"wp:attachment":[{"href":"https:\/\/uwm.edu\/language-resource-center\/wp-json\/wp\/v2\/media?parent=809"}],"curies":[{"name":"wp","href":"https:\/\/api.w.org\/{rel}","templated":true}]}}