  {"id":4818,"date":"2021-02-03T09:26:17","date_gmt":"2021-02-03T15:26:17","guid":{"rendered":"https:\/\/uwm.edu\/geosciences\/?page_id=4818"},"modified":"2021-05-05T14:21:35","modified_gmt":"2021-05-05T19:21:35","slug":"spring-2021-colloquia","status":"publish","type":"page","link":"https:\/\/uwm.edu\/geosciences\/about\/events\/past-colloquia\/spring-2021-colloquia\/","title":{"rendered":"Spring 2021 Colloquia"},"content":{"rendered":"<h3>Thursday, February 4, 2021<\/h3>\n<p>OPEN<\/p>\n<h3>Thursday, February 11, 2021<\/h3>\n<p>Dr. Sarah Sheffield, University of South Florida<br \/>\nTitle: <img loading=\"lazy\" decoding=\"async\" class=\"alignleft size-full wp-image-4889\" src=\"https:\/\/uwm.edu\/geosciences\/wp-content\/uploads\/sites\/211\/2021\/02\/Sarah_Sheffield_USF.jpg\" alt=\"\" width=\"1056\" height=\"816\" \/><strong>Unraveling the evolutionary relationships of ancient echinoderms<\/strong><br \/>\nHost: Paradis<\/p>\n<h3>Thursday, February 18, 2021<\/h3>\n<p>Dr. Paul Hoffman, University of Victoria, Victoria, BC, Canada<br \/>\nTitle: <strong>On the freshwater ancestry of marine primary producers: a snowball Earth legacy and implications for the pre-Cryogenian marine fossil record<\/strong><\/p>\n<p><img loading=\"lazy\" decoding=\"async\" class=\"alignleft size-full wp-image-4883\" src=\"https:\/\/uwm.edu\/geosciences\/wp-content\/uploads\/sites\/211\/2021\/02\/Paul_Hoffman_UVIC.jpg\" alt=\"\" width=\"1056\" height=\"816\" \/><br \/>\nHost: Cameron<\/p>\n<h3>Thursday, February 25, 2021<\/h3>\n<p>David Hart, WGNHS<br \/>\nTitle: <strong>Geophysical determination of depth to bedrock beneath agricultural fields<\/strong><br \/>\n<img loading=\"lazy\" decoding=\"async\" class=\"alignleft size-full wp-image-4892\" src=\"https:\/\/uwm.edu\/geosciences\/wp-content\/uploads\/sites\/211\/2021\/02\/David_Hart_WGNHS.jpg\" alt=\"\" width=\"1056\" height=\"816\" \/><br \/>\nHost: Kean<\/p>\n<h3>Thursday, March 4, 2021<\/h3>\n<p>Dr. Elisa Fitz D\u00edaz, Universidad Nacional Aut\u00f3noma de M\u00e9xico<br \/>\nTitle: <strong>Evolution of the Mexican Orogen the perspective of tiny illite crystals<\/strong><img loading=\"lazy\" decoding=\"async\" class=\"alignleft size-full wp-image-4903\" src=\"https:\/\/uwm.edu\/geosciences\/wp-content\/uploads\/sites\/211\/2021\/02\/Elisa_Fitz_Diaz_WGNHS.jpg\" alt=\"\" width=\"1056\" height=\"816\" \/><br \/>\nHost: Czeck<\/p>\n<h3>Thursday, March 11, 2021<\/h3>\n<p>Dr. Bradley Cramer, University of Iowa<br \/>\nTitle: <strong>Building GEO-STEM for the 21st Century and Facing our Lack of Diversity, Equity, and Inclusion<\/strong><br \/>\n<img loading=\"lazy\" decoding=\"async\" class=\"alignleft size-full wp-image-4934\" src=\"https:\/\/uwm.edu\/geosciences\/wp-content\/uploads\/sites\/211\/2021\/02\/Bradely_Cramer_Iowa.jpg\" alt=\"\" width=\"1056\" height=\"816\" \/><br \/>\nHost: Paradis<\/p>\n<h3>Thursday, March 18, 2021<\/h3>\n<p>Spring Break (many other universities)<\/p>\n<h3>Thursday, March 18, 2021<\/h3>\n<p>Spring Break 51ÁÔÆæ<\/p>\n<h3>Thursday, April 1, 2021<\/h3>\n<p>GSA Joint Section (NC &amp; SC) Practice Talks<br \/>\nHost: Paradis<\/p>\n<h3>Thursday, April 8, 2021<\/h3>\n<p>Flex [Career Day\/Alumni Day]<br \/>\nHost: Graziano<\/p>\n<h3>Thursday, April 15, 2021<\/h3>\n<p>Flex [Career Day\/Alumni Day]<br \/>\nHost: Graziano<\/p>\n<h3>Thursday, April 22, 2021<\/h3>\n<p>Cancelled<\/p>\n<h3>Thursday, April 29, 2021<\/h3>\n<p>Dr. Monica Sol\u00f3rzano-Kraemer, Senckenberg Natural History Museum<br \/>\nTitle: <strong>Amber copal and resin-opportunities and obstacles to investigate diversity in resin producing forest<\/strong><br \/>\n<img loading=\"lazy\" decoding=\"async\" class=\"alignleft size-full wp-image-4975\" src=\"https:\/\/uwm.edu\/geosciences\/wp-content\/uploads\/sites\/211\/2021\/02\/Monica_Solorzano_Kraemer.jpg\" alt=\"\" width=\"1056\" height=\"816\" \/><br \/>\nHost: McCoy<\/p>\n<h3>Thursday, May 6, 2021<\/h3>\n<p>Dr. Reginald Archer, Tennessee State<br \/>\nTitle: <strong>Expanding Geoscience Pathways at the intersection of &#8220;Earth&#8221; Programs and teacher Education at HBCUs<\/strong><br \/>\n<img loading=\"lazy\" decoding=\"async\" class=\"alignleft size-full wp-image-4984\" src=\"https:\/\/uwm.edu\/geosciences\/wp-content\/uploads\/sites\/211\/2021\/02\/Reginald-S.-Archer.jpg\" alt=\"\" width=\"1056\" height=\"816\" \/><br \/>\nHost: Paradis<\/p>\n","protected":false},"excerpt":{"rendered":"<p>Thursday, February 4, 2021 OPEN Thursday, February 11, 2021 Dr. Sarah Sheffield, University of South Florida Title: Unraveling the evolutionary relationships of ancient echinoderms Host: Paradis Thursday, February 18, 2021 Dr. Paul Hoffman, University of Victoria, Victoria, BC, Canada Title: &hellip;<\/p>\n","protected":false},"author":850,"featured_media":0,"parent":1173,"menu_order":5,"comment_status":"closed","ping_status":"closed","template":"","meta":{"_acf_changed":false,"_tec_requires_first_save":true,"_EventAllDay":false,"_EventTimezone":"","_EventStartDate":"","_EventEndDate":"","_EventStartDateUTC":"","_EventEndDateUTC":"","_EventShowMap":false,"_EventShowMapLink":false,"_EventURL":"","_EventCost":"","_EventCostDescription":"","_EventCurrencySymbol":"","_EventCurrencyCode":"","_EventCurrencyPosition":"","_EventDateTimeSeparator":"","_EventTimeRangeSeparator":"","_EventOrganizerID":[],"_EventVenueID":[],"_OrganizerEmail":"","_OrganizerPhone":"","_OrganizerWebsite":"","_VenueAddress":"","_VenueCity":"","_VenueCountry":"","_VenueProvince":"","_VenueState":"","_VenueZip":"","_VenuePhone":"","_VenueURL":"","_VenueStateProvince":"","_VenueLat":"","_VenueLng":"","_VenueShowMap":false,"_VenueShowMapLink":false,"_tribe_blocks_recurrence_rules":"","_tribe_blocks_recurrence_description":"","_tribe_blocks_recurrence_exclusions":"","footnotes":"","uwm_wg_additional_authors":[]},"class_list":["post-4818","page","type-page","status-publish","hentry"],"yoast_head":"<!-- This site is optimized with the Yoast SEO Premium plugin v27.3 (Yoast SEO v27.3) - https:\/\/yoast.com\/product\/yoast-seo-premium-wordpress\/ -->\n<title>Geosciences<\/title>\n<meta name=\"robots\" content=\"index, follow, max-snippet:-1, max-image-preview:large, max-video-preview:-1\" \/>\n<link rel=\"canonical\" href=\"https:\/\/uwm.edu\/geosciences\/about\/events\/past-colloquia\/spring-2021-colloquia\/\" \/>\n<meta property=\"og:locale\" content=\"en_US\" \/>\n<meta property=\"og:type\" content=\"article\" \/>\n<meta property=\"og:title\" content=\"Spring 2021 Colloquia\" \/>\n<meta property=\"og:description\" content=\"Thursday, February 4, 2021 OPEN Thursday, February 11, 2021 Dr. Sarah Sheffield, University of South Florida Title: Unraveling the evolutionary relationships of ancient echinoderms Host: Paradis Thursday, February 18, 2021 Dr. Paul Hoffman, University of Victoria, Victoria, BC, Canada Title: &hellip;\" \/>\n<meta property=\"og:url\" content=\"https:\/\/uwm.edu\/geosciences\/about\/events\/past-colloquia\/spring-2021-colloquia\/\" \/>\n<meta property=\"og:site_name\" content=\"Geosciences\" \/>\n<meta property=\"article:modified_time\" content=\"2021-05-05T19:21:35+00:00\" \/>\n<meta property=\"og:image\" content=\"https:\/\/uwm.edu\/geosciences\/wp-content\/uploads\/sites\/211\/2021\/02\/Sarah_Sheffield_USF.jpg\" \/>\n<meta name=\"twitter:card\" content=\"summary_large_image\" \/>\n<meta name=\"twitter:label1\" content=\"Est. reading time\" \/>\n\t<meta name=\"twitter:data1\" content=\"1 minute\" \/>\n<script type=\"application\/ld+json\" class=\"yoast-schema-graph\">{\"@context\":\"https:\\\/\\\/schema.org\",\"@graph\":[{\"@type\":\"WebPage\",\"@id\":\"https:\\\/\\\/uwm.edu\\\/geosciences\\\/about\\\/events\\\/past-colloquia\\\/spring-2021-colloquia\\\/\",\"url\":\"https:\\\/\\\/uwm.edu\\\/geosciences\\\/about\\\/events\\\/past-colloquia\\\/spring-2021-colloquia\\\/\",\"name\":\"Spring 2021 Colloquia - Geosciences\",\"isPartOf\":{\"@id\":\"https:\\\/\\\/uwm.edu\\\/geosciences\\\/#website\"},\"primaryImageOfPage\":{\"@id\":\"https:\\\/\\\/uwm.edu\\\/geosciences\\\/about\\\/events\\\/past-colloquia\\\/spring-2021-colloquia\\\/#primaryimage\"},\"image\":{\"@id\":\"https:\\\/\\\/uwm.edu\\\/geosciences\\\/about\\\/events\\\/past-colloquia\\\/spring-2021-colloquia\\\/#primaryimage\"},\"thumbnailUrl\":\"https:\\\/\\\/uwm.edu\\\/geosciences\\\/wp-content\\\/uploads\\\/sites\\\/211\\\/2021\\\/02\\\/Sarah_Sheffield_USF.jpg\",\"datePublished\":\"2021-02-03T15:26:17+00:00\",\"dateModified\":\"2021-05-05T19:21:35+00:00\",\"breadcrumb\":{\"@id\":\"https:\\\/\\\/uwm.edu\\\/geosciences\\\/about\\\/events\\\/past-colloquia\\\/spring-2021-colloquia\\\/#breadcrumb\"},\"inLanguage\":\"en-US\",\"potentialAction\":[{\"@type\":\"ReadAction\",\"target\":[\"https:\\\/\\\/uwm.edu\\\/geosciences\\\/about\\\/events\\\/past-colloquia\\\/spring-2021-colloquia\\\/\"]}]},{\"@type\":\"ImageObject\",\"inLanguage\":\"en-US\",\"@id\":\"https:\\\/\\\/uwm.edu\\\/geosciences\\\/about\\\/events\\\/past-colloquia\\\/spring-2021-colloquia\\\/#primaryimage\",\"url\":\"\",\"contentUrl\":\"\"},{\"@type\":\"BreadcrumbList\",\"@id\":\"https:\\\/\\\/uwm.edu\\\/geosciences\\\/about\\\/events\\\/past-colloquia\\\/spring-2021-colloquia\\\/#breadcrumb\",\"itemListElement\":[{\"@type\":\"ListItem\",\"position\":1,\"name\":\"Home\",\"item\":\"https:\\\/\\\/uwm.edu\\\/geosciences\\\/\"},{\"@type\":\"ListItem\",\"position\":2,\"name\":\"About\",\"item\":\"https:\\\/\\\/uwm.edu\\\/geosciences\\\/about\\\/\"},{\"@type\":\"ListItem\",\"position\":3,\"name\":\"Events\",\"item\":\"https:\\\/\\\/uwm.edu\\\/geosciences\\\/about\\\/events\\\/\"},{\"@type\":\"ListItem\",\"position\":4,\"name\":\"Past Colloquia\",\"item\":\"https:\\\/\\\/uwm.edu\\\/geosciences\\\/about\\\/events\\\/past-colloquia\\\/\"},{\"@type\":\"ListItem\",\"position\":5,\"name\":\"Spring 2021 Colloquia\"}]},{\"@type\":\"WebSite\",\"@id\":\"https:\\\/\\\/uwm.edu\\\/geosciences\\\/#website\",\"url\":\"https:\\\/\\\/uwm.edu\\\/geosciences\\\/\",\"name\":\"Geosciences\",\"description\":\"UW-Milwaukee\",\"potentialAction\":[{\"@type\":\"SearchAction\",\"target\":{\"@type\":\"EntryPoint\",\"urlTemplate\":\"https:\\\/\\\/uwm.edu\\\/geosciences\\\/?s={search_term_string}\"},\"query-input\":{\"@type\":\"PropertyValueSpecification\",\"valueRequired\":true,\"valueName\":\"search_term_string\"}}],\"inLanguage\":\"en-US\"}]}<\/script>\n<!-- \/ Yoast SEO Premium plugin. -->","yoast_head_json":{"title":"Geosciences","robots":{"index":"index","follow":"follow","max-snippet":"max-snippet:-1","max-image-preview":"max-image-preview:large","max-video-preview":"max-video-preview:-1"},"canonical":"https:\/\/uwm.edu\/geosciences\/about\/events\/past-colloquia\/spring-2021-colloquia\/","og_locale":"en_US","og_type":"article","og_title":"Spring 2021 Colloquia","og_description":"Thursday, February 4, 2021 OPEN Thursday, February 11, 2021 Dr. Sarah Sheffield, University of South Florida Title: Unraveling the evolutionary relationships of ancient echinoderms Host: Paradis Thursday, February 18, 2021 Dr. Paul Hoffman, University of Victoria, Victoria, BC, Canada Title: &hellip;","og_url":"https:\/\/uwm.edu\/geosciences\/about\/events\/past-colloquia\/spring-2021-colloquia\/","og_site_name":"Geosciences","article_modified_time":"2021-05-05T19:21:35+00:00","og_image":[{"url":"https:\/\/uwm.edu\/geosciences\/wp-content\/uploads\/sites\/211\/2021\/02\/Sarah_Sheffield_USF.jpg","type":"","width":"","height":""}],"twitter_card":"summary_large_image","twitter_misc":{"Est. reading time":"1 minute"},"schema":{"@context":"https:\/\/schema.org","@graph":[{"@type":"WebPage","@id":"https:\/\/uwm.edu\/geosciences\/about\/events\/past-colloquia\/spring-2021-colloquia\/","url":"https:\/\/uwm.edu\/geosciences\/about\/events\/past-colloquia\/spring-2021-colloquia\/","name":"Spring 2021 Colloquia - Geosciences","isPartOf":{"@id":"https:\/\/uwm.edu\/geosciences\/#website"},"primaryImageOfPage":{"@id":"https:\/\/uwm.edu\/geosciences\/about\/events\/past-colloquia\/spring-2021-colloquia\/#primaryimage"},"image":{"@id":"https:\/\/uwm.edu\/geosciences\/about\/events\/past-colloquia\/spring-2021-colloquia\/#primaryimage"},"thumbnailUrl":"https:\/\/uwm.edu\/geosciences\/wp-content\/uploads\/sites\/211\/2021\/02\/Sarah_Sheffield_USF.jpg","datePublished":"2021-02-03T15:26:17+00:00","dateModified":"2021-05-05T19:21:35+00:00","breadcrumb":{"@id":"https:\/\/uwm.edu\/geosciences\/about\/events\/past-colloquia\/spring-2021-colloquia\/#breadcrumb"},"inLanguage":"en-US","potentialAction":[{"@type":"ReadAction","target":["https:\/\/uwm.edu\/geosciences\/about\/events\/past-colloquia\/spring-2021-colloquia\/"]}]},{"@type":"ImageObject","inLanguage":"en-US","@id":"https:\/\/uwm.edu\/geosciences\/about\/events\/past-colloquia\/spring-2021-colloquia\/#primaryimage","url":"","contentUrl":""},{"@type":"BreadcrumbList","@id":"https:\/\/uwm.edu\/geosciences\/about\/events\/past-colloquia\/spring-2021-colloquia\/#breadcrumb","itemListElement":[{"@type":"ListItem","position":1,"name":"Home","item":"https:\/\/uwm.edu\/geosciences\/"},{"@type":"ListItem","position":2,"name":"About","item":"https:\/\/uwm.edu\/geosciences\/about\/"},{"@type":"ListItem","position":3,"name":"Events","item":"https:\/\/uwm.edu\/geosciences\/about\/events\/"},{"@type":"ListItem","position":4,"name":"Past Colloquia","item":"https:\/\/uwm.edu\/geosciences\/about\/events\/past-colloquia\/"},{"@type":"ListItem","position":5,"name":"Spring 2021 Colloquia"}]},{"@type":"WebSite","@id":"https:\/\/uwm.edu\/geosciences\/#website","url":"https:\/\/uwm.edu\/geosciences\/","name":"Geosciences","description":"UW-Milwaukee","potentialAction":[{"@type":"SearchAction","target":{"@type":"EntryPoint","urlTemplate":"https:\/\/uwm.edu\/geosciences\/?s={search_term_string}"},"query-input":{"@type":"PropertyValueSpecification","valueRequired":true,"valueName":"search_term_string"}}],"inLanguage":"en-US"}]}},"acf":[],"publishpress_future_action":{"enabled":false,"date":"2026-04-23 18:41:50","action":"change-status","newStatus":"draft","terms":[],"taxonomy":"","extraData":[]},"publishpress_future_workflow_manual_trigger":{"enabledWorkflows":[]},"_links":{"self":[{"href":"https:\/\/uwm.edu\/geosciences\/wp-json\/wp\/v2\/pages\/4818","targetHints":{"allow":["GET"]}}],"collection":[{"href":"https:\/\/uwm.edu\/geosciences\/wp-json\/wp\/v2\/pages"}],"about":[{"href":"https:\/\/uwm.edu\/geosciences\/wp-json\/wp\/v2\/types\/page"}],"author":[{"embeddable":true,"href":"https:\/\/uwm.edu\/geosciences\/wp-json\/wp\/v2\/users\/850"}],"replies":[{"embeddable":true,"href":"https:\/\/uwm.edu\/geosciences\/wp-json\/wp\/v2\/comments?post=4818"}],"version-history":[{"count":14,"href":"https:\/\/uwm.edu\/geosciences\/wp-json\/wp\/v2\/pages\/4818\/revisions"}],"predecessor-version":[{"id":4988,"href":"https:\/\/uwm.edu\/geosciences\/wp-json\/wp\/v2\/pages\/4818\/revisions\/4988"}],"up":[{"embeddable":true,"href":"https:\/\/uwm.edu\/geosciences\/wp-json\/wp\/v2\/pages\/1173"}],"wp:attachment":[{"href":"https:\/\/uwm.edu\/geosciences\/wp-json\/wp\/v2\/media?parent=4818"}],"curies":[{"name":"wp","href":"https:\/\/api.w.org\/{rel}","templated":true}]}}