  
{"id":1281,"date":"2016-11-07T13:53:10","date_gmt":"2016-11-07T19:53:10","guid":{"rendered":"https:\/\/uwm.edu\/clacs\/?page_id=1281"},"modified":"2024-05-28T12:16:47","modified_gmt":"2024-05-28T17:16:47","slug":"36th-annual-latin-american-film-series-2014","status":"publish","type":"page","link":"https:\/\/uwm.edu\/clacs\/public-engagement\/film-series\/36th-annual-latin-american-film-series-2014\/","title":{"rendered":"36th Annual Latin American Film Series, 2014"},"content":{"rendered":"<p><em>This film series is presented by the Center for Latin American and Caribbean Studies, 51ÁÔÆæ Union Theatre and Student Involvement.<\/em><\/p>\n<h3>April 4-10, 2014<\/h3>\n<p>51ÁÔÆæ Union Theatre<br \/>\n2200 East Kenwood Boulevard<br \/>\n<strong>Free Admission<\/strong><br \/>\nAll films will be shown in their original language with English subtitles.<br \/>\nFilms are not rated; many include adult content.<\/p>\n<p><em>For more information please call the Center for Latin American and Caribbean Studies at (414) 229-4401.<\/em><\/p>\n<p>The series is co-sponsored by 51ÁÔÆæ Union Sociocultural Programming, the Center for International Education, the Center for Jewish Studies, the Women&#8217;s Studies Program, the Center for 21st Century Studies; the Departments of Africology, Anthropology, Art History, Film, Film Studies (English), History, MALLT, and Spanish &amp; Portuguese, the Latin American and Caribbean Studies Certificate Program, the major in Latin American, Caribbean, and U.S. Latino Studies (LACUSL), Latino Student Union, Brazilian Culture Club, Hispanic Professionals of Greater Milwaukee at 51ÁÔÆæ, Latin American Solidarity Committee, and Global Student Alliance. Programming by Aaron Shoemaker with special help from Shelley Dyrda. In collaboration with the Chicago Latino Film Festival.<\/p>\n<h3>LAFS Opening Night<\/h3>\n<h4>Friday, April 4<\/h4>\n<p>7pm<br \/>\n<strong>Tropic\u00e1lia<\/strong><br \/>\nBrazil, 2012, 87 min<br \/>\nBlu-ray &#8211; Directed by Marcelo Machado<br \/>\nThis carefully researched film investigates the cultural movement dubbed Tropic\u00e1lia, which began in Brazil during the 1960s as a reaction to the popular music and nationalism of the period. Caetano Veloso, Gilberto Gil, Tom Z\u00e9 and others mull over their experiences from that time, while magnificent archive footage brings to life the sheer inventiveness and political reach of &#8220;Tropicalism.\u201d<\/p>\n<h4>Friday, April 4<\/h4>\n<p>9pm<br \/>\n<strong>Maydays<\/strong><br \/>\nUnited States, 2013, 90 min<br \/>\nBlu-ray &#8211; Directed by Ricardo Gamboa, Ben Kolak, and Catherine Sullivan<br \/>\nAlicia and Daniel meet at a Model United Nations Conference and quickly become more than Facebook friends. Alicia, from Chicago\u2019s Mexican immigrant Pilsen neighborhood, and Daniel, from the affluent suburb Winnetka, get to know each other and their respective worlds while falling in love during the week of the 2012 NATO summit. Daniel is introduced by Alicia to her eccentric left-wing grandmother and inner-city friends, and gets schooled on Mexican sci-fi cinema; whereas Alicia, through Daniel, encounters the winding roads and mansions of pristine suburbia, cocktail parties for the privileged elite, and even his favorite teacher\u2019s storefront play. The two discover not only new ways of life on opposite sides of the city grid, but learn how they would like to begin to shape their own. A wrong-side-of-the-tracks romance film with a political twist, Maydays is about love and difference in the shadow of several thousand downtown protestors.<\/p>\n<p>Featuring post-screening Q&amp;A with Maydays cinematographer, Emmanuel Camacho.<\/p>\n<h4>Saturday, April 5<\/h4>\n<p>7pm<br \/>\n<strong>Route of the Moon<\/strong><br \/>\nPanama\/Costa Rica, 2013, 80 min<br \/>\nBlu-ray &#8211; Directed by Juan Sebasti\u00e1n J\u00e1come<br \/>\nBeing different is not an easy task in any society, even less in Panama, where social behavior is confined within a framework. When the difference is on your skin, and so visible like albinism, things get harder, even more so when your own father is a fierce representative of the mainstream racial values. This is Tito\u2019s case, an introverted bowling enthusiast who suddenly must travel from Panama to San Jos\u00e9, Costa Rica in order look after his ill father, C\u00e9sar, with whom he has a very distant relationship. C\u00e9sar is a very tropical character, living his life as he pleases, burning bridges, and going from being a boxing trainer at the mythical Barraza gym to sports teacher in the suburbs of San Jos\u00e9; but now he has a life threatening disease. Tito\u2019s only wish is to go back to Panama as soon as possible to be able to participate in a bowling tournament, but his father has different plans for him.<\/p>\n<h4>Saturday, April 5<\/h4>\n<p>9pm<br \/>\n<strong>Fatal Assistance (Assistance mortelle)<\/strong><br \/>\nHaiti, 2013, 99 min<br \/>\nDVD \u2013 Directed by Raoul Peck<br \/>\nAward-winning Haitian born filmmaker Raoul Peck takes us on a two-year journey inside the challenging, contradictory, and colossal rebuilding efforts in post-earthquake Haiti. Through its provocative and radical point of view, Fatal Assistance offers a devastating indictment of the international community&#8217;s post-disaster idealism. The story dives headlong into the complexity of the reconstruction process, outlining the impacts of worldwide humanitarian and development aid while revealing the disturbing extent of a general failure. We learn that a major portion of the money pledged to Haiti was never disbursed, nor made it into the actual reconstruction. This film leads us to one clear conclusion: current aid policies and practices in Haiti need to stop immediately.<br \/>\nCo-presented with the Sam and Helen Stahl Center for Jewish Studies<\/p>\n<h4>Sunday, April 6<\/h4>\n<p>7pm<br \/>\n<strong>The German Doctor (Wakolda)<\/strong><br \/>\nArgentina, 2013, 93 min<br \/>\nBlu-Ray \u2013 Directed by Luc\u00eda Puenzo<br \/>\nPatagonia, 1960: a German doctor meets an Argentinean family and follows them on a long desert road to a small town where the family will be starting a new life. Eva, Enzo and their three children welcome the doctor into their home and entrust their young daughter, Lilith, to his care, not knowing that they are harboring one of the most dangerous criminals in the world. The story follows Josef Mengele, the &#8220;Angel of Death,&#8221; a German SS officer and physician at the Auschwitz concentration camp, in the years he spent &#8220;hiding,\u201d along with many other Nazi outlaws in South America following their escape from Germany.<\/p>\n<h4>Monday, April 7<\/h4>\n<p>7pm &#8211; Voted 2013 LAFS Audience Favorite<br \/>\n<strong>The Tiniest Place (El lugar m\u00e1s peque\u00f1o)<\/strong><br \/>\nEl Salvador, 2012, 100 min<br \/>\nDVD &#8211; Directed by Tatiana Huezo<br \/>\nOn the surface this is the story of Cinquera, a village literally wiped off the official map during El Salvador&#8217;s 12-year civil war. Yet, on a deeper level it is a story about the ability to rise, to rebuild and to reinvent oneself after a tragedy. Holding the past and present in focus together, The Tiniest Place takes us to the tiny village nestled in the mountains amidst the humid Salvadoran jungle, while villagers, survivors of the war&#8217;s massacres, recount their journey home at war&#8217;s end. When they first returned their village no longer existed. Nevertheless, they decided to stay. As they reworked the land, built new homes and started new families, the people of Cinquera learned to live with the sorrow of the past and this film explores that process.<br \/>\nCollaboration with the Chicago Latino Film Festival<\/p>\n<h4>Tuesday, April 8<\/h4>\n<p>7pm<br \/>\n<strong>Melaza (Molasses)<\/strong><br \/>\nCuba, 2013, 93 min<br \/>\nBlu-Ray \u2013 Directed by Carlos Lechuga<br \/>\nThe sugar mill was Melaza\u2019s sole economic engine until it was shut down, leaving Monica and many of the town\u2019s inhabitants unemployed. Now she and her husband Aldo, the town\u2019s schoolteacher, are trying to make ends meet for their family the best way they can, including renting their small overcrowded home to a local prostitute. Their attempts to keep afloat get them into deeper and deeper trouble in this sensitive comedy, which deals with life in Cuba\u2019s rural communities.<\/p>\n<h4>Wednesday, April 9<\/h4>\n<p>7:30pm &#8211; Please note later starting time<br \/>\n<strong>Mercedes Sosa: The Voice of Latin America (Mercedes Sosa: La voz de Latinoam\u00e9rica)<\/strong><br \/>\nArgentina, 2013, 90 min<br \/>\nDVD \u2013 Directed by Rodrigo H. Vila<br \/>\nThis is a journey into the world of Argentina&#8217;s most famous musical artist. Over a career that spanned 50 years, Mercedes Sosa sold millions of records, performed thousands of concerts all over the world, and left behind an incredible legacy as an artist who went beyond the borders of music to become one of the most influential and loved personalities of the 20th century. This intimate documentary reveals Sosa&#8217;s early life to her rise to worldwide stardom, while also exploring the impact she had on the social heritage of Latin America and beyond.<\/p>\n<h4>Thursday, April 10<\/h4>\n<p>7pm<br \/>\n<strong>Gloria<\/strong><br \/>\nChile, 2013, 110 min<br \/>\nDVD \u2013 Directed by Sebasti\u00e1n Lelio<br \/>\nGloria is a \u201cwoman of a certain age\u201d who still feels young. Though lonely, she makes the best of her situation and fills her nights seeking love at social dance clubs for single adults. Her fragile happiness changes the day she meets Rodolfo. Their intense passion, to which Gloria gives her all, leaves her vacillating between hope and despair, until she uncovers a new strength. She realizes that in her golden years, she can shine brighter than ever.<\/p>\n","protected":false},"excerpt":{"rendered":"<p>This film series is presented by the Center for Latin American and Caribbean Studies, 51ÁÔÆæ Union Theatre and Student Involvement. April 4-10, 2014 51ÁÔÆæ Union Theatre 2200 East Kenwood Boulevard Free Admission All films will be shown in their original &hellip; <span class=\"ls-more-link\"><a href=\"https:\/\/uwm.edu\/clacs\/public-engagement\/film-series\/36th-annual-latin-american-film-series-2014\/\"><em>Continue Reading<\/em> &raquo;<\/a><\/span>","protected":false},"author":30,"featured_media":0,"parent":714,"menu_order":11,"comment_status":"closed","ping_status":"closed","template":"page-templates\/ls-2col-sidebar-left.php","meta":{"_acf_changed":false,"footnotes":"","uwm_wg_additional_authors":[]},"class_list":["post-1281","page","type-page","status-publish","hentry"],"yoast_head":"<!-- This site is optimized with the Yoast SEO Premium plugin v27.3 (Yoast SEO v27.3) - https:\/\/yoast.com\/product\/yoast-seo-premium-wordpress\/ -->\n<title>36th Annual Latin American Film Series, 2014 - Center for Latin American &amp; Caribbean Studies<\/title>\n<meta name=\"robots\" content=\"index, follow, max-snippet:-1, max-image-preview:large, max-video-preview:-1\" \/>\n<link rel=\"canonical\" href=\"https:\/\/uwm.edu\/clacs\/public-engagement\/film-series\/36th-annual-latin-american-film-series-2014\/\" \/>\n<meta property=\"og:locale\" content=\"en_US\" \/>\n<meta property=\"og:type\" content=\"article\" \/>\n<meta property=\"og:title\" content=\"36th Annual Latin American Film Series, 2014\" \/>\n<meta property=\"og:description\" content=\"This film series is presented by the Center for Latin American and Caribbean Studies, 51ÁÔÆæ Union Theatre and Student Involvement. April 4-10, 2014 51ÁÔÆæ Union Theatre 2200 East Kenwood Boulevard Free Admission All films will be shown in their original\" \/>\n<meta property=\"og:url\" content=\"https:\/\/uwm.edu\/clacs\/public-engagement\/film-series\/36th-annual-latin-american-film-series-2014\/\" \/>\n<meta property=\"og:site_name\" content=\"Center for Latin American &amp; Caribbean Studies\" \/>\n<meta property=\"article:modified_time\" content=\"2024-05-28T17:16:47+00:00\" \/>\n<meta name=\"twitter:card\" content=\"summary_large_image\" \/>\n<meta name=\"twitter:label1\" content=\"Est. reading time\" \/>\n\t<meta name=\"twitter:data1\" content=\"6 minutes\" \/>\n<script type=\"application\/ld+json\" class=\"yoast-schema-graph\">{\"@context\":\"https:\\\/\\\/schema.org\",\"@graph\":[{\"@type\":\"WebPage\",\"@id\":\"https:\\\/\\\/uwm.edu\\\/clacs\\\/public-engagement\\\/film-series\\\/36th-annual-latin-american-film-series-2014\\\/\",\"url\":\"https:\\\/\\\/uwm.edu\\\/clacs\\\/public-engagement\\\/film-series\\\/36th-annual-latin-american-film-series-2014\\\/\",\"name\":\"36th Annual Latin American Film Series, 2014 - Center for Latin American &amp; Caribbean Studies\",\"isPartOf\":{\"@id\":\"https:\\\/\\\/uwm.edu\\\/clacs\\\/#website\"},\"datePublished\":\"2016-11-07T19:53:10+00:00\",\"dateModified\":\"2024-05-28T17:16:47+00:00\",\"breadcrumb\":{\"@id\":\"https:\\\/\\\/uwm.edu\\\/clacs\\\/public-engagement\\\/film-series\\\/36th-annual-latin-american-film-series-2014\\\/#breadcrumb\"},\"inLanguage\":\"en-US\",\"potentialAction\":[{\"@type\":\"ReadAction\",\"target\":[\"https:\\\/\\\/uwm.edu\\\/clacs\\\/public-engagement\\\/film-series\\\/36th-annual-latin-american-film-series-2014\\\/\"]}]},{\"@type\":\"BreadcrumbList\",\"@id\":\"https:\\\/\\\/uwm.edu\\\/clacs\\\/public-engagement\\\/film-series\\\/36th-annual-latin-american-film-series-2014\\\/#breadcrumb\",\"itemListElement\":[{\"@type\":\"ListItem\",\"position\":1,\"name\":\"Home\",\"item\":\"https:\\\/\\\/uwm.edu\\\/clacs\\\/\"},{\"@type\":\"ListItem\",\"position\":2,\"name\":\"Public Engagement\",\"item\":\"https:\\\/\\\/uwm.edu\\\/clacs\\\/public-engagement\\\/\"},{\"@type\":\"ListItem\",\"position\":3,\"name\":\"36th Annual Latin American Film Series, 2014\"}]},{\"@type\":\"WebSite\",\"@id\":\"https:\\\/\\\/uwm.edu\\\/clacs\\\/#website\",\"url\":\"https:\\\/\\\/uwm.edu\\\/clacs\\\/\",\"name\":\"Center for Latin American &amp; Caribbean Studies\",\"description\":\"UW-Milwaukee\",\"potentialAction\":[{\"@type\":\"SearchAction\",\"target\":{\"@type\":\"EntryPoint\",\"urlTemplate\":\"https:\\\/\\\/uwm.edu\\\/clacs\\\/?s={search_term_string}\"},\"query-input\":{\"@type\":\"PropertyValueSpecification\",\"valueRequired\":true,\"valueName\":\"search_term_string\"}}],\"inLanguage\":\"en-US\"}]}<\/script>\n<!-- \/ Yoast SEO Premium plugin. -->","yoast_head_json":{"title":"36th Annual Latin American Film Series, 2014 - Center for Latin American &amp; Caribbean Studies","robots":{"index":"index","follow":"follow","max-snippet":"max-snippet:-1","max-image-preview":"max-image-preview:large","max-video-preview":"max-video-preview:-1"},"canonical":"https:\/\/uwm.edu\/clacs\/public-engagement\/film-series\/36th-annual-latin-american-film-series-2014\/","og_locale":"en_US","og_type":"article","og_title":"36th Annual Latin American Film Series, 2014","og_description":"This film series is presented by the Center for Latin American and Caribbean Studies, 51ÁÔÆæ Union Theatre and Student Involvement. April 4-10, 2014 51ÁÔÆæ Union Theatre 2200 East Kenwood Boulevard Free Admission All films will be shown in their original","og_url":"https:\/\/uwm.edu\/clacs\/public-engagement\/film-series\/36th-annual-latin-american-film-series-2014\/","og_site_name":"Center for Latin American &amp; Caribbean Studies","article_modified_time":"2024-05-28T17:16:47+00:00","twitter_card":"summary_large_image","twitter_misc":{"Est. reading time":"6 minutes"},"schema":{"@context":"https:\/\/schema.org","@graph":[{"@type":"WebPage","@id":"https:\/\/uwm.edu\/clacs\/public-engagement\/film-series\/36th-annual-latin-american-film-series-2014\/","url":"https:\/\/uwm.edu\/clacs\/public-engagement\/film-series\/36th-annual-latin-american-film-series-2014\/","name":"36th Annual Latin American Film Series, 2014 - Center for Latin American &amp; Caribbean Studies","isPartOf":{"@id":"https:\/\/uwm.edu\/clacs\/#website"},"datePublished":"2016-11-07T19:53:10+00:00","dateModified":"2024-05-28T17:16:47+00:00","breadcrumb":{"@id":"https:\/\/uwm.edu\/clacs\/public-engagement\/film-series\/36th-annual-latin-american-film-series-2014\/#breadcrumb"},"inLanguage":"en-US","potentialAction":[{"@type":"ReadAction","target":["https:\/\/uwm.edu\/clacs\/public-engagement\/film-series\/36th-annual-latin-american-film-series-2014\/"]}]},{"@type":"BreadcrumbList","@id":"https:\/\/uwm.edu\/clacs\/public-engagement\/film-series\/36th-annual-latin-american-film-series-2014\/#breadcrumb","itemListElement":[{"@type":"ListItem","position":1,"name":"Home","item":"https:\/\/uwm.edu\/clacs\/"},{"@type":"ListItem","position":2,"name":"Public Engagement","item":"https:\/\/uwm.edu\/clacs\/public-engagement\/"},{"@type":"ListItem","position":3,"name":"36th Annual Latin American Film Series, 2014"}]},{"@type":"WebSite","@id":"https:\/\/uwm.edu\/clacs\/#website","url":"https:\/\/uwm.edu\/clacs\/","name":"Center for Latin American &amp; Caribbean Studies","description":"UW-Milwaukee","potentialAction":[{"@type":"SearchAction","target":{"@type":"EntryPoint","urlTemplate":"https:\/\/uwm.edu\/clacs\/?s={search_term_string}"},"query-input":{"@type":"PropertyValueSpecification","valueRequired":true,"valueName":"search_term_string"}}],"inLanguage":"en-US"}]}},"acf":[],"publishpress_future_action":{"enabled":false,"date":"2026-04-22 22:44:34","action":"change-status","newStatus":"draft","terms":[],"taxonomy":"","extraData":[]},"publishpress_future_workflow_manual_trigger":{"enabledWorkflows":[]},"_links":{"self":[{"href":"https:\/\/uwm.edu\/clacs\/wp-json\/wp\/v2\/pages\/1281","targetHints":{"allow":["GET"]}}],"collection":[{"href":"https:\/\/uwm.edu\/clacs\/wp-json\/wp\/v2\/pages"}],"about":[{"href":"https:\/\/uwm.edu\/clacs\/wp-json\/wp\/v2\/types\/page"}],"author":[{"embeddable":true,"href":"https:\/\/uwm.edu\/clacs\/wp-json\/wp\/v2\/users\/30"}],"replies":[{"embeddable":true,"href":"https:\/\/uwm.edu\/clacs\/wp-json\/wp\/v2\/comments?post=1281"}],"version-history":[{"count":8,"href":"https:\/\/uwm.edu\/clacs\/wp-json\/wp\/v2\/pages\/1281\/revisions"}],"predecessor-version":[{"id":10140,"href":"https:\/\/uwm.edu\/clacs\/wp-json\/wp\/v2\/pages\/1281\/revisions\/10140"}],"up":[{"embeddable":true,"href":"https:\/\/uwm.edu\/clacs\/wp-json\/wp\/v2\/pages\/714"}],"wp:attachment":[{"href":"https:\/\/uwm.edu\/clacs\/wp-json\/wp\/v2\/media?parent=1281"}],"curies":[{"name":"wp","href":"https:\/\/api.w.org\/{rel}","templated":true}]}}