  {"id":7343,"date":"2020-11-11T16:56:43","date_gmt":"2020-11-11T22:56:43","guid":{"rendered":"https:\/\/uwm.edu\/c21\/?page_id=7343"},"modified":"2026-01-28T16:35:48","modified_gmt":"2026-01-28T22:35:48","slug":"working-papers","status":"publish","type":"page","link":"https:\/\/uwm.edu\/c21\/publications\/past-publications\/working-papers\/","title":{"rendered":"Working Papers"},"content":{"rendered":"<p>From 1984 through 2011, the Center published a Working Papers series that provided scholars the ability to pre-publish their research.<\/p>\n<ul>\n<li>David S. Allen (51ÁÔÆæ), &#8220;From Parks to Free Speech Zones: Spatial Frameworks and the Regulation of American Dissent in Public Space&#8221; (2011)<\/li>\n<li>A. Aneesh (51ÁÔÆæ), &#8220;Bloody Language: Clashes and Constructions of Linguistic Nationalism in India&#8221; (2009)<\/li>\n<li>Arijit Sen (51ÁÔÆæ), &#8220;Past Knowing and Representational Practices: Visual Culture and the Social Production of Peoplehood&#8221; (2009)<\/li>\n<li>Edward S. Hinchman (51ÁÔÆæ), &#8220;Judging as Inviting Self-Trust&#8221; (2007)<\/li>\n<li>Julius Sensat (51ÁÔÆæ), &#8220;Rawlsian Justice and Estrangement: Insights from Hegel and Marx&#8221; (2007)<\/li>\n<li>Symposium Transcript, Past Knowing Future Knowledge: Archaeology and Museums in the 21st Century (2007)<\/li>\n<li>Derek Counts (51ÁÔÆæ), &#8220;Hybridity and Representation in an Ancient Mediterranean Context: The Cultures In-Between Cypriote Culture&#8221; (2006)<\/li>\n<li>Andrea C. Westlund (51ÁÔÆæ), &#8220;Love and the Sharing of Ends&#8221; (2005)<\/li>\n<li>Laird Boswell (UW-Madison), &#8220;Right-Wing Extremism in Frontier Regions: The French National Front and the Crisis of Alsatian Identity&#8221; (2005)<\/li>\n<li>Marc Ab\u00e9l\u00e8s (\u00c9cole des Hautes \u00c9tudes en Sciences Sociales), &#8220;Identity and Borders: An Anthropological Approach to EU Institutions&#8221; (2004)<\/li>\n<li>Peter Y. Paik (51ÁÔÆæ), &#8220;The Pessimist Rearmed: \u017di\u017eek on Christianity and Revolution&#8221; (2004)<\/li>\n<li>David S. Allen (51ÁÔÆæ), &#8220;Creating Meaning, Creating Citizens: The U.S. Supreme Court and the Control of Meaning in the Public Sphere&#8221; (2004)<\/li>\n<li>Seminar and Speak-Out on the War in Iraq\u00a0(2003)<\/li>\n<\/ul>\n<h2>Archived Working Papers: 1984-91<\/h2>\n<p>While not comprehensive, below is a list of working papers included in the Center&#8217;s physical archive. We will continue to update this list as our archive is digitized. Please contact the Center to get copies of these papers, or with additional queries.<\/p>\n<p><strong>1984-85<\/strong><\/p>\n<ul>\n<li>Mary Ann Doane (Brown), &#8220;&#8216;&#8230;When the Direction of the Force Acting on the Body is Changed&#8217;: The Moving Image,&#8221; Fall 1984<\/li>\n<li>Patricia Mellencamp (51ÁÔÆæ), &#8220;Receivable Texts: U.S. Avant-Garde Cinema, 1960-1982,&#8221; Fall 1984<\/li>\n<li>Herbert Blau (51ÁÔÆæ), &#8220;The Makeup of Memory in the Winter of Our Discontent,&#8221; Fall 1984<\/li>\n<li>William Kerrigan (U of Maryland), &#8220;Life&#8217;s Iamb: the Scansion of Late Creativity in the Culture of the Renaissance,&#8221; Fall 1984<\/li>\n<li>Ihab Hassan (51ÁÔÆæ), &#8220;Timely Pleasures: Sane and In-Sane,&#8221; Fall 1984<\/li>\n<li>Jane Gallop (Rice), &#8220;Reading Lacan&#8217;s Ecrits,&#8221; Fall 1984<\/li>\n<li>Ellie Ragland-Sullivan (U of Illinois at Chicago), &#8220;Counting From 0 to 6: Lacan and the Imaginary Order,&#8221; Fall 1984<\/li>\n<li>Tania Modleski (51ÁÔÆæ), &#8220;The Terror of Pleasure: The Contemporary Horror Film and Postmodern Theory,&#8221; Fall 1984<\/li>\n<\/ul>\n<p><strong>1985-86<\/strong><\/p>\n<ul>\n<li>Mary Russo (Hampshire), &#8220;Female Grotesques: Carnival and Theory,&#8221; Fall 1985<\/li>\n<li>Jessica Benjamin, &#8220;A Desire of One&#8217;s Own: Psychoanalytic Feminism and Intersubjective Space,&#8221; Fall 1985<\/li>\n<li>Mary Poovey (Swarthmore), &#8220;&#8216;Scenes of an Indelicate Character&#8217;: The Medical &#8216;Treatment&#8217; of Victorian Women,&#8221; Fall 1985<\/li>\n<li>Gabriele Schwab (51ÁÔÆæ), &#8220;Creative Paranoia and Frost Patterns of White Words: Making Sense in and of Thomas Pynchon&#8217;s Gravity&#8217;s Rainbow,&#8221; Fall 1985<\/li>\n<li>Margaret Morse (U of San Fransisco-Academy of Art), &#8220;The Television News Personality and Credibility: Reflections on the News in Transition,&#8221; Fall 1985<\/li>\n<li>John Pauly (51ÁÔÆæ), &#8220;Reflections on Writing a History of News as a Form of Mass Culture,&#8221; Fall 1985<\/li>\n<li>Bernard Gendron (51ÁÔÆæ), &#8220;Rock and Roll Mythology: Sex and Race in &#8216;Whole Lotta Shakin&#8217;,&#8221; Fall 1985<\/li>\n<\/ul>\n<p><strong>1986-87<\/strong><\/p>\n<ul>\n<li>Andreas Huyssen (Columbia), &#8220;Memory, Myth, and the Dream of Reason: Peter Weiss&#8217;s The Aesthetics of Resistance,&#8221; Fall 1986<\/li>\n<li>Jean Fran\u00e7ois Lyotard (Paris VIII), &#8220;Discussions, or Phrasing &#8216;after Auschwitz&#8217;,&#8221; Fall 1986<\/li>\n<li>Ackbar Abbas (U of Hong Kong), &#8220;Walter Benjamin&#8217;s Collector: The Fate of Modern Experience,&#8221; Fall 1986<\/li>\n<li>Miriam Gusevich (51ÁÔÆæ), &#8220;Purity and Transgession: Reflections on the Architectural Avantgarde&#8217;s Rejection of Kitsch,&#8221; Fall 1986<\/li>\n<li>Biddy Martin (Cornell), &#8220;Woman and Modernity: The [Life] Styles of Lou Andreas-Salom\u00e9,&#8221; Fall 1986<\/li>\n<li>Giovanna Borradori (Italy), &#8220;&#8216;Weak Thought&#8217; and the &#8216;Aesthetics of Quotationism&#8217;: The Italian Shift from Deconstruction,&#8221; Fall 1986<\/li>\n<li>Kathleen Woodward (51ÁÔÆæ), &#8220;The Look and the Gaze: Narcissism, Aggression, and Aging,&#8221; Fall 1986<\/li>\n<\/ul>\n<p><strong>1988-89<\/strong><\/p>\n<ul>\n<li>Gregory S. Jay (51ÁÔÆæ), &#8220;American Literature and the New Historicism: The Example of Frederick Douglass,&#8221; Fall 1988<\/li>\n<li>James Schwoch (Marquette), &#8220;Presenting the History of the Future: Television Advertising and Telecommunications Discourse in American Culture,&#8221; Fall 1988<\/li>\n<li>Lynn Worsham (51ÁÔÆæ), &#8220;Kenneth Burke&#8217;s Appendicitis,&#8221; Fall 1988<\/li>\n<li>Meaghan Morris (Australia), &#8220;Things to do with Shopping Centres,&#8221; Fall 1988<\/li>\n<li>Tom Moylan (UW Center-Waukesha County), &#8220;Rereading Religion: Ernst Bloch, Gustavo Gutierrez, and the Post-Modern Strategy of Liberation Theology,&#8221; Fall 1988<\/li>\n<li>John Carlos Rowe (UC Irvine), &#8220;&#8216;Bringing It All Back Home&#8217;: American Recyclings of the Vietnam War,&#8221; Fall 1988<\/li>\n<li>Han-liang Chang (National Taiwan U), &#8220;Hallucinating the Other: Derridean Fantasies of Chinese Script,&#8221; Fall 1988<\/li>\n<li>Patrice Petro (51ÁÔÆæ), &#8220;Weimar Photojournalism and the Female Reader,&#8221; Fall 1988<\/li>\n<li>Stephen Heath (Cambridge), &#8220;Representing Television,&#8221; Fall 1988<\/li>\n<li>Valie Export (51ÁÔÆæ \/ Austria), &#8220;The Real and Its Double: The Body,&#8221; Fall 1988<\/li>\n<li>Andrew Ross (Princeton), &#8220;Techno Ethics and Tele-Ethics: Three Lives in the Day of Max Headroom,&#8221; Fall 1988<\/li>\n<li>R\u00e9gis Durand (U of Lille), &#8220;How to See (Photographically),&#8221; Fall 1988<\/li>\n<\/ul>\n<p><strong>1989-90<\/strong><\/p>\n<ul>\n<li>Andrew Martin (51ÁÔÆæ), &#8220;Popular Culture\/Unpopular War: The Vietnam War in American Culture,&#8221; Fall-Winter 1989-90<\/li>\n<li>Jos\u00e9 David Sald\u00edvar (UC Santa Cruz), &#8220;Chicano Studies on the Border,&#8221; Fall-Winter 1989-90<\/li>\n<li>Lois Banner (USC), &#8220;The Meaning of Menopause: Aging and Its Historical Contexts in the Twentieth Century,&#8221; Fall-Winter 1989-90<\/li>\n<li>Ross Posnock (U of Washington), &#8220;Bourne, Dewey, Adorno: Reconciling Pragmatism and the Frankfurt School,&#8221; Fall-Winter 1989-90<\/li>\n<li>Margaret Soltan (George Washington), &#8220;The Artist&#8217;s Journey to the Interior Designer: Built Subjectivity in Contemporary Architectural Magazines,&#8221; Fall-Winter 1989-90<\/li>\n<li>Page Dubois (UC San Diego), &#8220;Torture, Slavery, and Truth in Ancient Athens,&#8221; Fall-Winter 1989-90<\/li>\n<li>Sandra Bartky (U of Illinois at Chicago), &#8220;Shame and Gender: Contribution to a Phenomenology of Oppression,&#8221; Fall-Winter 1989-90<\/li>\n<li>Lynne Joyrich (51ÁÔÆæ), &#8220;Television and the Cyborg Subject(ed),&#8221; Fall-Winter 1989-90<\/li>\n<li>Nancy Armstrong (Minnesota) and Leonard Tennenhouse (Minnesota), &#8220;The Interior Difference: A Brief Genealogy of Dreams, 1650-1717,&#8221; Fall-Winter 1989-90<\/li>\n<\/ul>\n<p><strong>1990-91<\/strong><\/p>\n<ul>\n<li>Robin Pickering-Iazzi (51ÁÔÆæ), &#8220;Unseduced Mothers: The Resisting Female Subject in Italian Culture of the Twenties and Thirties,&#8221; Fall-Winter 1990-91<\/li>\n<li>Juliana Schiesari (UC Davis), &#8220;Appropriating the Work of Women&#8217;s Mourning: The Legacy of Renaissance Melancholia,&#8221; Fall-Winter 1990-91<\/li>\n<li>Janis Hunter Jenkins (Case Western Reserve), &#8220;Culture and Depressive Affects: The Embodiment of Fear and Anxiety among Salvadoran Women Refugees,&#8221; Fall-Winter 1990-91<\/li>\n<li>Herbert Blau (51ÁÔÆæ), &#8220;The Surpassing Body,&#8221; Fall-Winter 1990-91<\/li>\n<li>Angela McRobbie (Ealing College of Higher Education), &#8220;New Times in Cultural Studies,&#8221; Fall-Winter 1990-91<\/li>\n<li>Margaret Atherton (51ÁÔÆæ), &#8220;Cartesian Reason and Gendered Reason,&#8221; Fall-Winter 1990-91<\/li>\n<li>Teresa de Lauretis (UC Santa Cruz), &#8220;Film and the Primal Fantasy &#8211; One More Time: On Sheila McLaughlin&#8217;s She Must Be Seeing Things,&#8221; Fall-Winter 1990-91<\/li>\n<li>Anthony Kubiak (Harvard), &#8220;Terror&#8217;s Theatre: A Post-Mortem Polemic,&#8221; Fall-Winter 1990-91<\/li>\n<li>Tara McPherson and Gareth Evans (51ÁÔÆæ), &#8220;Watch This Space: An Interview with Edward Soja,&#8221; Fall-Winter 1990-91<\/li>\n<li>Nancy Fraser (Northwestern), &#8220;Rethinking the Public Sphere: A Contribution to the Critique of Actually Existing Democracy,&#8221; Fall-Winter 1990-91<\/li>\n<li>David Wallace (U of Minnesota), &#8220;Carving Up Time and the World: Medieval-Renaissance Turf Wars; Historiography and Personal History,&#8221; Fall-Winter 1990-91<\/li>\n<\/ul>\n","protected":false},"excerpt":{"rendered":"<p>From 1984 through 2011, the Center published a Working Papers series that provided scholars the ability to pre-publish their research. David S. Allen (51ÁÔÆæ), &#8220;From Parks to Free Speech Zones: Spatial Frameworks and the Regulation of American Dissent in Public &hellip;<\/p>\n","protected":false},"author":13844,"featured_media":0,"parent":12202,"menu_order":2,"comment_status":"closed","ping_status":"closed","template":"","meta":{"_acf_changed":false,"_tec_requires_first_save":true,"_EventAllDay":false,"_EventTimezone":"","_EventStartDate":"","_EventEndDate":"","_EventStartDateUTC":"","_EventEndDateUTC":"","_EventShowMap":false,"_EventShowMapLink":false,"_EventURL":"","_EventCost":"","_EventCostDescription":"","_EventCurrencySymbol":"","_EventCurrencyCode":"","_EventCurrencyPosition":"","_EventDateTimeSeparator":"","_EventTimeRangeSeparator":"","_EventOrganizerID":[],"_EventVenueID":[],"_OrganizerEmail":"","_OrganizerPhone":"","_OrganizerWebsite":"","_VenueAddress":"","_VenueCity":"","_VenueCountry":"","_VenueProvince":"","_VenueState":"","_VenueZip":"","_VenuePhone":"","_VenueURL":"","_VenueStateProvince":"","_VenueLat":"","_VenueLng":"","_VenueShowMap":false,"_VenueShowMapLink":false,"_tribe_blocks_recurrence_rules":"","_tribe_blocks_recurrence_description":"","_tribe_blocks_recurrence_exclusions":"","footnotes":"","uwm_wg_additional_authors":[]},"class_list":["post-7343","page","type-page","status-publish","hentry"],"yoast_head":"<!-- This site is optimized with the Yoast SEO Premium plugin v27.3 (Yoast SEO v27.3) - https:\/\/yoast.com\/product\/yoast-seo-premium-wordpress\/ -->\n<title>Center for 21st Century Studies<\/title>\n<meta name=\"robots\" content=\"index, follow, max-snippet:-1, max-image-preview:large, max-video-preview:-1\" \/>\n<link rel=\"canonical\" href=\"https:\/\/uwm.edu\/c21\/publications\/past-publications\/working-papers\/\" \/>\n<meta property=\"og:locale\" content=\"en_US\" \/>\n<meta property=\"og:type\" content=\"article\" \/>\n<meta property=\"og:title\" content=\"Working Papers\" \/>\n<meta property=\"og:description\" content=\"From 1984 through 2011, the Center published a Working Papers series that provided scholars the ability to pre-publish their research. David S. Allen (51ÁÔÆæ), &#8220;From Parks to Free Speech Zones: Spatial Frameworks and the Regulation of American Dissent in Public &hellip;\" \/>\n<meta property=\"og:url\" content=\"https:\/\/uwm.edu\/c21\/publications\/past-publications\/working-papers\/\" \/>\n<meta property=\"og:site_name\" content=\"Center for 21st Century Studies\" \/>\n<meta property=\"article:modified_time\" content=\"2026-01-28T22:35:48+00:00\" \/>\n<meta name=\"twitter:card\" content=\"summary_large_image\" \/>\n<meta name=\"twitter:label1\" content=\"Est. reading time\" \/>\n\t<meta name=\"twitter:data1\" content=\"5 minutes\" \/>\n<script type=\"application\/ld+json\" class=\"yoast-schema-graph\">{\"@context\":\"https:\\\/\\\/schema.org\",\"@graph\":[{\"@type\":\"WebPage\",\"@id\":\"https:\\\/\\\/uwm.edu\\\/c21\\\/publications\\\/past-publications\\\/working-papers\\\/\",\"url\":\"https:\\\/\\\/uwm.edu\\\/c21\\\/publications\\\/past-publications\\\/working-papers\\\/\",\"name\":\"Working Papers - Center for 21st Century Studies\",\"isPartOf\":{\"@id\":\"https:\\\/\\\/uwm.edu\\\/c21\\\/#website\"},\"datePublished\":\"2020-11-11T22:56:43+00:00\",\"dateModified\":\"2026-01-28T22:35:48+00:00\",\"breadcrumb\":{\"@id\":\"https:\\\/\\\/uwm.edu\\\/c21\\\/publications\\\/past-publications\\\/working-papers\\\/#breadcrumb\"},\"inLanguage\":\"en-US\",\"potentialAction\":[{\"@type\":\"ReadAction\",\"target\":[\"https:\\\/\\\/uwm.edu\\\/c21\\\/publications\\\/past-publications\\\/working-papers\\\/\"]}]},{\"@type\":\"BreadcrumbList\",\"@id\":\"https:\\\/\\\/uwm.edu\\\/c21\\\/publications\\\/past-publications\\\/working-papers\\\/#breadcrumb\",\"itemListElement\":[{\"@type\":\"ListItem\",\"position\":1,\"name\":\"Home\",\"item\":\"https:\\\/\\\/uwm.edu\\\/c21\\\/\"},{\"@type\":\"ListItem\",\"position\":2,\"name\":\"Publications\",\"item\":\"https:\\\/\\\/uwm.edu\\\/c21\\\/publications\\\/\"},{\"@type\":\"ListItem\",\"position\":3,\"name\":\"Past Publications\",\"item\":\"https:\\\/\\\/uwm.edu\\\/c21\\\/publications\\\/past-publications\\\/\"},{\"@type\":\"ListItem\",\"position\":4,\"name\":\"Working Papers\"}]},{\"@type\":\"WebSite\",\"@id\":\"https:\\\/\\\/uwm.edu\\\/c21\\\/#website\",\"url\":\"https:\\\/\\\/uwm.edu\\\/c21\\\/\",\"name\":\"Center for 21st Century Studies\",\"description\":\"College of Letters &amp; Science\",\"publisher\":{\"@id\":\"https:\\\/\\\/uwm.edu\\\/c21\\\/#organization\"},\"potentialAction\":[{\"@type\":\"SearchAction\",\"target\":{\"@type\":\"EntryPoint\",\"urlTemplate\":\"https:\\\/\\\/uwm.edu\\\/c21\\\/?s={search_term_string}\"},\"query-input\":{\"@type\":\"PropertyValueSpecification\",\"valueRequired\":true,\"valueName\":\"search_term_string\"}}],\"inLanguage\":\"en-US\"},{\"@type\":\"Organization\",\"@id\":\"https:\\\/\\\/uwm.edu\\\/c21\\\/#organization\",\"name\":\"Center for 21st Century Studies\",\"url\":\"https:\\\/\\\/uwm.edu\\\/c21\\\/\",\"logo\":{\"@type\":\"ImageObject\",\"inLanguage\":\"en-US\",\"@id\":\"https:\\\/\\\/uwm.edu\\\/c21\\\/#\\\/schema\\\/logo\\\/image\\\/\",\"url\":\"https:\\\/\\\/uwm.edu\\\/c21\\\/wp-content\\\/uploads\\\/sites\\\/359\\\/2025\\\/08\\\/Logo-with-white-back-and-no-border-e1754601293707.jpg\",\"contentUrl\":\"https:\\\/\\\/uwm.edu\\\/c21\\\/wp-content\\\/uploads\\\/sites\\\/359\\\/2025\\\/08\\\/Logo-with-white-back-and-no-border-e1754601293707.jpg\",\"width\":423,\"height\":600,\"caption\":\"Center for 21st Century Studies\"},\"image\":{\"@id\":\"https:\\\/\\\/uwm.edu\\\/c21\\\/#\\\/schema\\\/logo\\\/image\\\/\"}}]}<\/script>\n<!-- \/ Yoast SEO Premium plugin. -->","yoast_head_json":{"title":"Center for 21st Century Studies","robots":{"index":"index","follow":"follow","max-snippet":"max-snippet:-1","max-image-preview":"max-image-preview:large","max-video-preview":"max-video-preview:-1"},"canonical":"https:\/\/uwm.edu\/c21\/publications\/past-publications\/working-papers\/","og_locale":"en_US","og_type":"article","og_title":"Working Papers","og_description":"From 1984 through 2011, the Center published a Working Papers series that provided scholars the ability to pre-publish their research. David S. Allen (51ÁÔÆæ), &#8220;From Parks to Free Speech Zones: Spatial Frameworks and the Regulation of American Dissent in Public &hellip;","og_url":"https:\/\/uwm.edu\/c21\/publications\/past-publications\/working-papers\/","og_site_name":"Center for 21st Century Studies","article_modified_time":"2026-01-28T22:35:48+00:00","twitter_card":"summary_large_image","twitter_misc":{"Est. reading time":"5 minutes"},"schema":{"@context":"https:\/\/schema.org","@graph":[{"@type":"WebPage","@id":"https:\/\/uwm.edu\/c21\/publications\/past-publications\/working-papers\/","url":"https:\/\/uwm.edu\/c21\/publications\/past-publications\/working-papers\/","name":"Working Papers - Center for 21st Century Studies","isPartOf":{"@id":"https:\/\/uwm.edu\/c21\/#website"},"datePublished":"2020-11-11T22:56:43+00:00","dateModified":"2026-01-28T22:35:48+00:00","breadcrumb":{"@id":"https:\/\/uwm.edu\/c21\/publications\/past-publications\/working-papers\/#breadcrumb"},"inLanguage":"en-US","potentialAction":[{"@type":"ReadAction","target":["https:\/\/uwm.edu\/c21\/publications\/past-publications\/working-papers\/"]}]},{"@type":"BreadcrumbList","@id":"https:\/\/uwm.edu\/c21\/publications\/past-publications\/working-papers\/#breadcrumb","itemListElement":[{"@type":"ListItem","position":1,"name":"Home","item":"https:\/\/uwm.edu\/c21\/"},{"@type":"ListItem","position":2,"name":"Publications","item":"https:\/\/uwm.edu\/c21\/publications\/"},{"@type":"ListItem","position":3,"name":"Past Publications","item":"https:\/\/uwm.edu\/c21\/publications\/past-publications\/"},{"@type":"ListItem","position":4,"name":"Working Papers"}]},{"@type":"WebSite","@id":"https:\/\/uwm.edu\/c21\/#website","url":"https:\/\/uwm.edu\/c21\/","name":"Center for 21st Century Studies","description":"College of Letters &amp; Science","publisher":{"@id":"https:\/\/uwm.edu\/c21\/#organization"},"potentialAction":[{"@type":"SearchAction","target":{"@type":"EntryPoint","urlTemplate":"https:\/\/uwm.edu\/c21\/?s={search_term_string}"},"query-input":{"@type":"PropertyValueSpecification","valueRequired":true,"valueName":"search_term_string"}}],"inLanguage":"en-US"},{"@type":"Organization","@id":"https:\/\/uwm.edu\/c21\/#organization","name":"Center for 21st Century Studies","url":"https:\/\/uwm.edu\/c21\/","logo":{"@type":"ImageObject","inLanguage":"en-US","@id":"https:\/\/uwm.edu\/c21\/#\/schema\/logo\/image\/","url":"https:\/\/uwm.edu\/c21\/wp-content\/uploads\/sites\/359\/2025\/08\/Logo-with-white-back-and-no-border-e1754601293707.jpg","contentUrl":"https:\/\/uwm.edu\/c21\/wp-content\/uploads\/sites\/359\/2025\/08\/Logo-with-white-back-and-no-border-e1754601293707.jpg","width":423,"height":600,"caption":"Center for 21st Century Studies"},"image":{"@id":"https:\/\/uwm.edu\/c21\/#\/schema\/logo\/image\/"}}]}},"acf":[],"_links":{"self":[{"href":"https:\/\/uwm.edu\/c21\/wp-json\/wp\/v2\/pages\/7343","targetHints":{"allow":["GET"]}}],"collection":[{"href":"https:\/\/uwm.edu\/c21\/wp-json\/wp\/v2\/pages"}],"about":[{"href":"https:\/\/uwm.edu\/c21\/wp-json\/wp\/v2\/types\/page"}],"author":[{"embeddable":true,"href":"https:\/\/uwm.edu\/c21\/wp-json\/wp\/v2\/users\/13844"}],"replies":[{"embeddable":true,"href":"https:\/\/uwm.edu\/c21\/wp-json\/wp\/v2\/comments?post=7343"}],"version-history":[{"count":10,"href":"https:\/\/uwm.edu\/c21\/wp-json\/wp\/v2\/pages\/7343\/revisions"}],"predecessor-version":[{"id":9814,"href":"https:\/\/uwm.edu\/c21\/wp-json\/wp\/v2\/pages\/7343\/revisions\/9814"}],"up":[{"embeddable":true,"href":"https:\/\/uwm.edu\/c21\/wp-json\/wp\/v2\/pages\/12202"}],"wp:attachment":[{"href":"https:\/\/uwm.edu\/c21\/wp-json\/wp\/v2\/media?parent=7343"}],"curies":[{"name":"wp","href":"https:\/\/api.w.org\/{rel}","templated":true}]}}