  {"id":1693,"date":"2017-12-07T10:02:35","date_gmt":"2017-12-07T16:02:35","guid":{"rendered":"https:\/\/uwm.edu\/c21\/?page_id=1693"},"modified":"2025-10-19T19:23:09","modified_gmt":"2025-10-20T00:23:09","slug":"visual-culture-film-photography-history","status":"publish","type":"page","link":"https:\/\/uwm.edu\/c21\/visual-culture-film-photography-history\/","title":{"rendered":"Visual Culture: Film\/Photography\/History"},"content":{"rendered":"<figure id=\"attachment_5556\" aria-describedby=\"caption-attachment-5556\" style=\"width: 228px\" class=\"wp-caption alignright\"><a href=\"https:\/\/uwm.edu\/c21\/wp-content\/uploads\/sites\/359\/2020\/01\/Before-Hollywood-Screening-4.21.92-Flyer-web.jpg\"><img loading=\"lazy\" decoding=\"async\" class=\"size-medium wp-image-5556\" src=\"https:\/\/uwm.edu\/c21\/wp-content\/uploads\/sites\/359\/2020\/01\/Before-Hollywood-Screening-4.21.92-Flyer-web-228x300.jpg\" alt=\"\" width=\"228\" height=\"300\" srcset=\"https:\/\/uwm.edu\/c21\/wp-content\/uploads\/sites\/359\/2020\/01\/Before-Hollywood-Screening-4.21.92-Flyer-web-228x300.jpg 228w, https:\/\/uwm.edu\/c21\/wp-content\/uploads\/sites\/359\/2020\/01\/Before-Hollywood-Screening-4.21.92-Flyer-web.jpg 607w\" sizes=\"auto, (max-width: 228px) 100vw, 228px\" \/><\/a><figcaption id=\"caption-attachment-5556\" class=\"wp-caption-text\">Screenings that kicked off the Visual Culture Conference<\/figcaption><\/figure>\n<p>April 23-25, 1992<\/p>\n<p><em>with Herbert Blau, Edward Buscombe, Philippe Dubois, Tom Gunning, Miriam Hansen, Lynne Kirby, Patricia Mellencamp, Patrice Petro, Griselda Pollock, Eric Rentschler, Allan Sekula, Abigail Solomon-Godeau, Sally Stein, John Tagg, Linda Williams, and Charles Wolfe<\/em><\/p>\n<p>This conference explored the relationships among film, photography, and historical changes in modes of looking and perception. It was the first film conference held at the Center since 1982. The book, <em>Fugitive Images: From Photography to Video<\/em> emerged as a result of this conference.<\/p>\n<figure id=\"attachment_1696\" aria-describedby=\"caption-attachment-1696\" style=\"width: 400px\" class=\"wp-caption alignnone\"><a href=\"https:\/\/uwm.edu\/c21\/wp-content\/uploads\/sites\/359\/2017\/12\/vc1.jpg\"><img loading=\"lazy\" decoding=\"async\" class=\"size-full wp-image-1696\" src=\"https:\/\/uwm.edu\/c21\/wp-content\/uploads\/sites\/359\/2017\/12\/vc1.jpg\" alt=\"photo of Eric Rentschler and Patrice Petro\" width=\"400\" height=\"252\" srcset=\"https:\/\/uwm.edu\/c21\/wp-content\/uploads\/sites\/359\/2017\/12\/vc1.jpg 400w, https:\/\/uwm.edu\/c21\/wp-content\/uploads\/sites\/359\/2017\/12\/vc1-300x189.jpg 300w\" sizes=\"auto, (max-width: 400px) 100vw, 400px\" \/><\/a><figcaption id=\"caption-attachment-1696\" class=\"wp-caption-text\">Eric Rentschler (UC-Irvine) and Patrice Petro (51ÁÔÆæ)<\/figcaption><\/figure>\n<p><strong>Thursday, April 23<\/strong><\/p>\n<p>2:00 &#8211; 2:30 pm<br \/>\nWelcome: <strong>Kathleen Woodward<\/strong> (51ÁÔÆæ)<\/p>\n<p><em>Histories of Looking: Theories of Perception<\/em><\/p>\n<p>2:30 &#8211; 3:30 pm<br \/>\n<strong>Linda Williams<\/strong> (UC-Irvine)<\/p>\n<p>4:00 &#8211; 6:00 pm<br \/>\n<strong>Tom Gunning<\/strong> (SUNY-Purchase)<\/p>\n<p>6:00 pm<br \/>\nReception<\/p>\n<p>8:00 &#8211; 9:30 pm<br \/>\n<strong>Griselda Pollock<\/strong> (University of Leeds)<\/p>\n<figure id=\"attachment_1697\" aria-describedby=\"caption-attachment-1697\" style=\"width: 400px\" class=\"wp-caption alignnone\"><a href=\"https:\/\/uwm.edu\/c21\/wp-content\/uploads\/sites\/359\/2017\/12\/vc3.jpg\"><img loading=\"lazy\" decoding=\"async\" class=\"size-full wp-image-1697\" src=\"https:\/\/uwm.edu\/c21\/wp-content\/uploads\/sites\/359\/2017\/12\/vc3.jpg\" alt=\"photo of Kathleen Woodward, Coco Fusco, Patrice Petro, Patricia Mellencamp, Tracey Moffat, Carol Tennessen\" width=\"400\" height=\"312\" srcset=\"https:\/\/uwm.edu\/c21\/wp-content\/uploads\/sites\/359\/2017\/12\/vc3.jpg 400w, https:\/\/uwm.edu\/c21\/wp-content\/uploads\/sites\/359\/2017\/12\/vc3-300x234.jpg 300w\" sizes=\"auto, (max-width: 400px) 100vw, 400px\" \/><\/a><figcaption id=\"caption-attachment-1697\" class=\"wp-caption-text\">(back l-r) Kathleen Woodward, Coco Fusco, Patrice Petro, Patricia Mellencamp, (front l-r) Tracey Moffat, Carol Tennessen<\/figcaption><\/figure>\n<p><strong>Friday, April 24<\/strong><\/p>\n<p><em>Visual Economies<\/em><\/p>\n<p>10:00 am &#8211; 12:00<br \/>\n<strong>Allan Sekula<\/strong> (California Institute of Art)<br \/>\n<strong>Herbert Blau<\/strong> (51ÁÔÆæ)<\/p>\n<p>1:30 &#8211; 3:00 pm<br \/>\n<strong>Philippe Dubois<\/strong> (Universit\u00e9 de Li\u00e8ge, Universit\u00e9 de Paris III)<\/p>\n<figure id=\"attachment_6051\" aria-describedby=\"caption-attachment-6051\" style=\"width: 223px\" class=\"wp-caption alignright\"><a href=\"https:\/\/uwm.edu\/c21\/wp-content\/uploads\/sites\/359\/2020\/02\/Film-Screening-4.24.92-Flyer-web-1.jpg\" rel=\"noopener noreferrer\" target=\"_blank\"><img loading=\"lazy\" decoding=\"async\" class=\"wp-image-6051 size-medium\" src=\"https:\/\/uwm.edu\/c21\/wp-content\/uploads\/sites\/359\/2020\/02\/Film-Screening-4.24.92-Flyer-web-1-223x300.jpg\" alt=\"\" width=\"223\" height=\"300\" srcset=\"https:\/\/uwm.edu\/c21\/wp-content\/uploads\/sites\/359\/2020\/02\/Film-Screening-4.24.92-Flyer-web-1-223x300.jpg 223w, https:\/\/uwm.edu\/c21\/wp-content\/uploads\/sites\/359\/2020\/02\/Film-Screening-4.24.92-Flyer-web-1-760x1024.jpg 760w, https:\/\/uwm.edu\/c21\/wp-content\/uploads\/sites\/359\/2020\/02\/Film-Screening-4.24.92-Flyer-web-1-768x1035.jpg 768w, https:\/\/uwm.edu\/c21\/wp-content\/uploads\/sites\/359\/2020\/02\/Film-Screening-4.24.92-Flyer-web-1.jpg 800w\" sizes=\"auto, (max-width: 223px) 100vw, 223px\" \/><\/a><figcaption id=\"caption-attachment-6051\" class=\"wp-caption-text\">Film Screenings Program<\/figcaption><\/figure>\n<p><em>Disputed Histories<\/em><\/p>\n<p>3:30 &#8211; 5:30 pm<br \/>\n<strong>Sally Stein<\/strong> (UC-Irvine)<br \/>\n<strong>Charles Wolfe<\/strong> (UC-Santa Barbara)<br \/>\n<strong>Patricia Mellencamp<\/strong> (51ÁÔÆæ)<\/p>\n<p>7:00 &#8211; 9:30 pm<br \/>\nScreening of films by <strong>Tracey Moffat<\/strong> (Australia)<br \/>\nand <strong>Laleen Jayamanne<\/strong> (Sri Lanka)<\/p>\n<figure id=\"attachment_1698\" aria-describedby=\"caption-attachment-1698\" style=\"width: 400px\" class=\"wp-caption alignnone\"><a href=\"https:\/\/uwm.edu\/c21\/wp-content\/uploads\/sites\/359\/2017\/12\/vc28.jpg\"><img loading=\"lazy\" decoding=\"async\" class=\"size-full wp-image-1698\" src=\"https:\/\/uwm.edu\/c21\/wp-content\/uploads\/sites\/359\/2017\/12\/vc28.jpg\" alt=\"Linda Williams photo\" width=\"400\" height=\"258\" srcset=\"https:\/\/uwm.edu\/c21\/wp-content\/uploads\/sites\/359\/2017\/12\/vc28.jpg 400w, https:\/\/uwm.edu\/c21\/wp-content\/uploads\/sites\/359\/2017\/12\/vc28-300x194.jpg 300w\" sizes=\"auto, (max-width: 400px) 100vw, 400px\" \/><\/a><figcaption id=\"caption-attachment-1698\" class=\"wp-caption-text\">Linda Williams (UC-Irvine)<\/figcaption><\/figure>\n<p><strong>Saturday, April 25<\/strong><\/p>\n<p><em>Anatomies of the Visible<\/em><\/p>\n<p>10:00 am &#8211; 12:00 pm<br \/>\n<strong>Abigail Solomon-Godeau<\/strong> (UC-Santa Barbara)<br \/>\n<strong>Lynne Kirby<\/strong> (Independent Television Service)<\/p>\n<p><em>Imagining the Nation<\/em><\/p>\n<p>1:30 &#8211; 3:30 pm<br \/>\n<strong>Eric Rentschler<\/strong> (UC-Irvine)<br \/>\n<strong>Edward Buscombe<\/strong> (British Film Institute)<\/p>\n<p><em>Negativity and History (between Photography and Historiograghy)<\/em><\/p>\n<p>4:00 &#8211; 6:00 pm<br \/>\n<strong>John Tagg<\/strong> (SUNY-Binghampton)<br \/>\n<strong>Miriam Hansen<\/strong> (University of Chicago)<\/p>\n<figure id=\"attachment_1699\" aria-describedby=\"caption-attachment-1699\" style=\"width: 400px\" class=\"wp-caption alignnone\"><a href=\"https:\/\/uwm.edu\/c21\/wp-content\/uploads\/sites\/359\/2017\/12\/vc27.jpg\"><img loading=\"lazy\" decoding=\"async\" class=\"size-full wp-image-1699\" src=\"https:\/\/uwm.edu\/c21\/wp-content\/uploads\/sites\/359\/2017\/12\/vc27.jpg\" alt=\"Philippe Dubois photo\" width=\"400\" height=\"302\" srcset=\"https:\/\/uwm.edu\/c21\/wp-content\/uploads\/sites\/359\/2017\/12\/vc27.jpg 400w, https:\/\/uwm.edu\/c21\/wp-content\/uploads\/sites\/359\/2017\/12\/vc27-300x227.jpg 300w\" sizes=\"auto, (max-width: 400px) 100vw, 400px\" \/><\/a><figcaption id=\"caption-attachment-1699\" class=\"wp-caption-text\">Philippe Dubois (Universit\u00e9 de Li\u00e8ge, Universit\u00e9 de Paris III)<\/figcaption><\/figure>\n<p>Discussants:\u00a0Dudley Andrew, Ben Brewster, Eduardo Cadava, Lea Jacobs, Andrew Martin, Linda Mizejewski, Roswitha Mueller<\/p>\n<figure id=\"attachment_1700\" aria-describedby=\"caption-attachment-1700\" style=\"width: 400px\" class=\"wp-caption alignnone\"><a href=\"https:\/\/uwm.edu\/c21\/wp-content\/uploads\/sites\/359\/2017\/12\/vc13.jpg\"><img loading=\"lazy\" decoding=\"async\" class=\"size-full wp-image-1700\" src=\"https:\/\/uwm.edu\/c21\/wp-content\/uploads\/sites\/359\/2017\/12\/vc13.jpg\" alt=\"photo of Connie Ballides and Lynne Worshaw\" width=\"400\" height=\"267\" srcset=\"https:\/\/uwm.edu\/c21\/wp-content\/uploads\/sites\/359\/2017\/12\/vc13.jpg 400w, https:\/\/uwm.edu\/c21\/wp-content\/uploads\/sites\/359\/2017\/12\/vc13-300x200.jpg 300w\" sizes=\"auto, (max-width: 400px) 100vw, 400px\" \/><\/a><figcaption id=\"caption-attachment-1700\" class=\"wp-caption-text\">Connie Ballides (Uline Fellow) and Lynne Worshaw<\/figcaption><\/figure>\n<p>Conference Organizer: Patrice Petro (51ÁÔÆæ)<br \/>\nConference Coordinator: Carol Tennessen (51ÁÔÆæ)<\/p>\n<figure id=\"attachment_1701\" aria-describedby=\"caption-attachment-1701\" style=\"width: 400px\" class=\"wp-caption alignnone\"><a href=\"https:\/\/uwm.edu\/c21\/wp-content\/uploads\/sites\/359\/2017\/12\/vc4.jpg\"><img loading=\"lazy\" decoding=\"async\" class=\"size-full wp-image-1701\" src=\"https:\/\/uwm.edu\/c21\/wp-content\/uploads\/sites\/359\/2017\/12\/vc4.jpg\" alt=\"photo Jamie Owen Daniel and Herbert Blau\" width=\"400\" height=\"260\" srcset=\"https:\/\/uwm.edu\/c21\/wp-content\/uploads\/sites\/359\/2017\/12\/vc4.jpg 400w, https:\/\/uwm.edu\/c21\/wp-content\/uploads\/sites\/359\/2017\/12\/vc4-300x195.jpg 300w\" sizes=\"auto, (max-width: 400px) 100vw, 400px\" \/><\/a><figcaption id=\"caption-attachment-1701\" class=\"wp-caption-text\">Jamie Owen Daniel and Herbert Blau<\/figcaption><\/figure>\n","protected":false},"excerpt":{"rendered":"<p>April 23-25, 1992 with Herbert Blau, Edward Buscombe, Philippe Dubois, Tom Gunning, Miriam Hansen, Lynne Kirby, Patricia Mellencamp, Patrice Petro, Griselda Pollock, Eric Rentschler, Allan Sekula, Abigail Solomon-Godeau, Sally Stein, John Tagg, Linda Williams, and Charles Wolfe This conference explored &hellip;<\/p>\n","protected":false},"author":690,"featured_media":0,"parent":0,"menu_order":22,"comment_status":"closed","ping_status":"closed","template":"","meta":{"_acf_changed":false,"_tec_requires_first_save":true,"_EventAllDay":false,"_EventTimezone":"","_EventStartDate":"","_EventEndDate":"","_EventStartDateUTC":"","_EventEndDateUTC":"","_EventShowMap":false,"_EventShowMapLink":false,"_EventURL":"","_EventCost":"","_EventCostDescription":"","_EventCurrencySymbol":"","_EventCurrencyCode":"","_EventCurrencyPosition":"","_EventDateTimeSeparator":"","_EventTimeRangeSeparator":"","_EventOrganizerID":[],"_EventVenueID":[],"_OrganizerEmail":"","_OrganizerPhone":"","_OrganizerWebsite":"","_VenueAddress":"","_VenueCity":"","_VenueCountry":"","_VenueProvince":"","_VenueState":"","_VenueZip":"","_VenuePhone":"","_VenueURL":"","_VenueStateProvince":"","_VenueLat":"","_VenueLng":"","_VenueShowMap":false,"_VenueShowMapLink":false,"_tribe_blocks_recurrence_rules":"","_tribe_blocks_recurrence_description":"","_tribe_blocks_recurrence_exclusions":"","footnotes":"","uwm_wg_additional_authors":[]},"class_list":["post-1693","page","type-page","status-publish","hentry"],"yoast_head":"<!-- This site is optimized with the Yoast SEO Premium plugin v27.3 (Yoast SEO v27.3) - https:\/\/yoast.com\/product\/yoast-seo-premium-wordpress\/ -->\n<title>Center for 21st Century Studies<\/title>\n<meta name=\"robots\" content=\"index, follow, max-snippet:-1, max-image-preview:large, max-video-preview:-1\" \/>\n<link rel=\"canonical\" href=\"https:\/\/uwm.edu\/c21\/visual-culture-film-photography-history\/\" \/>\n<meta property=\"og:locale\" content=\"en_US\" \/>\n<meta property=\"og:type\" content=\"article\" \/>\n<meta property=\"og:title\" content=\"Visual Culture: Film\/Photography\/History\" \/>\n<meta property=\"og:description\" content=\"April 23-25, 1992 with Herbert Blau, Edward Buscombe, Philippe Dubois, Tom Gunning, Miriam Hansen, Lynne Kirby, Patricia Mellencamp, Patrice Petro, Griselda Pollock, Eric Rentschler, Allan Sekula, Abigail Solomon-Godeau, Sally Stein, John Tagg, Linda Williams, and Charles Wolfe This conference explored &hellip;\" \/>\n<meta property=\"og:url\" content=\"https:\/\/uwm.edu\/c21\/visual-culture-film-photography-history\/\" \/>\n<meta property=\"og:site_name\" content=\"Center for 21st Century Studies\" \/>\n<meta property=\"article:modified_time\" content=\"2025-10-20T00:23:09+00:00\" \/>\n<meta property=\"og:image\" content=\"https:\/\/uwm.edu\/c21\/wp-content\/uploads\/sites\/359\/2020\/01\/Before-Hollywood-Screening-4.21.92-Flyer-web.jpg\" \/>\n\t<meta property=\"og:image:width\" content=\"607\" \/>\n\t<meta property=\"og:image:height\" content=\"800\" \/>\n\t<meta property=\"og:image:type\" content=\"image\/jpeg\" \/>\n<meta name=\"twitter:card\" content=\"summary_large_image\" \/>\n<meta name=\"twitter:label1\" content=\"Est. reading time\" \/>\n\t<meta name=\"twitter:data1\" content=\"2 minutes\" \/>\n<script type=\"application\/ld+json\" class=\"yoast-schema-graph\">{\"@context\":\"https:\\\/\\\/schema.org\",\"@graph\":[{\"@type\":\"WebPage\",\"@id\":\"https:\\\/\\\/uwm.edu\\\/c21\\\/visual-culture-film-photography-history\\\/\",\"url\":\"https:\\\/\\\/uwm.edu\\\/c21\\\/visual-culture-film-photography-history\\\/\",\"name\":\"Visual Culture: Film\\\/Photography\\\/History - Center for 21st Century Studies\",\"isPartOf\":{\"@id\":\"https:\\\/\\\/uwm.edu\\\/c21\\\/#website\"},\"primaryImageOfPage\":{\"@id\":\"https:\\\/\\\/uwm.edu\\\/c21\\\/visual-culture-film-photography-history\\\/#primaryimage\"},\"image\":{\"@id\":\"https:\\\/\\\/uwm.edu\\\/c21\\\/visual-culture-film-photography-history\\\/#primaryimage\"},\"thumbnailUrl\":\"https:\\\/\\\/uwm.edu\\\/c21\\\/wp-content\\\/uploads\\\/sites\\\/359\\\/2020\\\/01\\\/Before-Hollywood-Screening-4.21.92-Flyer-web-228x300.jpg\",\"datePublished\":\"2017-12-07T16:02:35+00:00\",\"dateModified\":\"2025-10-20T00:23:09+00:00\",\"breadcrumb\":{\"@id\":\"https:\\\/\\\/uwm.edu\\\/c21\\\/visual-culture-film-photography-history\\\/#breadcrumb\"},\"inLanguage\":\"en-US\",\"potentialAction\":[{\"@type\":\"ReadAction\",\"target\":[\"https:\\\/\\\/uwm.edu\\\/c21\\\/visual-culture-film-photography-history\\\/\"]}]},{\"@type\":\"ImageObject\",\"inLanguage\":\"en-US\",\"@id\":\"https:\\\/\\\/uwm.edu\\\/c21\\\/visual-culture-film-photography-history\\\/#primaryimage\",\"url\":\"https:\\\/\\\/uwm.edu\\\/c21\\\/wp-content\\\/uploads\\\/sites\\\/359\\\/2020\\\/01\\\/Before-Hollywood-Screening-4.21.92-Flyer-web.jpg\",\"contentUrl\":\"https:\\\/\\\/uwm.edu\\\/c21\\\/wp-content\\\/uploads\\\/sites\\\/359\\\/2020\\\/01\\\/Before-Hollywood-Screening-4.21.92-Flyer-web.jpg\",\"width\":607,\"height\":800,\"caption\":\"Screenings that kicked off the Visual Culture Conference\"},{\"@type\":\"BreadcrumbList\",\"@id\":\"https:\\\/\\\/uwm.edu\\\/c21\\\/visual-culture-film-photography-history\\\/#breadcrumb\",\"itemListElement\":[{\"@type\":\"ListItem\",\"position\":1,\"name\":\"Home\",\"item\":\"https:\\\/\\\/uwm.edu\\\/c21\\\/\"},{\"@type\":\"ListItem\",\"position\":2,\"name\":\"Visual Culture: Film\\\/Photography\\\/History\"}]},{\"@type\":\"WebSite\",\"@id\":\"https:\\\/\\\/uwm.edu\\\/c21\\\/#website\",\"url\":\"https:\\\/\\\/uwm.edu\\\/c21\\\/\",\"name\":\"Center for 21st Century Studies\",\"description\":\"College of Letters &amp; Science\",\"publisher\":{\"@id\":\"https:\\\/\\\/uwm.edu\\\/c21\\\/#organization\"},\"potentialAction\":[{\"@type\":\"SearchAction\",\"target\":{\"@type\":\"EntryPoint\",\"urlTemplate\":\"https:\\\/\\\/uwm.edu\\\/c21\\\/?s={search_term_string}\"},\"query-input\":{\"@type\":\"PropertyValueSpecification\",\"valueRequired\":true,\"valueName\":\"search_term_string\"}}],\"inLanguage\":\"en-US\"},{\"@type\":\"Organization\",\"@id\":\"https:\\\/\\\/uwm.edu\\\/c21\\\/#organization\",\"name\":\"Center for 21st Century Studies\",\"url\":\"https:\\\/\\\/uwm.edu\\\/c21\\\/\",\"logo\":{\"@type\":\"ImageObject\",\"inLanguage\":\"en-US\",\"@id\":\"https:\\\/\\\/uwm.edu\\\/c21\\\/#\\\/schema\\\/logo\\\/image\\\/\",\"url\":\"https:\\\/\\\/uwm.edu\\\/c21\\\/wp-content\\\/uploads\\\/sites\\\/359\\\/2025\\\/08\\\/Logo-with-white-back-and-no-border-e1754601293707.jpg\",\"contentUrl\":\"https:\\\/\\\/uwm.edu\\\/c21\\\/wp-content\\\/uploads\\\/sites\\\/359\\\/2025\\\/08\\\/Logo-with-white-back-and-no-border-e1754601293707.jpg\",\"width\":423,\"height\":600,\"caption\":\"Center for 21st Century Studies\"},\"image\":{\"@id\":\"https:\\\/\\\/uwm.edu\\\/c21\\\/#\\\/schema\\\/logo\\\/image\\\/\"}}]}<\/script>\n<!-- \/ Yoast SEO Premium plugin. -->","yoast_head_json":{"title":"Center for 21st Century Studies","robots":{"index":"index","follow":"follow","max-snippet":"max-snippet:-1","max-image-preview":"max-image-preview:large","max-video-preview":"max-video-preview:-1"},"canonical":"https:\/\/uwm.edu\/c21\/visual-culture-film-photography-history\/","og_locale":"en_US","og_type":"article","og_title":"Visual Culture: Film\/Photography\/History","og_description":"April 23-25, 1992 with Herbert Blau, Edward Buscombe, Philippe Dubois, Tom Gunning, Miriam Hansen, Lynne Kirby, Patricia Mellencamp, Patrice Petro, Griselda Pollock, Eric Rentschler, Allan Sekula, Abigail Solomon-Godeau, Sally Stein, John Tagg, Linda Williams, and Charles Wolfe This conference explored &hellip;","og_url":"https:\/\/uwm.edu\/c21\/visual-culture-film-photography-history\/","og_site_name":"Center for 21st Century Studies","article_modified_time":"2025-10-20T00:23:09+00:00","og_image":[{"width":607,"height":800,"url":"https:\/\/uwm.edu\/c21\/wp-content\/uploads\/sites\/359\/2020\/01\/Before-Hollywood-Screening-4.21.92-Flyer-web.jpg","type":"image\/jpeg"}],"twitter_card":"summary_large_image","twitter_misc":{"Est. reading time":"2 minutes"},"schema":{"@context":"https:\/\/schema.org","@graph":[{"@type":"WebPage","@id":"https:\/\/uwm.edu\/c21\/visual-culture-film-photography-history\/","url":"https:\/\/uwm.edu\/c21\/visual-culture-film-photography-history\/","name":"Visual Culture: Film\/Photography\/History - Center for 21st Century Studies","isPartOf":{"@id":"https:\/\/uwm.edu\/c21\/#website"},"primaryImageOfPage":{"@id":"https:\/\/uwm.edu\/c21\/visual-culture-film-photography-history\/#primaryimage"},"image":{"@id":"https:\/\/uwm.edu\/c21\/visual-culture-film-photography-history\/#primaryimage"},"thumbnailUrl":"https:\/\/uwm.edu\/c21\/wp-content\/uploads\/sites\/359\/2020\/01\/Before-Hollywood-Screening-4.21.92-Flyer-web-228x300.jpg","datePublished":"2017-12-07T16:02:35+00:00","dateModified":"2025-10-20T00:23:09+00:00","breadcrumb":{"@id":"https:\/\/uwm.edu\/c21\/visual-culture-film-photography-history\/#breadcrumb"},"inLanguage":"en-US","potentialAction":[{"@type":"ReadAction","target":["https:\/\/uwm.edu\/c21\/visual-culture-film-photography-history\/"]}]},{"@type":"ImageObject","inLanguage":"en-US","@id":"https:\/\/uwm.edu\/c21\/visual-culture-film-photography-history\/#primaryimage","url":"https:\/\/uwm.edu\/c21\/wp-content\/uploads\/sites\/359\/2020\/01\/Before-Hollywood-Screening-4.21.92-Flyer-web.jpg","contentUrl":"https:\/\/uwm.edu\/c21\/wp-content\/uploads\/sites\/359\/2020\/01\/Before-Hollywood-Screening-4.21.92-Flyer-web.jpg","width":607,"height":800,"caption":"Screenings that kicked off the Visual Culture Conference"},{"@type":"BreadcrumbList","@id":"https:\/\/uwm.edu\/c21\/visual-culture-film-photography-history\/#breadcrumb","itemListElement":[{"@type":"ListItem","position":1,"name":"Home","item":"https:\/\/uwm.edu\/c21\/"},{"@type":"ListItem","position":2,"name":"Visual Culture: Film\/Photography\/History"}]},{"@type":"WebSite","@id":"https:\/\/uwm.edu\/c21\/#website","url":"https:\/\/uwm.edu\/c21\/","name":"Center for 21st Century Studies","description":"College of Letters &amp; Science","publisher":{"@id":"https:\/\/uwm.edu\/c21\/#organization"},"potentialAction":[{"@type":"SearchAction","target":{"@type":"EntryPoint","urlTemplate":"https:\/\/uwm.edu\/c21\/?s={search_term_string}"},"query-input":{"@type":"PropertyValueSpecification","valueRequired":true,"valueName":"search_term_string"}}],"inLanguage":"en-US"},{"@type":"Organization","@id":"https:\/\/uwm.edu\/c21\/#organization","name":"Center for 21st Century Studies","url":"https:\/\/uwm.edu\/c21\/","logo":{"@type":"ImageObject","inLanguage":"en-US","@id":"https:\/\/uwm.edu\/c21\/#\/schema\/logo\/image\/","url":"https:\/\/uwm.edu\/c21\/wp-content\/uploads\/sites\/359\/2025\/08\/Logo-with-white-back-and-no-border-e1754601293707.jpg","contentUrl":"https:\/\/uwm.edu\/c21\/wp-content\/uploads\/sites\/359\/2025\/08\/Logo-with-white-back-and-no-border-e1754601293707.jpg","width":423,"height":600,"caption":"Center for 21st Century Studies"},"image":{"@id":"https:\/\/uwm.edu\/c21\/#\/schema\/logo\/image\/"}}]}},"acf":[],"_links":{"self":[{"href":"https:\/\/uwm.edu\/c21\/wp-json\/wp\/v2\/pages\/1693","targetHints":{"allow":["GET"]}}],"collection":[{"href":"https:\/\/uwm.edu\/c21\/wp-json\/wp\/v2\/pages"}],"about":[{"href":"https:\/\/uwm.edu\/c21\/wp-json\/wp\/v2\/types\/page"}],"author":[{"embeddable":true,"href":"https:\/\/uwm.edu\/c21\/wp-json\/wp\/v2\/users\/690"}],"replies":[{"embeddable":true,"href":"https:\/\/uwm.edu\/c21\/wp-json\/wp\/v2\/comments?post=1693"}],"version-history":[{"count":7,"href":"https:\/\/uwm.edu\/c21\/wp-json\/wp\/v2\/pages\/1693\/revisions"}],"predecessor-version":[{"id":6812,"href":"https:\/\/uwm.edu\/c21\/wp-json\/wp\/v2\/pages\/1693\/revisions\/6812"}],"wp:attachment":[{"href":"https:\/\/uwm.edu\/c21\/wp-json\/wp\/v2\/media?parent=1693"}],"curies":[{"name":"wp","href":"https:\/\/api.w.org\/{rel}","templated":true}]}}